{"id":8719,"date":"2022-11-08T11:20:12","date_gmt":"2022-11-08T11:20:12","guid":{"rendered":"https:\/\/janushotel.wptar.hu\/adatkezelesi-szabalyzat\/"},"modified":"2022-11-08T11:27:54","modified_gmt":"2022-11-08T11:27:54","slug":"adatkezelesi-szabalyzat","status":"publish","type":"page","link":"https:\/\/janushotel.hu\/en\/adatkezelesi-szabalyzat\/","title":{"rendered":"Adatkezel\u00e9si szab\u00e1lyzat"},"content":{"rendered":"\n<h1 style=\"text-align: justify;\"><span style=\"font-size: 12pt;\"><strong>Az adatok felhaszn\u00e1l\u00e1sa \u00e9s v\u00e9delme<\/strong><\/span><\/h1>\r\n<p style=\"text-align: justify;\"><span style=\"font-size: 12pt;\">A Balaton Mini Service Idegenforgalmi \u00e9s Vend\u00e9gl\u00e1t\u00f3 kft. mint a <strong>Janus Atrium Boutique Hotel &amp; SPA<\/strong> \u00fczemeltet\u0151je (a tov\u00e1bbiakban Janus Hotel), a <a href=\"http:\/\/www.janushotel.hu\/\">www.janushotel.hu<\/a> <a href=\"http:\/\/www.designhotel.hu\/\">www.designhotel.hu<\/a>&nbsp; <a href=\"http:\/\/www.hotelteszt.hu\/\">www.hotelteszt.hu<\/a> honlapok tulajdonosa a webhelyeken \u00fczemeltetett oldalak tekintet\u00e9ben fenntartja a szellemi alkot\u00e1shoz f\u0171z\u0151d\u0151 jogait.&nbsp;<\/span><\/p>\r\n<p style=\"text-align: justify;\"><span style=\"font-size: 12pt;\">\u00d6n jogosult a fenti oldalakat olvasni, arr\u00f3l nyomtat\u00e1ssal, adathordoz\u00f3ra t\u00f6rt\u00e9n\u0151 let\u00f6lt\u00e9ssel m\u00e1solatot k\u00e9sz\u00edteni, de csak kiz\u00e1r\u00f3lag szem\u00e9lyes felhaszn\u00e1l\u00e1si c\u00e9llal. Tilos a honlap b\u00e1rmely r\u00e9sz\u00e9t k\u00f6zvetlen- vagy k\u00f6zvetett haszonszerz\u00e9si c\u00e9llal felhaszn\u00e1lni. A honlap b\u00e1rmely r\u00e9sz\u00e9nek &#8211; ak\u00e1r eredeti, ak\u00e1r m\u00f3dos\u00edtott form\u00e1ban &#8211; t\u00f6rt\u00e9n\u0151 egy\u00e9b felhaszn\u00e1l\u00e1sa kiz\u00e1r\u00f3lag a tulajdonos el\u0151zetes \u00e9s \u00edr\u00e1sos j\u00f3v\u00e1hagy\u00e1s\u00e1val lehets\u00e9ges.<\/span><\/p>\r\n<p style=\"text-align: justify;\"><span style=\"font-size: 12pt;\">&nbsp;A honlap tulajdonosa fenntartja mag\u00e1nak a jogot, hogy b\u00e1rmikor, amikor sz\u00fcks\u00e9gesnek tartja, el\u0151zetes figyelmeztet\u00e9s vagy t\u00e1j\u00e9koztat\u00e1s n\u00e9lk\u00fcl, b\u00e1rmilyen v\u00e1ltoztat\u00e1st, jav\u00edt\u00e1st, m\u00f3dos\u00edt\u00e1st v\u00e9gezzen honlapj\u00e1n.<\/span><\/p>\r\n<p style=\"text-align: justify;\"><span style=\"font-size: 12pt;\">&nbsp;<strong>A <\/strong><strong>Janus Boutique Hotel &amp; SPA (Janus Hotel) adatkezel\u00e9si szab\u00e1lyzata<\/strong><\/span><\/p>\r\n<p style=\"text-align: justify;\"><span style=\"font-size: 12pt;\">&nbsp;Az adatkezel\u0151 neve: Balaton Mini Service Idegenforgalmi \u00e9s Vend\u00e9gl\u00e1t\u00f3 kft<\/span><\/p>\r\n<p style=\"text-align: justify;\"><span style=\"font-size: 12pt;\">Az adatkezel\u0151 c\u00edme: 8600 Si\u00f3fok, F\u0151 u. 93-95.<\/span><\/p>\r\n<p style=\"text-align: justify;\"><span style=\"font-size: 12pt;\">El\u00e9rhet\u0151s\u00e9g: janus@janushotel.hu<\/span><\/p>\r\n<p style=\"text-align: justify;\"><span style=\"font-size: 12pt;\">Adatkezel\u00e9si nyilv\u00e1ntart\u00e1si azonos\u00edt\u00f3ja: Nemzeti Adatv\u00e9delmi \u00e9s Inform\u00e1ci\u00f3szabads\u00e1g Hat\u00f3s\u00e1g \u00e1ltal feldolgoz\u00e1s alatt.<\/span><\/p>\r\n<p style=\"text-align: justify;\"><span style=\"font-size: 12pt;\">A szobafoglal\u00e1s\/ aj\u00e1nlatk\u00e9r\u00e9sn\u00e9l megadott egy\u00e9b (\u00f6sszes adat) adatok tekintet\u00e9ben a SabeeApp Hotel Management System foglal\u00e1si rendszer \u00fczemeltet\u0151je is adatkezel\u0151nek min\u0151s\u00fcl<\/span><\/p>\r\n<p style=\"text-align: justify;\"><span style=\"font-size: 12pt;\">thePass Kft ,&nbsp;Kiraly utca 30-32, A105&nbsp;<br>1061 Budapest &#8211; Hungary<br>VAT No: HU24327567 \/ 24327567-2-42&nbsp;<\/span><\/p>\r\n<p style=\"text-align: justify;\"><span style=\"font-size: 12pt;\"><br><\/span><span style=\"font-size: 12pt;\">Adatkezel\u00e9si nyilv\u00e1ntart\u00e1si azonos\u00edt\u00f3ja: Nemzeti Adatv\u00e9delmi \u00e9s Inform\u00e1ci\u00f3szabads\u00e1g Hat\u00f3s\u00e1g \u00e1ltal feldolgoz\u00e1s alatt.<\/span><\/p>\r\n<p style=\"text-align: justify;\"><span style=\"font-size: 12pt;\">&nbsp;<strong>Az adatkezel\u00e9s megnevez\u00e9se<\/strong><\/span><\/p>\r\n<p style=\"text-align: justify;\"><span style=\"font-size: 12pt;\">&nbsp;Adatkezel\u00e9s a felhaszn\u00e1l\u00f3k \u00f6nk\u00e9ntes, t\u00e1j\u00e9kozott, el\u0151zetes \u00e9s hat\u00e1rozott hozz\u00e1j\u00e1rul\u00e1sa alapj\u00e1n, a honlapon kereszt\u00fcl tov\u00e1bb\u00edtott felhaszn\u00e1l\u00f3i adatok eset\u00e9ben.<\/span><\/p>\r\n<p style=\"text-align: justify;\"><span style=\"font-size: 12pt;\">&nbsp;<strong>Az adatkezel\u00e9s jogalapja<\/strong><\/span><\/p>\r\n<p style=\"text-align: justify;\"><span style=\"font-size: 12pt;\">&nbsp;Az inform\u00e1ci\u00f3s \u00f6nrendelkez\u00e9si jogr\u00f3l \u00e9s az inform\u00e1ci\u00f3szabads\u00e1gr\u00f3l sz\u00f3l\u00f3 2011. \u00e9vi CXII. t\u00f6rv\u00e9ny 5.\u00a7-a alapj\u00e1n a felhaszn\u00e1l\u00f3k \u00f6nk\u00e9ntes, t\u00e1j\u00e9kozott, el\u0151zetes \u00e9s hat\u00e1rozott hozz\u00e1j\u00e1rul\u00e1sa.<\/span><\/p>\r\n<p style=\"text-align: justify;\"><span style=\"font-size: 12pt;\">&nbsp;<strong>A kezelt adatok k\u00f6re<\/strong><\/span><\/p>\r\n<p style=\"text-align: justify;\"><span style=\"font-size: 12pt;\">Az felhaszn\u00e1l\u00f3 \u00e1ltal az aj\u00e1nlatk\u00e9r\u00e9s, foglal\u00e1s \u00e9s kapcsolatfelv\u00e9tel sor\u00e1n k\u00f6telez\u0151en megadott adatok: n\u00e9v, e-mail c\u00edm valamint a szobafoglal\u00e1s\/ aj\u00e1nlatk\u00e9r\u00e9sn\u00e9l megadott egy\u00e9b adatok.<\/span><\/p>\r\n<p style=\"text-align: justify;\"><span style=\"font-size: 12pt;\">&nbsp;A honlap haszn\u00e1lata sor\u00e1n r\u00f6gz\u00edt\u00e9sre ker\u00fcl az felhaszn\u00e1l\u00f3 sz\u00e1m\u00edt\u00f3g\u00e9p\u00e9nek IP-c\u00edme, a l\u00e1togat\u00e1s kezd\u0151 es befejez\u0151 id\u0151pontja, illetve egyes esetekben &#8211; az felhaszn\u00e1l\u00f3 sz\u00e1m\u00edt\u00f3g\u00e9p\u00e9nek be\u00e1ll\u00edt\u00e1s\u00e1t\u00f3l f\u00fcgg\u0151en &#8211; a b\u00f6ng\u00e9sz\u0151 \u00e9s az oper\u00e1ci\u00f3s rendszer t\u00edpusa. Ezen adatokat a rendszer automatikusan napl\u00f3zza. A Janus Hotel a napl\u00f3f\u00e1jlban tal\u00e1lhat\u00f3 adatokat nem kapcsolja \u00f6ssze egy\u00e9b szem\u00e9lyes adatokkal, ezeket az adatokat kiz\u00e1r\u00f3lag statisztikai c\u00e9llal t\u00e1rolja \u00e9s dolgozza fel.<\/span><\/p>\r\n<p style=\"text-align: justify;\"><span style=\"font-size: 12pt;\">&nbsp;<strong>Az adatkezel\u00e9s c\u00e9lja<\/strong><\/span><\/p>\r\n<p style=\"text-align: justify;\"><span style=\"font-size: 12pt;\">&nbsp;A felhaszn\u00e1l\u00f3 a &#8220;Szobafoglal\u00e1s \/ Aj\u00e1nlatk\u00e9r\u00e9s &#8221; vagy a &#8220;Kapcsolat&#8221; internetes \u0171rlapok kit\u00f6lt\u00e9se \u00e9s elk\u00fcld\u00e9se eset\u00e9n az adatok kezel\u00e9s\u00e9nek c\u00e9lja a felhaszn\u00e1l\u00f3 azonos\u00edt\u00e1sa, valamint e-mailben vagy telefonon t\u00f6rt\u00e9n\u0151 t\u00e1j\u00e9koztat\u00e1sa az adott megkeres\u00e9s kapcs\u00e1n. A felhaszn\u00e1l\u00f3 ezen adatkezel\u00e9shez val\u00f3 hozz\u00e1j\u00e1rul\u00e1s\u00e1t az eml\u00edtett \u0171rlap(ok) kit\u00f6lt\u00e9s\u00e9vel \u00e9s elk\u00fcld\u00e9s\u00e9vel adja meg.<\/span><\/p>\r\n<p style=\"text-align: justify;\"><span style=\"font-size: 12pt;\">&nbsp;A honlapra t\u00f6rt\u00e9n\u0151 bel\u00e9p\u00e9ssel a felhaszn\u00e1l\u00f3 sz\u00e1m\u00edt\u00f3g\u00e9p\u00e9nek egyes param\u00e9tereir\u0151l, illetve annak IP c\u00edm\u00e9r\u0151l napl\u00f3f\u00e1jl k\u00e9sz\u00fcl. A honlap illetve annak egyes alkalmaz\u00e1sai kis sz\u00f6veges inform\u00e1ci\u00f3s f\u00e1jlokat, \u00fan. &#8220;cookie&#8221;-kat haszn\u00e1lnak, amelyek az \u00fcgyfelek azonos\u00edt\u00e1s\u00e1nak \u00e9s tov\u00e1bbi l\u00e1togat\u00e1s\u00e1nak megk\u00f6nny\u00edt\u00e9se \u00e9rdek\u00e9ben a l\u00e1togat\u00f3k merevlemez\u00e9n t\u00e1rol\u00f3dnak. A honlap felhaszn\u00e1l\u00f3ja meghat\u00e1rozhatja, hogy k\u00edv\u00e1nja-e fogadni a cookie-kat vagy sem, illetve kapjon-e \u00e9rtes\u00edt\u00e9st arr\u00f3l, ha a megtekintett oldal cookie-t k\u00fcld sz\u00e1m\u00e1ra. Amennyiben \u00d6n sz\u00e1m\u00edt\u00f3g\u00e9p\u00e9nek b\u00f6ng\u00e9sz\u0151j\u00e9ben enged\u00e9lyezi a cookie-k haszn\u00e1lat\u00e1t, \u00fagy hozz\u00e1j\u00e1rul ahhoz, hogy az \u00edgy k\u00f6zvet\u00edtett inform\u00e1ci\u00f3t jelen honlap \u00fczemeltet\u0151je a m\u0171k\u00f6dtet\u00e9s c\u00e9lj\u00e1b\u00f3l felhaszn\u00e1lja. Fontos, hogy amennyiben \u00d6n nem enged\u00e9lyezi a cookie-k fogad\u00e1s\u00e1t, abban az esetben a weboldal egyes szolg\u00e1ltat\u00e1sai nem vagy korl\u00e1tozottan lesznek ig\u00e9nybe vehet\u0151ek.<\/span><\/p>\r\n<p style=\"text-align: justify;\"><span style=\"font-size: 12pt;\">&nbsp;Jelen weboldal a Google, Inc. (&#8220;Google&#8221;) \u00e1ltal ny\u00fajtott Google Analitika webanalitikai szolg\u00e1ltat\u00e1st haszn\u00e1lja. A Google adatv\u00e9delmi ir\u00e1nyelveit a www.google.hu\/intl\/hu\/privacy\/privacy-policy.html webc\u00edmen tekintheti meg.<\/span><\/p>\r\n<p style=\"text-align: justify;\"><span style=\"font-size: 12pt;\">&nbsp;<strong>Az adatkezel\u00e9s id\u0151tartama<\/strong><\/span><\/p>\r\n<p style=\"text-align: justify;\"><span style=\"font-size: 12pt;\">&nbsp;A felhaszn\u00e1l\u00f3 \u00e1ltal a &#8220;Szobafoglal\u00e1s \/ Aj\u00e1nlatk\u00e9r\u00e9s &#8221; vagy a &#8220;Kapcsolat&#8221; \u0171rlapok kit\u00f6lt\u00e9s\u00e9vel&nbsp; k\u00f6telez\u0151en vagy \u00f6nk\u00e9ntesen megadott adatokat a Janus Hotel addig jogosult kezelni, am\u00edg a felhaszn\u00e1l\u00f3 le nem iratkozik , illetve az adatok t\u00f6rl\u00e9s\u00e9t nem k\u00e9ri.<\/span><\/p>\r\n<p style=\"text-align: justify;\"><span style=\"font-size: 12pt;\">&nbsp;<strong>Az adatok t\u00f6rl\u00e9se<\/strong><\/span><\/p>\r\n<p style=\"text-align: justify;\"><span style=\"font-size: 12pt;\">&nbsp;A felhaszn\u00e1l\u00f3 saj\u00e1t adataira vonatkoz\u00f3 t\u00f6rl\u00e9si ig\u00e9ny\u00e9t e-mailben az <a href=\"mailto:janus@janushotel.hu\">janus@janushotel.hu<\/a>&nbsp; c\u00edmre kell eljuttatni. A Janus Hotel a t\u00f6rl\u00e9si ig\u00e9ny be\u00e9rkez\u00e9s\u00e9t\u0151l sz\u00e1m\u00edtott 5 munkanapon bel\u00fcl t\u00f6rli az adatokat.<\/span><\/p>\r\n<p style=\"text-align: justify;\"><span style=\"font-size: 12pt;\">&nbsp;Adatfeldolgoz\u00f3 megnevez\u00e9se: Balaton Mini Service Idegenforgalmi \u00e9s Vend\u00e9gl\u00e1t\u00f3 kft<\/span><\/p>\r\n<p style=\"text-align: justify;\"><span style=\"font-size: 12pt;\">Adatfeldolgoz\u00f3 c\u00edme: 8600 Si\u00f3fok, F\u0151 u. 93-95.<\/span><\/p>\r\n<p style=\"text-align: justify;\"><span style=\"font-size: 12pt;\">Adatfeldolgoz\u00e1s megnevez\u00e9se: Az adatkezel\u00e9si m\u0171veletekhez kapcsol\u00f3d\u00f3 technikai feladatok elv\u00e9gz\u00e9se.<\/span><\/p>\r\n<p style=\"text-align: justify;\"><span style=\"font-size: 12pt;\">&nbsp;<strong>Adatbiztons\u00e1gi int\u00e9zked\u00e9sek<\/strong><\/span><\/p>\r\n<p style=\"text-align: justify;\"><span style=\"font-size: 12pt;\">&nbsp;A szem\u00e9lyes adatokat Balaton Mini Service Idegenforgalmi \u00e9s Vend\u00e9gl\u00e1t\u00f3 kft megfelel\u0151 szoftveres- \u00e9s hardveres eszk\u00f6z\u00f6kkel v\u00e9di. A honlapon t\u00f6rt\u00e9n\u0151 regisztr\u00e1ci\u00f3 sor\u00e1n a felhaszn\u00e1l\u00f3 \u00e1ltal megadott valamennyi adatot biztons\u00e1gos, elz\u00e1rt szerveren t\u00e1rolj\u00e1k. A megadott adatokat az adatkezel\u00e9s, adatfeldolgoz\u00e1s sor\u00e1n kiz\u00e1r\u00f3lag egyedi, korl\u00e1tozott hozz\u00e1f\u00e9r\u00e9ssel rendelkez\u0151, a Balaton Mini Service Idegenforgalmi \u00e9s Vend\u00e9gl\u00e1t\u00f3 kft valamint az adatfeldolgoz\u00f3 alkalmaz\u00e1s\u00e1ban \u00e1ll\u00f3 alkalmazottak ismerhetik meg. Az \u00e9rintett alkalmazottak munk\u00e1jukat szigor\u00fa titoktart\u00e1si k\u00f6telezetts\u00e9g terhe mellett v\u00e9gzik.<\/span><\/p>\r\n<p style=\"text-align: justify;\"><span style=\"font-size: 12pt;\">&nbsp;A weboldalakat t\u00e1rol\u00f3 szerverek \u00fczemeltet\u0151je (technikai \u00e9s forgalmi adatok t\u00e1rol\u00e1sa)<\/span><\/p>\r\n<p style=\"text-align: justify;\"><span style=\"font-size: 12pt;\">Port Kft&nbsp;&nbsp;&nbsp;&nbsp; 9200, Mosonmagyar\u00f3v\u00e1r, Szent Istv\u00e1n kir\u00e1ly \u00fat 60.<\/span><\/p>\r\n<p style=\"text-align: justify;\"><span style=\"font-size: 12pt;\">\u00dcgyf\u00e9lszolg\u00e1lat: <a href=\"mailto:info@webtar.hu?subject=Lev%E9l%20a%20webtar.hu%20honlapr%F3l\">info@webtar.hu<\/a><\/span><\/p>\r\n<p style=\"text-align: justify;\"><span style=\"font-size: 12pt;\">&nbsp;<strong>Adattov\u00e1bb\u00edt\u00e1s<\/strong><\/span><\/p>\r\n<p style=\"text-align: justify;\"><span style=\"font-size: 12pt;\">&nbsp;Szem\u00e9lyes adatokat harmadik szem\u00e9lyeknek csak a felhaszn\u00e1l\u00f3 el\u0151zetes \u00e9s t\u00e1j\u00e9kozott hozz\u00e1j\u00e1rul\u00e1sa eset\u00e9n ad \u00e1t. Ez nem vonatkozik az esetleges, t\u00f6rv\u00e9ny alapj\u00e1n k\u00f6telez\u0151 adattov\u00e1bb\u00edt\u00e1sokra.<\/span><\/p>\r\n<p style=\"text-align: justify;\"><span style=\"font-size: 12pt;\">&nbsp;<strong>Az adatkezel\u00e9si szab\u00e1lyzat m\u00f3dos\u00edt\u00e1s\u00e1nak lehet\u0151s\u00e9ge<\/strong><\/span><\/p>\r\n<p style=\"text-align: justify;\"><span style=\"font-size: 12pt;\">&nbsp;A Janus Boutique Hotel &amp; SPA fenntartja a jogot, hogy jelen adatkezel\u00e9si szab\u00e1lyzatot a felhaszn\u00e1l\u00f3k el\u0151zetes \u00e9rtes\u00edt\u00e9se mellett egyoldal\u00faan m\u00f3dos\u00edtsa. \u00d6n a szolg\u00e1ltat\u00e1snak a m\u00f3dos\u00edt\u00e1s hat\u00e1lybal\u00e9p\u00e9s\u00e9t k\u00f6vet\u0151 haszn\u00e1lat\u00e1val elfogadja a m\u00f3dos\u00edtott adatkezel\u00e9si szab\u00e1lyzatot.<\/span><\/p>\r\n<p style=\"text-align: justify;\"><span style=\"font-size: 12pt;\">&nbsp;<strong>A felhaszn\u00e1l\u00f3k jogai adataik kezel\u00e9s\u00e9vel kapcsolatban<\/strong><\/span><\/p>\r\n<p style=\"text-align: justify;\"><span style=\"font-size: 12pt;\">&nbsp;Adatai (szem\u00e9lyes \u00e9s k\u00fcl\u00f6nleges adatok) kezel\u00e9s\u00e9r\u0151l az \u00fcgyfelek t\u00e1j\u00e9koztat\u00e1st k\u00e9rhetnek. Az adatkezel\u0151 k\u00e9r\u00e9sre t\u00e1j\u00e9koztat\u00e1st ad az \u00e9rintettnek az \u00e1ltala kezelt adatair\u00f3l, az adatkezel\u00e9s c\u00e9lj\u00e1r\u00f3l, jogalapj\u00e1r\u00f3l, id\u0151tartam\u00e1r\u00f3l, az adatfeldolgoz\u00f3 nev\u00e9r\u0151l, c\u00edm\u00e9r\u0151l (sz\u00e9khely\u00e9r\u0151l) \u00e9s az adatkezel\u00e9ssel \u00f6sszef\u00fcgg\u0151 tev\u00e9kenys\u00e9g\u00e9r\u0151l, tov\u00e1bb\u00e1 arr\u00f3l, hogy kik \u00e9s milyen c\u00e9lb\u00f3l kapj\u00e1k vagy kapt\u00e1k meg az adatokat. A t\u00e1j\u00e9koztat\u00e1s ir\u00e1nti k\u00e9relmet e-mailben az janus@janushotel.hu c\u00edmre kell eljuttatni, amire 8 munkanapon bel\u00fcl v\u00e1laszt kap az \u00e9rintett. Az \u00fcgyfelek k\u00e9rhetik adataik t\u00f6rl\u00e9s\u00e9t, az adatkezel\u00e9s id\u0151tartama pont alatt meghat\u00e1rozottak szerint.<\/span><\/p>\r\n<p style=\"text-align: justify;\"><span style=\"font-size: 12pt;\">&nbsp;<strong>Jog\u00e9rv\u00e9nyes\u00edt\u00e9si lehet\u0151s\u00e9gek<\/strong><\/span><\/p>\r\n<p style=\"text-align: justify;\"><span style=\"font-size: 12pt;\">&nbsp;A felhaszn\u00e1l\u00f3 jog\u00e9rv\u00e9nyes\u00edt\u00e9si lehet\u0151s\u00e9geit az inform\u00e1ci\u00f3s \u00f6nrendelkez\u00e9si jogr\u00f3l \u00e9s az inform\u00e1ci\u00f3szabads\u00e1gr\u00f3l sz\u00f3l\u00f3 2011. \u00e9vi CXII. t\u00f6rv\u00e9ny valamint a Ptk. alapj\u00e1n b\u00edr\u00f3s\u00e1g el\u0151tt gyakorolhatja, valamint k\u00e9rheti a Nemzeti Adatv\u00e9delmi es Inform\u00e1ci\u00f3szabads\u00e1g Hat\u00f3s\u00e1g eln\u00f6ke seg\u00edts\u00e9g\u00e9t is (dr. P\u00e9terfalvi Attila a Nemzeti Adatv\u00e9delmi es Inform\u00e1ci\u00f3szabads\u00e1g Hat\u00f3s\u00e1g eln\u00f6ke, 1125 Budapest, Szil\u00e1gyi Erzs\u00e9bet fasor 22\/c. Postac\u00edm: 1534 Budapest, Pf.: 834.)<\/span><\/p>\r\n","protected":false},"excerpt":{"rendered":"<p>Az adatok felhaszn\u00e1l\u00e1sa \u00e9s v\u00e9delme A Balaton Mini Service Idegenforgalmi \u00e9s Vend\u00e9gl\u00e1t\u00f3 kft. mint a Janus Atrium Boutique Hotel &amp; SPA \u00fczemeltet\u0151je (a tov\u00e1bbiakban Janus Hotel), a www.janushotel.hu www.designhotel.hu&nbsp; www.hotelteszt.hu honlapok tulajdonosa a webhelyeken \u00fczemeltetett oldalak tekintet\u00e9ben fenntartja a szellemi alkot\u00e1shoz f\u0171z\u0151d\u0151 jogait.&nbsp; \u00d6n jogosult a fenti oldalakat olvasni, arr\u00f3l nyomtat\u00e1ssal, adathordoz\u00f3ra t\u00f6rt\u00e9n\u0151 let\u00f6lt\u00e9ssel m\u00e1solatot [&hellip;]<\/p>\n","protected":false},"author":3,"featured_media":0,"parent":0,"menu_order":0,"comment_status":"closed","ping_status":"closed","template":"templates\/template-full.php","meta":[],"acf":[],"yoast_head":"<!-- This site is optimized with the Yoast SEO plugin v21.6 - https:\/\/yoast.com\/wordpress\/plugins\/seo\/ -->\n<title>Adatkezel\u00e9si szab\u00e1lyzat - Janus Hotel<\/title>\n<meta name=\"robots\" content=\"index, follow, max-snippet:-1, max-image-preview:large, max-video-preview:-1\" \/>\n<link rel=\"canonical\" href=\"https:\/\/janushotel.hu\/en\/adatkezelesi-szabalyzat\/\" \/>\n<meta property=\"og:locale\" content=\"en_US\" \/>\n<meta property=\"og:type\" content=\"article\" \/>\n<meta property=\"og:title\" content=\"Adatkezel\u00e9si szab\u00e1lyzat - Janus Hotel\" \/>\n<meta property=\"og:description\" content=\"Az adatok felhaszn\u00e1l\u00e1sa \u00e9s v\u00e9delme A Balaton Mini Service Idegenforgalmi \u00e9s Vend\u00e9gl\u00e1t\u00f3 kft. mint a Janus Atrium Boutique Hotel &amp; SPA \u00fczemeltet\u0151je (a tov\u00e1bbiakban Janus Hotel), a www.janushotel.hu www.designhotel.hu&nbsp; www.hotelteszt.hu honlapok tulajdonosa a webhelyeken \u00fczemeltetett oldalak tekintet\u00e9ben fenntartja a szellemi alkot\u00e1shoz f\u0171z\u0151d\u0151 jogait.&nbsp; \u00d6n jogosult a fenti oldalakat olvasni, arr\u00f3l nyomtat\u00e1ssal, adathordoz\u00f3ra t\u00f6rt\u00e9n\u0151 let\u00f6lt\u00e9ssel m\u00e1solatot [&hellip;]\" \/>\n<meta property=\"og:url\" content=\"https:\/\/janushotel.hu\/en\/adatkezelesi-szabalyzat\/\" \/>\n<meta property=\"og:site_name\" content=\"Janus Hotel\" \/>\n<meta property=\"article:modified_time\" content=\"2022-11-08T11:27:54+00:00\" \/>\n<meta name=\"twitter:card\" content=\"summary_large_image\" \/>\n<meta name=\"twitter:label1\" content=\"Est. reading time\" \/>\n\t<meta name=\"twitter:data1\" content=\"8 minutes\" \/>\n<script type=\"application\/ld+json\" class=\"yoast-schema-graph\">{\"@context\":\"https:\/\/schema.org\",\"@graph\":[{\"@type\":\"WebPage\",\"@id\":\"https:\/\/janushotel.hu\/en\/adatkezelesi-szabalyzat\/\",\"url\":\"https:\/\/janushotel.hu\/en\/adatkezelesi-szabalyzat\/\",\"name\":\"Adatkezel\u00e9si szab\u00e1lyzat - Janus Hotel\",\"isPartOf\":{\"@id\":\"https:\/\/janushotel.hu\/#website\"},\"datePublished\":\"2022-11-08T11:20:12+00:00\",\"dateModified\":\"2022-11-08T11:27:54+00:00\",\"breadcrumb\":{\"@id\":\"https:\/\/janushotel.hu\/en\/adatkezelesi-szabalyzat\/#breadcrumb\"},\"inLanguage\":\"en-US\",\"potentialAction\":[{\"@type\":\"ReadAction\",\"target\":[\"https:\/\/janushotel.hu\/en\/adatkezelesi-szabalyzat\/\"]}]},{\"@type\":\"BreadcrumbList\",\"@id\":\"https:\/\/janushotel.hu\/en\/adatkezelesi-szabalyzat\/#breadcrumb\",\"itemListElement\":[{\"@type\":\"ListItem\",\"position\":1,\"name\":\"Kezd\u0151lap\",\"item\":\"https:\/\/janushotel.hu\/en\/\"},{\"@type\":\"ListItem\",\"position\":2,\"name\":\"Adatkezel\u00e9si szab\u00e1lyzat\"}]},{\"@type\":\"WebSite\",\"@id\":\"https:\/\/janushotel.hu\/#website\",\"url\":\"https:\/\/janushotel.hu\/\",\"name\":\"Janus Hotel\",\"description\":\"\",\"potentialAction\":[{\"@type\":\"SearchAction\",\"target\":{\"@type\":\"EntryPoint\",\"urlTemplate\":\"https:\/\/janushotel.hu\/?s={search_term_string}\"},\"query-input\":\"required name=search_term_string\"}],\"inLanguage\":\"en-US\"}]}<\/script>\n<!-- \/ Yoast SEO plugin. -->","yoast_head_json":{"title":"Adatkezel\u00e9si szab\u00e1lyzat - Janus Hotel","robots":{"index":"index","follow":"follow","max-snippet":"max-snippet:-1","max-image-preview":"max-image-preview:large","max-video-preview":"max-video-preview:-1"},"canonical":"https:\/\/janushotel.hu\/en\/adatkezelesi-szabalyzat\/","og_locale":"en_US","og_type":"article","og_title":"Adatkezel\u00e9si szab\u00e1lyzat - Janus Hotel","og_description":"Az adatok felhaszn\u00e1l\u00e1sa \u00e9s v\u00e9delme A Balaton Mini Service Idegenforgalmi \u00e9s Vend\u00e9gl\u00e1t\u00f3 kft. mint a Janus Atrium Boutique Hotel &amp; SPA \u00fczemeltet\u0151je (a tov\u00e1bbiakban Janus Hotel), a www.janushotel.hu www.designhotel.hu&nbsp; www.hotelteszt.hu honlapok tulajdonosa a webhelyeken \u00fczemeltetett oldalak tekintet\u00e9ben fenntartja a szellemi alkot\u00e1shoz f\u0171z\u0151d\u0151 jogait.&nbsp; \u00d6n jogosult a fenti oldalakat olvasni, arr\u00f3l nyomtat\u00e1ssal, adathordoz\u00f3ra t\u00f6rt\u00e9n\u0151 let\u00f6lt\u00e9ssel m\u00e1solatot [&hellip;]","og_url":"https:\/\/janushotel.hu\/en\/adatkezelesi-szabalyzat\/","og_site_name":"Janus Hotel","article_modified_time":"2022-11-08T11:27:54+00:00","twitter_card":"summary_large_image","twitter_misc":{"Est. reading time":"8 minutes"},"schema":{"@context":"https:\/\/schema.org","@graph":[{"@type":"WebPage","@id":"https:\/\/janushotel.hu\/en\/adatkezelesi-szabalyzat\/","url":"https:\/\/janushotel.hu\/en\/adatkezelesi-szabalyzat\/","name":"Adatkezel\u00e9si szab\u00e1lyzat - Janus Hotel","isPartOf":{"@id":"https:\/\/janushotel.hu\/#website"},"datePublished":"2022-11-08T11:20:12+00:00","dateModified":"2022-11-08T11:27:54+00:00","breadcrumb":{"@id":"https:\/\/janushotel.hu\/en\/adatkezelesi-szabalyzat\/#breadcrumb"},"inLanguage":"en-US","potentialAction":[{"@type":"ReadAction","target":["https:\/\/janushotel.hu\/en\/adatkezelesi-szabalyzat\/"]}]},{"@type":"BreadcrumbList","@id":"https:\/\/janushotel.hu\/en\/adatkezelesi-szabalyzat\/#breadcrumb","itemListElement":[{"@type":"ListItem","position":1,"name":"Kezd\u0151lap","item":"https:\/\/janushotel.hu\/en\/"},{"@type":"ListItem","position":2,"name":"Adatkezel\u00e9si szab\u00e1lyzat"}]},{"@type":"WebSite","@id":"https:\/\/janushotel.hu\/#website","url":"https:\/\/janushotel.hu\/","name":"Janus Hotel","description":"","potentialAction":[{"@type":"SearchAction","target":{"@type":"EntryPoint","urlTemplate":"https:\/\/janushotel.hu\/?s={search_term_string}"},"query-input":"required name=search_term_string"}],"inLanguage":"en-US"}]}},"_links":{"self":[{"href":"https:\/\/janushotel.hu\/en\/wp-json\/wp\/v2\/pages\/8719"}],"collection":[{"href":"https:\/\/janushotel.hu\/en\/wp-json\/wp\/v2\/pages"}],"about":[{"href":"https:\/\/janushotel.hu\/en\/wp-json\/wp\/v2\/types\/page"}],"author":[{"embeddable":true,"href":"https:\/\/janushotel.hu\/en\/wp-json\/wp\/v2\/users\/3"}],"replies":[{"embeddable":true,"href":"https:\/\/janushotel.hu\/en\/wp-json\/wp\/v2\/comments?post=8719"}],"version-history":[{"count":1,"href":"https:\/\/janushotel.hu\/en\/wp-json\/wp\/v2\/pages\/8719\/revisions"}],"predecessor-version":[{"id":8720,"href":"https:\/\/janushotel.hu\/en\/wp-json\/wp\/v2\/pages\/8719\/revisions\/8720"}],"wp:attachment":[{"href":"https:\/\/janushotel.hu\/en\/wp-json\/wp\/v2\/media?parent=8719"}],"curies":[{"name":"wp","href":"https:\/\/api.w.org\/{rel}","templated":true}]}}