{"id":8666,"date":"2022-11-08T10:50:38","date_gmt":"2022-11-08T10:50:38","guid":{"rendered":"https:\/\/janushotel.wptar.hu\/asvanymuzeum\/"},"modified":"2022-11-08T10:51:30","modified_gmt":"2022-11-08T10:51:30","slug":"asvanymuzeum","status":"publish","type":"page","link":"https:\/\/janushotel.hu\/en\/siofok\/asvanymuzeum\/","title":{"rendered":"\u00c1sv\u00e1nym\u00fazeum"},"content":{"rendered":"<p><a href=\"tel:+36205325257\">+36 20 532 52 57<\/a><br \/>\n8600, Si\u00f3fok, K\u00e1lm\u00e1n Imre s\u00e9t\u00e1ny 10.<br \/>\n<a href=\"http:\/\/asvanymuzeum.hu\/\">http:\/\/asvanymuzeum.hu\/<\/a><br \/>\n<a href=\"mailto:asvanymuzeum@gmail.com\">asvanymuzeum@gmail.com<\/a><\/p>\n<p>Magyarorsz\u00e1g legnagyobb \u00e9s legszebb mag\u00e1ngy\u0171jtem\u00e9nye 1986 j\u00faniusa \u00f3ta l\u00e1togathat\u00f3 Si\u00f3fok v\u00e1ros centrum\u00e1ban, a K\u00e1lm\u00e1n s\u00e9t\u00e1ny 10. alatt.<\/p>\n<p><img decoding=\"async\" loading=\"lazy\" class=\"aligncenter wp-image-8643 size-full\" src=\"https:\/\/janushotel.hu\/wp-content\/uploads\/2022\/11\/janushotel_asvany_muzeum.jpg\" alt=\"\" width=\"1024\" height=\"683\" srcset=\"https:\/\/janushotel.hu\/wp-content\/uploads\/2022\/11\/janushotel_asvany_muzeum.jpg 1024w, https:\/\/janushotel.hu\/wp-content\/uploads\/2022\/11\/janushotel_asvany_muzeum-300x200.jpg 300w, https:\/\/janushotel.hu\/wp-content\/uploads\/2022\/11\/janushotel_asvany_muzeum-768x512.jpg 768w, https:\/\/janushotel.hu\/wp-content\/uploads\/2022\/11\/janushotel_asvany_muzeum-272x182.jpg 272w, https:\/\/janushotel.hu\/wp-content\/uploads\/2022\/11\/janushotel_asvany_muzeum-720x480.jpg 720w\" sizes=\"(max-width: 1024px) 100vw, 1024px\" \/><\/p>\n","protected":false},"excerpt":{"rendered":"<p>+36 20 532 52 57 8600, Si\u00f3fok, K\u00e1lm\u00e1n Imre s\u00e9t\u00e1ny 10. http:\/\/asvanymuzeum.hu\/ asvanymuzeum@gmail.com Magyarorsz\u00e1g legnagyobb \u00e9s legszebb mag\u00e1ngy\u0171jtem\u00e9nye 1986 j\u00faniusa \u00f3ta l\u00e1togathat\u00f3 Si\u00f3fok v\u00e1ros centrum\u00e1ban, a K\u00e1lm\u00e1n s\u00e9t\u00e1ny 10. alatt.<\/p>\n","protected":false},"author":3,"featured_media":0,"parent":8476,"menu_order":0,"comment_status":"closed","ping_status":"closed","template":"templates\/template-full.php","meta":[],"acf":[],"yoast_head":"<!-- This site is optimized with the Yoast SEO plugin v21.6 - https:\/\/yoast.com\/wordpress\/plugins\/seo\/ -->\n<title>\u00c1sv\u00e1nym\u00fazeum - Janus Hotel<\/title>\n<meta name=\"robots\" content=\"index, follow, max-snippet:-1, max-image-preview:large, max-video-preview:-1\" \/>\n<link rel=\"canonical\" href=\"https:\/\/janushotel.hu\/en\/siofok\/asvanymuzeum\/\" \/>\n<meta property=\"og:locale\" content=\"en_US\" \/>\n<meta property=\"og:type\" content=\"article\" \/>\n<meta property=\"og:title\" content=\"\u00c1sv\u00e1nym\u00fazeum - Janus Hotel\" \/>\n<meta property=\"og:description\" content=\"+36 20 532 52 57 8600, Si\u00f3fok, K\u00e1lm\u00e1n Imre s\u00e9t\u00e1ny 10. http:\/\/asvanymuzeum.hu\/ asvanymuzeum@gmail.com Magyarorsz\u00e1g legnagyobb \u00e9s legszebb mag\u00e1ngy\u0171jtem\u00e9nye 1986 j\u00faniusa \u00f3ta l\u00e1togathat\u00f3 Si\u00f3fok v\u00e1ros centrum\u00e1ban, a K\u00e1lm\u00e1n s\u00e9t\u00e1ny 10. alatt.\" \/>\n<meta property=\"og:url\" content=\"https:\/\/janushotel.hu\/en\/siofok\/asvanymuzeum\/\" \/>\n<meta property=\"og:site_name\" content=\"Janus Hotel\" \/>\n<meta property=\"article:modified_time\" content=\"2022-11-08T10:51:30+00:00\" \/>\n<meta property=\"og:image\" content=\"https:\/\/janushotel.hu\/wp-content\/uploads\/2022\/11\/janushotel_asvany_muzeum.jpg\" \/>\n<meta name=\"twitter:card\" content=\"summary_large_image\" \/>\n<meta name=\"twitter:label1\" content=\"Est. reading time\" \/>\n\t<meta name=\"twitter:data1\" content=\"1 minute\" \/>\n<script type=\"application\/ld+json\" class=\"yoast-schema-graph\">{\"@context\":\"https:\/\/schema.org\",\"@graph\":[{\"@type\":\"WebPage\",\"@id\":\"https:\/\/janushotel.hu\/en\/siofok\/asvanymuzeum\/\",\"url\":\"https:\/\/janushotel.hu\/en\/siofok\/asvanymuzeum\/\",\"name\":\"\u00c1sv\u00e1nym\u00fazeum - Janus Hotel\",\"isPartOf\":{\"@id\":\"https:\/\/janushotel.hu\/#website\"},\"datePublished\":\"2022-11-08T10:50:38+00:00\",\"dateModified\":\"2022-11-08T10:51:30+00:00\",\"breadcrumb\":{\"@id\":\"https:\/\/janushotel.hu\/en\/siofok\/asvanymuzeum\/#breadcrumb\"},\"inLanguage\":\"en-US\",\"potentialAction\":[{\"@type\":\"ReadAction\",\"target\":[\"https:\/\/janushotel.hu\/en\/siofok\/asvanymuzeum\/\"]}]},{\"@type\":\"BreadcrumbList\",\"@id\":\"https:\/\/janushotel.hu\/en\/siofok\/asvanymuzeum\/#breadcrumb\",\"itemListElement\":[{\"@type\":\"ListItem\",\"position\":1,\"name\":\"Kezd\u0151lap\",\"item\":\"https:\/\/janushotel.hu\/en\/\"},{\"@type\":\"ListItem\",\"position\":2,\"name\":\"Events near us\",\"item\":\"https:\/\/janushotel.hu\/en\/siofok\/\"},{\"@type\":\"ListItem\",\"position\":3,\"name\":\"\u00c1sv\u00e1nym\u00fazeum\"}]},{\"@type\":\"WebSite\",\"@id\":\"https:\/\/janushotel.hu\/#website\",\"url\":\"https:\/\/janushotel.hu\/\",\"name\":\"Janus Hotel\",\"description\":\"\",\"potentialAction\":[{\"@type\":\"SearchAction\",\"target\":{\"@type\":\"EntryPoint\",\"urlTemplate\":\"https:\/\/janushotel.hu\/?s={search_term_string}\"},\"query-input\":\"required name=search_term_string\"}],\"inLanguage\":\"en-US\"}]}<\/script>\n<!-- \/ Yoast SEO plugin. -->","yoast_head_json":{"title":"\u00c1sv\u00e1nym\u00fazeum - Janus Hotel","robots":{"index":"index","follow":"follow","max-snippet":"max-snippet:-1","max-image-preview":"max-image-preview:large","max-video-preview":"max-video-preview:-1"},"canonical":"https:\/\/janushotel.hu\/en\/siofok\/asvanymuzeum\/","og_locale":"en_US","og_type":"article","og_title":"\u00c1sv\u00e1nym\u00fazeum - Janus Hotel","og_description":"+36 20 532 52 57 8600, Si\u00f3fok, K\u00e1lm\u00e1n Imre s\u00e9t\u00e1ny 10. http:\/\/asvanymuzeum.hu\/ asvanymuzeum@gmail.com Magyarorsz\u00e1g legnagyobb \u00e9s legszebb mag\u00e1ngy\u0171jtem\u00e9nye 1986 j\u00faniusa \u00f3ta l\u00e1togathat\u00f3 Si\u00f3fok v\u00e1ros centrum\u00e1ban, a K\u00e1lm\u00e1n s\u00e9t\u00e1ny 10. alatt.","og_url":"https:\/\/janushotel.hu\/en\/siofok\/asvanymuzeum\/","og_site_name":"Janus Hotel","article_modified_time":"2022-11-08T10:51:30+00:00","og_image":[{"url":"https:\/\/janushotel.hu\/wp-content\/uploads\/2022\/11\/janushotel_asvany_muzeum.jpg"}],"twitter_card":"summary_large_image","twitter_misc":{"Est. reading time":"1 minute"},"schema":{"@context":"https:\/\/schema.org","@graph":[{"@type":"WebPage","@id":"https:\/\/janushotel.hu\/en\/siofok\/asvanymuzeum\/","url":"https:\/\/janushotel.hu\/en\/siofok\/asvanymuzeum\/","name":"\u00c1sv\u00e1nym\u00fazeum - Janus Hotel","isPartOf":{"@id":"https:\/\/janushotel.hu\/#website"},"datePublished":"2022-11-08T10:50:38+00:00","dateModified":"2022-11-08T10:51:30+00:00","breadcrumb":{"@id":"https:\/\/janushotel.hu\/en\/siofok\/asvanymuzeum\/#breadcrumb"},"inLanguage":"en-US","potentialAction":[{"@type":"ReadAction","target":["https:\/\/janushotel.hu\/en\/siofok\/asvanymuzeum\/"]}]},{"@type":"BreadcrumbList","@id":"https:\/\/janushotel.hu\/en\/siofok\/asvanymuzeum\/#breadcrumb","itemListElement":[{"@type":"ListItem","position":1,"name":"Kezd\u0151lap","item":"https:\/\/janushotel.hu\/en\/"},{"@type":"ListItem","position":2,"name":"Events near us","item":"https:\/\/janushotel.hu\/en\/siofok\/"},{"@type":"ListItem","position":3,"name":"\u00c1sv\u00e1nym\u00fazeum"}]},{"@type":"WebSite","@id":"https:\/\/janushotel.hu\/#website","url":"https:\/\/janushotel.hu\/","name":"Janus Hotel","description":"","potentialAction":[{"@type":"SearchAction","target":{"@type":"EntryPoint","urlTemplate":"https:\/\/janushotel.hu\/?s={search_term_string}"},"query-input":"required name=search_term_string"}],"inLanguage":"en-US"}]}},"_links":{"self":[{"href":"https:\/\/janushotel.hu\/en\/wp-json\/wp\/v2\/pages\/8666"}],"collection":[{"href":"https:\/\/janushotel.hu\/en\/wp-json\/wp\/v2\/pages"}],"about":[{"href":"https:\/\/janushotel.hu\/en\/wp-json\/wp\/v2\/types\/page"}],"author":[{"embeddable":true,"href":"https:\/\/janushotel.hu\/en\/wp-json\/wp\/v2\/users\/3"}],"replies":[{"embeddable":true,"href":"https:\/\/janushotel.hu\/en\/wp-json\/wp\/v2\/comments?post=8666"}],"version-history":[{"count":1,"href":"https:\/\/janushotel.hu\/en\/wp-json\/wp\/v2\/pages\/8666\/revisions"}],"predecessor-version":[{"id":8668,"href":"https:\/\/janushotel.hu\/en\/wp-json\/wp\/v2\/pages\/8666\/revisions\/8668"}],"up":[{"embeddable":true,"href":"https:\/\/janushotel.hu\/en\/wp-json\/wp\/v2\/pages\/8476"}],"wp:attachment":[{"href":"https:\/\/janushotel.hu\/en\/wp-json\/wp\/v2\/media?parent=8666"}],"curies":[{"name":"wp","href":"https:\/\/api.w.org\/{rel}","templated":true}]}}