{"id":8660,"date":"2022-11-08T10:47:10","date_gmt":"2022-11-08T10:47:10","guid":{"rendered":"https:\/\/janushotel.wptar.hu\/bella-allatpark\/"},"modified":"2022-11-08T10:48:49","modified_gmt":"2022-11-08T10:48:49","slug":"bella-allatpark","status":"publish","type":"page","link":"https:\/\/janushotel.hu\/en\/siofok\/bella-allatpark\/","title":{"rendered":"Bella \u00c1llatpark"},"content":{"rendered":"<p><a href=\"tel:+36309396006\">+36 30 939 6006<\/a> , <a href=\"tel:+36309400484\">+36 30 940 0484<\/a><br \/>\n8600, Si\u00f3fok, Verebesi utca 35.<br \/>\n<a href=\"http:\/\/bellapuszta.hu\/\">http:\/\/bellapuszta.hu\/<\/a><br \/>\n<a href=\"mailto:info@bellapuszta.hu\">info@bellapuszta.hu<\/a><\/p>\n<p>Az \u00e9lm\u00e9nyteli programot ny\u00fajt\u00f3 \u00e1llatparki s\u00e9ta b\u00e1rmely koroszt\u00e1ly sz\u00e1m\u00e1ra kellemes kikapcsol\u00f3d\u00e1st jelent, ahol felfedezhetik a szel\u00edd \u00e1llatok csod\u00e1latos vil\u00e1g\u00e1t \u00e9s tal\u00e1lkozhatnak kedvenceikkel.<\/p>\n<p><img decoding=\"async\" loading=\"lazy\" class=\"aligncenter wp-image-8646 size-full\" src=\"https:\/\/janushotel.hu\/wp-content\/uploads\/2022\/11\/janushotel_bella_allatpark.jpg\" alt=\"\" width=\"1024\" height=\"683\" srcset=\"https:\/\/janushotel.hu\/wp-content\/uploads\/2022\/11\/janushotel_bella_allatpark.jpg 1024w, https:\/\/janushotel.hu\/wp-content\/uploads\/2022\/11\/janushotel_bella_allatpark-300x200.jpg 300w, https:\/\/janushotel.hu\/wp-content\/uploads\/2022\/11\/janushotel_bella_allatpark-768x512.jpg 768w, https:\/\/janushotel.hu\/wp-content\/uploads\/2022\/11\/janushotel_bella_allatpark-272x182.jpg 272w, https:\/\/janushotel.hu\/wp-content\/uploads\/2022\/11\/janushotel_bella_allatpark-720x480.jpg 720w\" sizes=\"(max-width: 1024px) 100vw, 1024px\" \/><\/p>\n","protected":false},"excerpt":{"rendered":"<p>+36 30 939 6006 , +36 30 940 0484 8600, Si\u00f3fok, Verebesi utca 35. http:\/\/bellapuszta.hu\/ info@bellapuszta.hu Az \u00e9lm\u00e9nyteli programot ny\u00fajt\u00f3 \u00e1llatparki s\u00e9ta b\u00e1rmely koroszt\u00e1ly sz\u00e1m\u00e1ra kellemes kikapcsol\u00f3d\u00e1st jelent, ahol felfedezhetik a szel\u00edd \u00e1llatok csod\u00e1latos vil\u00e1g\u00e1t \u00e9s tal\u00e1lkozhatnak kedvenceikkel.<\/p>\n","protected":false},"author":3,"featured_media":0,"parent":8476,"menu_order":0,"comment_status":"closed","ping_status":"closed","template":"templates\/template-full.php","meta":[],"acf":[],"yoast_head":"<!-- This site is optimized with the Yoast SEO plugin v21.6 - https:\/\/yoast.com\/wordpress\/plugins\/seo\/ -->\n<title>Bella \u00c1llatpark - Janus Hotel<\/title>\n<meta name=\"robots\" content=\"index, follow, max-snippet:-1, max-image-preview:large, max-video-preview:-1\" \/>\n<link rel=\"canonical\" href=\"https:\/\/janushotel.hu\/en\/siofok\/bella-allatpark\/\" \/>\n<meta property=\"og:locale\" content=\"en_US\" \/>\n<meta property=\"og:type\" content=\"article\" \/>\n<meta property=\"og:title\" content=\"Bella \u00c1llatpark - Janus Hotel\" \/>\n<meta property=\"og:description\" content=\"+36 30 939 6006 , +36 30 940 0484 8600, Si\u00f3fok, Verebesi utca 35. http:\/\/bellapuszta.hu\/ info@bellapuszta.hu Az \u00e9lm\u00e9nyteli programot ny\u00fajt\u00f3 \u00e1llatparki s\u00e9ta b\u00e1rmely koroszt\u00e1ly sz\u00e1m\u00e1ra kellemes kikapcsol\u00f3d\u00e1st jelent, ahol felfedezhetik a szel\u00edd \u00e1llatok csod\u00e1latos vil\u00e1g\u00e1t \u00e9s tal\u00e1lkozhatnak kedvenceikkel.\" \/>\n<meta property=\"og:url\" content=\"https:\/\/janushotel.hu\/en\/siofok\/bella-allatpark\/\" \/>\n<meta property=\"og:site_name\" content=\"Janus Hotel\" \/>\n<meta property=\"article:modified_time\" content=\"2022-11-08T10:48:49+00:00\" \/>\n<meta property=\"og:image\" content=\"https:\/\/janushotel.hu\/wp-content\/uploads\/2022\/11\/janushotel_bella_allatpark.jpg\" \/>\n<meta name=\"twitter:card\" content=\"summary_large_image\" \/>\n<meta name=\"twitter:label1\" content=\"Est. reading time\" \/>\n\t<meta name=\"twitter:data1\" content=\"1 minute\" \/>\n<script type=\"application\/ld+json\" class=\"yoast-schema-graph\">{\"@context\":\"https:\/\/schema.org\",\"@graph\":[{\"@type\":\"WebPage\",\"@id\":\"https:\/\/janushotel.hu\/en\/siofok\/bella-allatpark\/\",\"url\":\"https:\/\/janushotel.hu\/en\/siofok\/bella-allatpark\/\",\"name\":\"Bella \u00c1llatpark - Janus Hotel\",\"isPartOf\":{\"@id\":\"https:\/\/janushotel.hu\/#website\"},\"datePublished\":\"2022-11-08T10:47:10+00:00\",\"dateModified\":\"2022-11-08T10:48:49+00:00\",\"breadcrumb\":{\"@id\":\"https:\/\/janushotel.hu\/en\/siofok\/bella-allatpark\/#breadcrumb\"},\"inLanguage\":\"en-US\",\"potentialAction\":[{\"@type\":\"ReadAction\",\"target\":[\"https:\/\/janushotel.hu\/en\/siofok\/bella-allatpark\/\"]}]},{\"@type\":\"BreadcrumbList\",\"@id\":\"https:\/\/janushotel.hu\/en\/siofok\/bella-allatpark\/#breadcrumb\",\"itemListElement\":[{\"@type\":\"ListItem\",\"position\":1,\"name\":\"Kezd\u0151lap\",\"item\":\"https:\/\/janushotel.hu\/en\/\"},{\"@type\":\"ListItem\",\"position\":2,\"name\":\"Events near us\",\"item\":\"https:\/\/janushotel.hu\/en\/siofok\/\"},{\"@type\":\"ListItem\",\"position\":3,\"name\":\"Bella \u00c1llatpark\"}]},{\"@type\":\"WebSite\",\"@id\":\"https:\/\/janushotel.hu\/#website\",\"url\":\"https:\/\/janushotel.hu\/\",\"name\":\"Janus Hotel\",\"description\":\"\",\"potentialAction\":[{\"@type\":\"SearchAction\",\"target\":{\"@type\":\"EntryPoint\",\"urlTemplate\":\"https:\/\/janushotel.hu\/?s={search_term_string}\"},\"query-input\":\"required name=search_term_string\"}],\"inLanguage\":\"en-US\"}]}<\/script>\n<!-- \/ Yoast SEO plugin. -->","yoast_head_json":{"title":"Bella \u00c1llatpark - Janus Hotel","robots":{"index":"index","follow":"follow","max-snippet":"max-snippet:-1","max-image-preview":"max-image-preview:large","max-video-preview":"max-video-preview:-1"},"canonical":"https:\/\/janushotel.hu\/en\/siofok\/bella-allatpark\/","og_locale":"en_US","og_type":"article","og_title":"Bella \u00c1llatpark - Janus Hotel","og_description":"+36 30 939 6006 , +36 30 940 0484 8600, Si\u00f3fok, Verebesi utca 35. http:\/\/bellapuszta.hu\/ info@bellapuszta.hu Az \u00e9lm\u00e9nyteli programot ny\u00fajt\u00f3 \u00e1llatparki s\u00e9ta b\u00e1rmely koroszt\u00e1ly sz\u00e1m\u00e1ra kellemes kikapcsol\u00f3d\u00e1st jelent, ahol felfedezhetik a szel\u00edd \u00e1llatok csod\u00e1latos vil\u00e1g\u00e1t \u00e9s tal\u00e1lkozhatnak kedvenceikkel.","og_url":"https:\/\/janushotel.hu\/en\/siofok\/bella-allatpark\/","og_site_name":"Janus Hotel","article_modified_time":"2022-11-08T10:48:49+00:00","og_image":[{"url":"https:\/\/janushotel.hu\/wp-content\/uploads\/2022\/11\/janushotel_bella_allatpark.jpg"}],"twitter_card":"summary_large_image","twitter_misc":{"Est. reading time":"1 minute"},"schema":{"@context":"https:\/\/schema.org","@graph":[{"@type":"WebPage","@id":"https:\/\/janushotel.hu\/en\/siofok\/bella-allatpark\/","url":"https:\/\/janushotel.hu\/en\/siofok\/bella-allatpark\/","name":"Bella \u00c1llatpark - Janus Hotel","isPartOf":{"@id":"https:\/\/janushotel.hu\/#website"},"datePublished":"2022-11-08T10:47:10+00:00","dateModified":"2022-11-08T10:48:49+00:00","breadcrumb":{"@id":"https:\/\/janushotel.hu\/en\/siofok\/bella-allatpark\/#breadcrumb"},"inLanguage":"en-US","potentialAction":[{"@type":"ReadAction","target":["https:\/\/janushotel.hu\/en\/siofok\/bella-allatpark\/"]}]},{"@type":"BreadcrumbList","@id":"https:\/\/janushotel.hu\/en\/siofok\/bella-allatpark\/#breadcrumb","itemListElement":[{"@type":"ListItem","position":1,"name":"Kezd\u0151lap","item":"https:\/\/janushotel.hu\/en\/"},{"@type":"ListItem","position":2,"name":"Events near us","item":"https:\/\/janushotel.hu\/en\/siofok\/"},{"@type":"ListItem","position":3,"name":"Bella \u00c1llatpark"}]},{"@type":"WebSite","@id":"https:\/\/janushotel.hu\/#website","url":"https:\/\/janushotel.hu\/","name":"Janus Hotel","description":"","potentialAction":[{"@type":"SearchAction","target":{"@type":"EntryPoint","urlTemplate":"https:\/\/janushotel.hu\/?s={search_term_string}"},"query-input":"required name=search_term_string"}],"inLanguage":"en-US"}]}},"_links":{"self":[{"href":"https:\/\/janushotel.hu\/en\/wp-json\/wp\/v2\/pages\/8660"}],"collection":[{"href":"https:\/\/janushotel.hu\/en\/wp-json\/wp\/v2\/pages"}],"about":[{"href":"https:\/\/janushotel.hu\/en\/wp-json\/wp\/v2\/types\/page"}],"author":[{"embeddable":true,"href":"https:\/\/janushotel.hu\/en\/wp-json\/wp\/v2\/users\/3"}],"replies":[{"embeddable":true,"href":"https:\/\/janushotel.hu\/en\/wp-json\/wp\/v2\/comments?post=8660"}],"version-history":[{"count":1,"href":"https:\/\/janushotel.hu\/en\/wp-json\/wp\/v2\/pages\/8660\/revisions"}],"predecessor-version":[{"id":8662,"href":"https:\/\/janushotel.hu\/en\/wp-json\/wp\/v2\/pages\/8660\/revisions\/8662"}],"up":[{"embeddable":true,"href":"https:\/\/janushotel.hu\/en\/wp-json\/wp\/v2\/pages\/8476"}],"wp:attachment":[{"href":"https:\/\/janushotel.hu\/en\/wp-json\/wp\/v2\/media?parent=8660"}],"curies":[{"name":"wp","href":"https:\/\/api.w.org\/{rel}","templated":true}]}}