{"id":8654,"date":"2022-11-08T10:43:40","date_gmt":"2022-11-08T10:43:40","guid":{"rendered":"https:\/\/janushotel.wptar.hu\/plazs-siofok\/"},"modified":"2022-11-08T10:45:19","modified_gmt":"2022-11-08T10:45:19","slug":"plazs-siofok","status":"publish","type":"page","link":"https:\/\/janushotel.hu\/en\/siofok\/plazs-siofok\/","title":{"rendered":"PL\u00c1ZS Si\u00f3fok"},"content":{"rendered":"<p>8600, Si\u00f3fok, Pet\u0151fi s\u00e9t\u00e1ny 3.<br \/>\n<a href=\"http:\/\/plazssiofok.hu\">http:\/\/plazssiofok.hu<\/a><br \/>\n<a href=\"mailto:hello@plazssiofok.hu\">hello@plazssiofok.hu<\/a><\/p>\n<p>A nagy ny\u00e1ri ellazul\u00e1sok legend\u00e1s helysz\u00edne a PL\u00c1ZS minden ny\u00e1ron v\u00e1r Si\u00f3fok Nagystrandj\u00e1n. Nappal f\u00fcrd\u0151zhet\u00fcnk a habokban, vagy csobbanhatunk a fesz\u00edtett v\u00edzt\u00fckr\u0171 medenc\u00e9be, napozhatunk a napoz\u00f3st\u00e9gen, vagy sportolhatunk. M\u00edg este a legn\u00e9pszer\u0171bb el\u0151ad\u00f3k koncertjeire t\u00e1ncolhatunk a csillagos \u00e9g alatt, majd hajnalig bulizhatunk a legjobb dj-k szettjeire.<\/p>\n<p><img decoding=\"async\" loading=\"lazy\" class=\"aligncenter wp-image-8649 size-full\" src=\"https:\/\/janushotel.hu\/wp-content\/uploads\/2022\/11\/janushotel_plazs-siofok.jpg\" alt=\"\" width=\"1024\" height=\"683\" srcset=\"https:\/\/janushotel.hu\/wp-content\/uploads\/2022\/11\/janushotel_plazs-siofok.jpg 1024w, https:\/\/janushotel.hu\/wp-content\/uploads\/2022\/11\/janushotel_plazs-siofok-300x200.jpg 300w, https:\/\/janushotel.hu\/wp-content\/uploads\/2022\/11\/janushotel_plazs-siofok-768x512.jpg 768w, https:\/\/janushotel.hu\/wp-content\/uploads\/2022\/11\/janushotel_plazs-siofok-272x182.jpg 272w, https:\/\/janushotel.hu\/wp-content\/uploads\/2022\/11\/janushotel_plazs-siofok-720x480.jpg 720w\" sizes=\"(max-width: 1024px) 100vw, 1024px\" \/><\/p>\n","protected":false},"excerpt":{"rendered":"<p>8600, Si\u00f3fok, Pet\u0151fi s\u00e9t\u00e1ny 3. http:\/\/plazssiofok.hu hello@plazssiofok.hu A nagy ny\u00e1ri ellazul\u00e1sok legend\u00e1s helysz\u00edne a PL\u00c1ZS minden ny\u00e1ron v\u00e1r Si\u00f3fok Nagystrandj\u00e1n. Nappal f\u00fcrd\u0151zhet\u00fcnk a habokban, vagy csobbanhatunk a fesz\u00edtett v\u00edzt\u00fckr\u0171 medenc\u00e9be, napozhatunk a napoz\u00f3st\u00e9gen, vagy sportolhatunk. M\u00edg este a legn\u00e9pszer\u0171bb el\u0151ad\u00f3k koncertjeire t\u00e1ncolhatunk a csillagos \u00e9g alatt, majd hajnalig bulizhatunk a legjobb dj-k szettjeire.<\/p>\n","protected":false},"author":3,"featured_media":0,"parent":8476,"menu_order":0,"comment_status":"closed","ping_status":"closed","template":"templates\/template-full.php","meta":[],"acf":[],"yoast_head":"<!-- This site is optimized with the Yoast SEO plugin v21.6 - https:\/\/yoast.com\/wordpress\/plugins\/seo\/ -->\n<title>PL\u00c1ZS Si\u00f3fok - Janus Hotel<\/title>\n<meta name=\"robots\" content=\"index, follow, max-snippet:-1, max-image-preview:large, max-video-preview:-1\" \/>\n<link rel=\"canonical\" href=\"https:\/\/janushotel.hu\/en\/siofok\/plazs-siofok\/\" \/>\n<meta property=\"og:locale\" content=\"en_US\" \/>\n<meta property=\"og:type\" content=\"article\" \/>\n<meta property=\"og:title\" content=\"PL\u00c1ZS Si\u00f3fok - Janus Hotel\" \/>\n<meta property=\"og:description\" content=\"8600, Si\u00f3fok, Pet\u0151fi s\u00e9t\u00e1ny 3. http:\/\/plazssiofok.hu hello@plazssiofok.hu A nagy ny\u00e1ri ellazul\u00e1sok legend\u00e1s helysz\u00edne a PL\u00c1ZS minden ny\u00e1ron v\u00e1r Si\u00f3fok Nagystrandj\u00e1n. Nappal f\u00fcrd\u0151zhet\u00fcnk a habokban, vagy csobbanhatunk a fesz\u00edtett v\u00edzt\u00fckr\u0171 medenc\u00e9be, napozhatunk a napoz\u00f3st\u00e9gen, vagy sportolhatunk. M\u00edg este a legn\u00e9pszer\u0171bb el\u0151ad\u00f3k koncertjeire t\u00e1ncolhatunk a csillagos \u00e9g alatt, majd hajnalig bulizhatunk a legjobb dj-k szettjeire.\" \/>\n<meta property=\"og:url\" content=\"https:\/\/janushotel.hu\/en\/siofok\/plazs-siofok\/\" \/>\n<meta property=\"og:site_name\" content=\"Janus Hotel\" \/>\n<meta property=\"article:modified_time\" content=\"2022-11-08T10:45:19+00:00\" \/>\n<meta property=\"og:image\" content=\"https:\/\/janushotel.hu\/wp-content\/uploads\/2022\/11\/janushotel_plazs-siofok.jpg\" \/>\n<meta name=\"twitter:card\" content=\"summary_large_image\" \/>\n<meta name=\"twitter:label1\" content=\"Est. reading time\" \/>\n\t<meta name=\"twitter:data1\" content=\"1 minute\" \/>\n<script type=\"application\/ld+json\" class=\"yoast-schema-graph\">{\"@context\":\"https:\/\/schema.org\",\"@graph\":[{\"@type\":\"WebPage\",\"@id\":\"https:\/\/janushotel.hu\/en\/siofok\/plazs-siofok\/\",\"url\":\"https:\/\/janushotel.hu\/en\/siofok\/plazs-siofok\/\",\"name\":\"PL\u00c1ZS Si\u00f3fok - Janus Hotel\",\"isPartOf\":{\"@id\":\"https:\/\/janushotel.hu\/#website\"},\"datePublished\":\"2022-11-08T10:43:40+00:00\",\"dateModified\":\"2022-11-08T10:45:19+00:00\",\"breadcrumb\":{\"@id\":\"https:\/\/janushotel.hu\/en\/siofok\/plazs-siofok\/#breadcrumb\"},\"inLanguage\":\"en-US\",\"potentialAction\":[{\"@type\":\"ReadAction\",\"target\":[\"https:\/\/janushotel.hu\/en\/siofok\/plazs-siofok\/\"]}]},{\"@type\":\"BreadcrumbList\",\"@id\":\"https:\/\/janushotel.hu\/en\/siofok\/plazs-siofok\/#breadcrumb\",\"itemListElement\":[{\"@type\":\"ListItem\",\"position\":1,\"name\":\"Kezd\u0151lap\",\"item\":\"https:\/\/janushotel.hu\/en\/\"},{\"@type\":\"ListItem\",\"position\":2,\"name\":\"Events near us\",\"item\":\"https:\/\/janushotel.hu\/en\/siofok\/\"},{\"@type\":\"ListItem\",\"position\":3,\"name\":\"PL\u00c1ZS Si\u00f3fok\"}]},{\"@type\":\"WebSite\",\"@id\":\"https:\/\/janushotel.hu\/#website\",\"url\":\"https:\/\/janushotel.hu\/\",\"name\":\"Janus Hotel\",\"description\":\"\",\"potentialAction\":[{\"@type\":\"SearchAction\",\"target\":{\"@type\":\"EntryPoint\",\"urlTemplate\":\"https:\/\/janushotel.hu\/?s={search_term_string}\"},\"query-input\":\"required name=search_term_string\"}],\"inLanguage\":\"en-US\"}]}<\/script>\n<!-- \/ Yoast SEO plugin. -->","yoast_head_json":{"title":"PL\u00c1ZS Si\u00f3fok - Janus Hotel","robots":{"index":"index","follow":"follow","max-snippet":"max-snippet:-1","max-image-preview":"max-image-preview:large","max-video-preview":"max-video-preview:-1"},"canonical":"https:\/\/janushotel.hu\/en\/siofok\/plazs-siofok\/","og_locale":"en_US","og_type":"article","og_title":"PL\u00c1ZS Si\u00f3fok - Janus Hotel","og_description":"8600, Si\u00f3fok, Pet\u0151fi s\u00e9t\u00e1ny 3. http:\/\/plazssiofok.hu hello@plazssiofok.hu A nagy ny\u00e1ri ellazul\u00e1sok legend\u00e1s helysz\u00edne a PL\u00c1ZS minden ny\u00e1ron v\u00e1r Si\u00f3fok Nagystrandj\u00e1n. Nappal f\u00fcrd\u0151zhet\u00fcnk a habokban, vagy csobbanhatunk a fesz\u00edtett v\u00edzt\u00fckr\u0171 medenc\u00e9be, napozhatunk a napoz\u00f3st\u00e9gen, vagy sportolhatunk. M\u00edg este a legn\u00e9pszer\u0171bb el\u0151ad\u00f3k koncertjeire t\u00e1ncolhatunk a csillagos \u00e9g alatt, majd hajnalig bulizhatunk a legjobb dj-k szettjeire.","og_url":"https:\/\/janushotel.hu\/en\/siofok\/plazs-siofok\/","og_site_name":"Janus Hotel","article_modified_time":"2022-11-08T10:45:19+00:00","og_image":[{"url":"https:\/\/janushotel.hu\/wp-content\/uploads\/2022\/11\/janushotel_plazs-siofok.jpg"}],"twitter_card":"summary_large_image","twitter_misc":{"Est. reading time":"1 minute"},"schema":{"@context":"https:\/\/schema.org","@graph":[{"@type":"WebPage","@id":"https:\/\/janushotel.hu\/en\/siofok\/plazs-siofok\/","url":"https:\/\/janushotel.hu\/en\/siofok\/plazs-siofok\/","name":"PL\u00c1ZS Si\u00f3fok - Janus Hotel","isPartOf":{"@id":"https:\/\/janushotel.hu\/#website"},"datePublished":"2022-11-08T10:43:40+00:00","dateModified":"2022-11-08T10:45:19+00:00","breadcrumb":{"@id":"https:\/\/janushotel.hu\/en\/siofok\/plazs-siofok\/#breadcrumb"},"inLanguage":"en-US","potentialAction":[{"@type":"ReadAction","target":["https:\/\/janushotel.hu\/en\/siofok\/plazs-siofok\/"]}]},{"@type":"BreadcrumbList","@id":"https:\/\/janushotel.hu\/en\/siofok\/plazs-siofok\/#breadcrumb","itemListElement":[{"@type":"ListItem","position":1,"name":"Kezd\u0151lap","item":"https:\/\/janushotel.hu\/en\/"},{"@type":"ListItem","position":2,"name":"Events near us","item":"https:\/\/janushotel.hu\/en\/siofok\/"},{"@type":"ListItem","position":3,"name":"PL\u00c1ZS Si\u00f3fok"}]},{"@type":"WebSite","@id":"https:\/\/janushotel.hu\/#website","url":"https:\/\/janushotel.hu\/","name":"Janus Hotel","description":"","potentialAction":[{"@type":"SearchAction","target":{"@type":"EntryPoint","urlTemplate":"https:\/\/janushotel.hu\/?s={search_term_string}"},"query-input":"required name=search_term_string"}],"inLanguage":"en-US"}]}},"_links":{"self":[{"href":"https:\/\/janushotel.hu\/en\/wp-json\/wp\/v2\/pages\/8654"}],"collection":[{"href":"https:\/\/janushotel.hu\/en\/wp-json\/wp\/v2\/pages"}],"about":[{"href":"https:\/\/janushotel.hu\/en\/wp-json\/wp\/v2\/types\/page"}],"author":[{"embeddable":true,"href":"https:\/\/janushotel.hu\/en\/wp-json\/wp\/v2\/users\/3"}],"replies":[{"embeddable":true,"href":"https:\/\/janushotel.hu\/en\/wp-json\/wp\/v2\/comments?post=8654"}],"version-history":[{"count":1,"href":"https:\/\/janushotel.hu\/en\/wp-json\/wp\/v2\/pages\/8654\/revisions"}],"predecessor-version":[{"id":8656,"href":"https:\/\/janushotel.hu\/en\/wp-json\/wp\/v2\/pages\/8654\/revisions\/8656"}],"up":[{"embeddable":true,"href":"https:\/\/janushotel.hu\/en\/wp-json\/wp\/v2\/pages\/8476"}],"wp:attachment":[{"href":"https:\/\/janushotel.hu\/en\/wp-json\/wp\/v2\/media?parent=8654"}],"curies":[{"name":"wp","href":"https:\/\/api.w.org\/{rel}","templated":true}]}}