{"id":8621,"date":"2022-11-08T10:03:44","date_gmt":"2022-11-08T10:03:44","guid":{"rendered":"https:\/\/janushotel.wptar.hu\/toreki-termeszetvedelmi-terulet\/"},"modified":"2022-11-08T11:15:16","modified_gmt":"2022-11-08T11:15:16","slug":"toreki-termeszetvedelmi-terulet","status":"publish","type":"page","link":"https:\/\/janushotel.hu\/en\/siofok\/toreki-termeszetvedelmi-terulet\/","title":{"rendered":"T\u00f6reki Term\u00e9szetv\u00e9delmi Ter\u00fclet"},"content":{"rendered":"<p>8600, Si\u00f3fok, T\u00f6reki<br \/>\n<a href=\"http:\/\/www.bfnp.hu\">http:\/\/www.bfnp.hu<\/a><\/p>\n<p>T\u00f6reki v\u00e1rosr\u00e9sz mellett megh\u00faz\u00f3d\u00f3 csendes v\u00f6lgyet 1994-ben nyilv\u00e1n\u00edtott\u00e1k v\u00e9dett\u00e9. A tan\u00f6sv\u00e9ny bemutatja a tavak, vizes \u00e9l\u0151helyek, k\u00fcl\u00f6nf\u00e9le erd\u0151k \u00e9s r\u00e9tek \u00e9l\u0151vil\u00e1g\u00e1t, a mad\u00e1rmegfigyel\u0151 torony pedig bepillant\u00e1st enged a gazdag mad\u00e1rvil\u00e1g \u00e9let\u00e9be.<\/p>\n<p><img decoding=\"async\" loading=\"lazy\" class=\"aligncenter wp-image-8587 size-full\" src=\"https:\/\/janushotel.hu\/wp-content\/uploads\/2022\/11\/janushotel_toreki-termeszetvedelmi-terulet.jpg\" alt=\"\" width=\"1024\" height=\"683\" srcset=\"https:\/\/janushotel.hu\/wp-content\/uploads\/2022\/11\/janushotel_toreki-termeszetvedelmi-terulet.jpg 1024w, https:\/\/janushotel.hu\/wp-content\/uploads\/2022\/11\/janushotel_toreki-termeszetvedelmi-terulet-300x200.jpg 300w, https:\/\/janushotel.hu\/wp-content\/uploads\/2022\/11\/janushotel_toreki-termeszetvedelmi-terulet-768x512.jpg 768w, https:\/\/janushotel.hu\/wp-content\/uploads\/2022\/11\/janushotel_toreki-termeszetvedelmi-terulet-272x182.jpg 272w, https:\/\/janushotel.hu\/wp-content\/uploads\/2022\/11\/janushotel_toreki-termeszetvedelmi-terulet-720x480.jpg 720w\" sizes=\"(max-width: 1024px) 100vw, 1024px\" \/><\/p>\n","protected":false},"excerpt":{"rendered":"<p>8600, Si\u00f3fok, T\u00f6reki http:\/\/www.bfnp.hu T\u00f6reki v\u00e1rosr\u00e9sz mellett megh\u00faz\u00f3d\u00f3 csendes v\u00f6lgyet 1994-ben nyilv\u00e1n\u00edtott\u00e1k v\u00e9dett\u00e9. A tan\u00f6sv\u00e9ny bemutatja a tavak, vizes \u00e9l\u0151helyek, k\u00fcl\u00f6nf\u00e9le erd\u0151k \u00e9s r\u00e9tek \u00e9l\u0151vil\u00e1g\u00e1t, a mad\u00e1rmegfigyel\u0151 torony pedig bepillant\u00e1st enged a gazdag mad\u00e1rvil\u00e1g \u00e9let\u00e9be.<\/p>\n","protected":false},"author":3,"featured_media":0,"parent":8476,"menu_order":0,"comment_status":"closed","ping_status":"closed","template":"templates\/template-full.php","meta":[],"acf":[],"yoast_head":"<!-- This site is optimized with the Yoast SEO plugin v21.6 - https:\/\/yoast.com\/wordpress\/plugins\/seo\/ -->\n<title>T\u00f6reki Term\u00e9szetv\u00e9delmi Ter\u00fclet - Janus Hotel<\/title>\n<meta name=\"robots\" content=\"index, follow, max-snippet:-1, max-image-preview:large, max-video-preview:-1\" \/>\n<link rel=\"canonical\" href=\"https:\/\/janushotel.hu\/en\/siofok\/toreki-termeszetvedelmi-terulet\/\" \/>\n<meta property=\"og:locale\" content=\"en_US\" \/>\n<meta property=\"og:type\" content=\"article\" \/>\n<meta property=\"og:title\" content=\"T\u00f6reki Term\u00e9szetv\u00e9delmi Ter\u00fclet - Janus Hotel\" \/>\n<meta property=\"og:description\" content=\"8600, Si\u00f3fok, T\u00f6reki http:\/\/www.bfnp.hu T\u00f6reki v\u00e1rosr\u00e9sz mellett megh\u00faz\u00f3d\u00f3 csendes v\u00f6lgyet 1994-ben nyilv\u00e1n\u00edtott\u00e1k v\u00e9dett\u00e9. A tan\u00f6sv\u00e9ny bemutatja a tavak, vizes \u00e9l\u0151helyek, k\u00fcl\u00f6nf\u00e9le erd\u0151k \u00e9s r\u00e9tek \u00e9l\u0151vil\u00e1g\u00e1t, a mad\u00e1rmegfigyel\u0151 torony pedig bepillant\u00e1st enged a gazdag mad\u00e1rvil\u00e1g \u00e9let\u00e9be.\" \/>\n<meta property=\"og:url\" content=\"https:\/\/janushotel.hu\/en\/siofok\/toreki-termeszetvedelmi-terulet\/\" \/>\n<meta property=\"og:site_name\" content=\"Janus Hotel\" \/>\n<meta property=\"article:modified_time\" content=\"2022-11-08T11:15:16+00:00\" \/>\n<meta property=\"og:image\" content=\"https:\/\/janushotel.hu\/wp-content\/uploads\/2022\/11\/janushotel_toreki-termeszetvedelmi-terulet.jpg\" \/>\n<meta name=\"twitter:card\" content=\"summary_large_image\" \/>\n<meta name=\"twitter:label1\" content=\"Est. reading time\" \/>\n\t<meta name=\"twitter:data1\" content=\"1 minute\" \/>\n<script type=\"application\/ld+json\" class=\"yoast-schema-graph\">{\"@context\":\"https:\/\/schema.org\",\"@graph\":[{\"@type\":\"WebPage\",\"@id\":\"https:\/\/janushotel.hu\/en\/siofok\/toreki-termeszetvedelmi-terulet\/\",\"url\":\"https:\/\/janushotel.hu\/en\/siofok\/toreki-termeszetvedelmi-terulet\/\",\"name\":\"T\u00f6reki Term\u00e9szetv\u00e9delmi Ter\u00fclet - Janus Hotel\",\"isPartOf\":{\"@id\":\"https:\/\/janushotel.hu\/#website\"},\"datePublished\":\"2022-11-08T10:03:44+00:00\",\"dateModified\":\"2022-11-08T11:15:16+00:00\",\"breadcrumb\":{\"@id\":\"https:\/\/janushotel.hu\/en\/siofok\/toreki-termeszetvedelmi-terulet\/#breadcrumb\"},\"inLanguage\":\"en-US\",\"potentialAction\":[{\"@type\":\"ReadAction\",\"target\":[\"https:\/\/janushotel.hu\/en\/siofok\/toreki-termeszetvedelmi-terulet\/\"]}]},{\"@type\":\"BreadcrumbList\",\"@id\":\"https:\/\/janushotel.hu\/en\/siofok\/toreki-termeszetvedelmi-terulet\/#breadcrumb\",\"itemListElement\":[{\"@type\":\"ListItem\",\"position\":1,\"name\":\"Kezd\u0151lap\",\"item\":\"https:\/\/janushotel.hu\/en\/\"},{\"@type\":\"ListItem\",\"position\":2,\"name\":\"Events near us\",\"item\":\"https:\/\/janushotel.hu\/en\/siofok\/\"},{\"@type\":\"ListItem\",\"position\":3,\"name\":\"T\u00f6reki Term\u00e9szetv\u00e9delmi Ter\u00fclet\"}]},{\"@type\":\"WebSite\",\"@id\":\"https:\/\/janushotel.hu\/#website\",\"url\":\"https:\/\/janushotel.hu\/\",\"name\":\"Janus Hotel\",\"description\":\"\",\"potentialAction\":[{\"@type\":\"SearchAction\",\"target\":{\"@type\":\"EntryPoint\",\"urlTemplate\":\"https:\/\/janushotel.hu\/?s={search_term_string}\"},\"query-input\":\"required name=search_term_string\"}],\"inLanguage\":\"en-US\"}]}<\/script>\n<!-- \/ Yoast SEO plugin. -->","yoast_head_json":{"title":"T\u00f6reki Term\u00e9szetv\u00e9delmi Ter\u00fclet - Janus Hotel","robots":{"index":"index","follow":"follow","max-snippet":"max-snippet:-1","max-image-preview":"max-image-preview:large","max-video-preview":"max-video-preview:-1"},"canonical":"https:\/\/janushotel.hu\/en\/siofok\/toreki-termeszetvedelmi-terulet\/","og_locale":"en_US","og_type":"article","og_title":"T\u00f6reki Term\u00e9szetv\u00e9delmi Ter\u00fclet - Janus Hotel","og_description":"8600, Si\u00f3fok, T\u00f6reki http:\/\/www.bfnp.hu T\u00f6reki v\u00e1rosr\u00e9sz mellett megh\u00faz\u00f3d\u00f3 csendes v\u00f6lgyet 1994-ben nyilv\u00e1n\u00edtott\u00e1k v\u00e9dett\u00e9. A tan\u00f6sv\u00e9ny bemutatja a tavak, vizes \u00e9l\u0151helyek, k\u00fcl\u00f6nf\u00e9le erd\u0151k \u00e9s r\u00e9tek \u00e9l\u0151vil\u00e1g\u00e1t, a mad\u00e1rmegfigyel\u0151 torony pedig bepillant\u00e1st enged a gazdag mad\u00e1rvil\u00e1g \u00e9let\u00e9be.","og_url":"https:\/\/janushotel.hu\/en\/siofok\/toreki-termeszetvedelmi-terulet\/","og_site_name":"Janus Hotel","article_modified_time":"2022-11-08T11:15:16+00:00","og_image":[{"url":"https:\/\/janushotel.hu\/wp-content\/uploads\/2022\/11\/janushotel_toreki-termeszetvedelmi-terulet.jpg"}],"twitter_card":"summary_large_image","twitter_misc":{"Est. reading time":"1 minute"},"schema":{"@context":"https:\/\/schema.org","@graph":[{"@type":"WebPage","@id":"https:\/\/janushotel.hu\/en\/siofok\/toreki-termeszetvedelmi-terulet\/","url":"https:\/\/janushotel.hu\/en\/siofok\/toreki-termeszetvedelmi-terulet\/","name":"T\u00f6reki Term\u00e9szetv\u00e9delmi Ter\u00fclet - Janus Hotel","isPartOf":{"@id":"https:\/\/janushotel.hu\/#website"},"datePublished":"2022-11-08T10:03:44+00:00","dateModified":"2022-11-08T11:15:16+00:00","breadcrumb":{"@id":"https:\/\/janushotel.hu\/en\/siofok\/toreki-termeszetvedelmi-terulet\/#breadcrumb"},"inLanguage":"en-US","potentialAction":[{"@type":"ReadAction","target":["https:\/\/janushotel.hu\/en\/siofok\/toreki-termeszetvedelmi-terulet\/"]}]},{"@type":"BreadcrumbList","@id":"https:\/\/janushotel.hu\/en\/siofok\/toreki-termeszetvedelmi-terulet\/#breadcrumb","itemListElement":[{"@type":"ListItem","position":1,"name":"Kezd\u0151lap","item":"https:\/\/janushotel.hu\/en\/"},{"@type":"ListItem","position":2,"name":"Events near us","item":"https:\/\/janushotel.hu\/en\/siofok\/"},{"@type":"ListItem","position":3,"name":"T\u00f6reki Term\u00e9szetv\u00e9delmi Ter\u00fclet"}]},{"@type":"WebSite","@id":"https:\/\/janushotel.hu\/#website","url":"https:\/\/janushotel.hu\/","name":"Janus Hotel","description":"","potentialAction":[{"@type":"SearchAction","target":{"@type":"EntryPoint","urlTemplate":"https:\/\/janushotel.hu\/?s={search_term_string}"},"query-input":"required name=search_term_string"}],"inLanguage":"en-US"}]}},"_links":{"self":[{"href":"https:\/\/janushotel.hu\/en\/wp-json\/wp\/v2\/pages\/8621"}],"collection":[{"href":"https:\/\/janushotel.hu\/en\/wp-json\/wp\/v2\/pages"}],"about":[{"href":"https:\/\/janushotel.hu\/en\/wp-json\/wp\/v2\/types\/page"}],"author":[{"embeddable":true,"href":"https:\/\/janushotel.hu\/en\/wp-json\/wp\/v2\/users\/3"}],"replies":[{"embeddable":true,"href":"https:\/\/janushotel.hu\/en\/wp-json\/wp\/v2\/comments?post=8621"}],"version-history":[{"count":2,"href":"https:\/\/janushotel.hu\/en\/wp-json\/wp\/v2\/pages\/8621\/revisions"}],"predecessor-version":[{"id":8683,"href":"https:\/\/janushotel.hu\/en\/wp-json\/wp\/v2\/pages\/8621\/revisions\/8683"}],"up":[{"embeddable":true,"href":"https:\/\/janushotel.hu\/en\/wp-json\/wp\/v2\/pages\/8476"}],"wp:attachment":[{"href":"https:\/\/janushotel.hu\/en\/wp-json\/wp\/v2\/media?parent=8621"}],"curies":[{"name":"wp","href":"https:\/\/api.w.org\/{rel}","templated":true}]}}