{"id":8608,"date":"2022-11-08T09:57:58","date_gmt":"2022-11-08T09:57:58","guid":{"rendered":"https:\/\/janushotel.wptar.hu\/zenepavilon\/"},"modified":"2022-11-08T11:15:28","modified_gmt":"2022-11-08T11:15:28","slug":"zenepavilon","status":"publish","type":"page","link":"https:\/\/janushotel.hu\/en\/siofok\/zenepavilon\/","title":{"rendered":"Zenepavilon"},"content":{"rendered":"<p>8600, Si\u00f3fok, Millennium park<\/p>\n<p>A vas\u00fat\u00e1llom\u00e1s el\u0151tti t\u00e9ren 1994-ben \u00e9p\u00fclt a Millennium park, melynek k\u00f6zponti ter\u00e9n \u00e1ll\u00edtott\u00e1k fel a zenepavilont. A pavilonban Varga Imre szobr\u00e1szm\u0171v\u00e9sz K\u00e1lm\u00e1n Imre operettszerz\u0151t \u00e1br\u00e1zol\u00f3 alkot\u00e1sa fogadja a l\u00e1togat\u00f3kat.<\/p>\n<p><img decoding=\"async\" loading=\"lazy\" class=\"aligncenter wp-image-8584 size-full\" src=\"https:\/\/janushotel.hu\/wp-content\/uploads\/2022\/11\/janushotel_zenepavilon.jpg\" alt=\"\" width=\"1024\" height=\"683\" srcset=\"https:\/\/janushotel.hu\/wp-content\/uploads\/2022\/11\/janushotel_zenepavilon.jpg 1024w, https:\/\/janushotel.hu\/wp-content\/uploads\/2022\/11\/janushotel_zenepavilon-300x200.jpg 300w, https:\/\/janushotel.hu\/wp-content\/uploads\/2022\/11\/janushotel_zenepavilon-768x512.jpg 768w, https:\/\/janushotel.hu\/wp-content\/uploads\/2022\/11\/janushotel_zenepavilon-272x182.jpg 272w, https:\/\/janushotel.hu\/wp-content\/uploads\/2022\/11\/janushotel_zenepavilon-720x480.jpg 720w\" sizes=\"(max-width: 1024px) 100vw, 1024px\" \/><\/p>\n","protected":false},"excerpt":{"rendered":"<p>8600, Si\u00f3fok, Millennium park A vas\u00fat\u00e1llom\u00e1s el\u0151tti t\u00e9ren 1994-ben \u00e9p\u00fclt a Millennium park, melynek k\u00f6zponti ter\u00e9n \u00e1ll\u00edtott\u00e1k fel a zenepavilont. A pavilonban Varga Imre szobr\u00e1szm\u0171v\u00e9sz K\u00e1lm\u00e1n Imre operettszerz\u0151t \u00e1br\u00e1zol\u00f3 alkot\u00e1sa fogadja a l\u00e1togat\u00f3kat.<\/p>\n","protected":false},"author":3,"featured_media":0,"parent":8476,"menu_order":0,"comment_status":"closed","ping_status":"closed","template":"templates\/template-full.php","meta":[],"acf":[],"yoast_head":"<!-- This site is optimized with the Yoast SEO plugin v21.6 - https:\/\/yoast.com\/wordpress\/plugins\/seo\/ -->\n<title>Zenepavilon - Janus Hotel<\/title>\n<meta name=\"robots\" content=\"index, follow, max-snippet:-1, max-image-preview:large, max-video-preview:-1\" \/>\n<link rel=\"canonical\" href=\"https:\/\/janushotel.hu\/en\/siofok\/zenepavilon\/\" \/>\n<meta property=\"og:locale\" content=\"en_US\" \/>\n<meta property=\"og:type\" content=\"article\" \/>\n<meta property=\"og:title\" content=\"Zenepavilon - Janus Hotel\" \/>\n<meta property=\"og:description\" content=\"8600, Si\u00f3fok, Millennium park A vas\u00fat\u00e1llom\u00e1s el\u0151tti t\u00e9ren 1994-ben \u00e9p\u00fclt a Millennium park, melynek k\u00f6zponti ter\u00e9n \u00e1ll\u00edtott\u00e1k fel a zenepavilont. A pavilonban Varga Imre szobr\u00e1szm\u0171v\u00e9sz K\u00e1lm\u00e1n Imre operettszerz\u0151t \u00e1br\u00e1zol\u00f3 alkot\u00e1sa fogadja a l\u00e1togat\u00f3kat.\" \/>\n<meta property=\"og:url\" content=\"https:\/\/janushotel.hu\/en\/siofok\/zenepavilon\/\" \/>\n<meta property=\"og:site_name\" content=\"Janus Hotel\" \/>\n<meta property=\"article:modified_time\" content=\"2022-11-08T11:15:28+00:00\" \/>\n<meta property=\"og:image\" content=\"https:\/\/janushotel.hu\/wp-content\/uploads\/2022\/11\/janushotel_zenepavilon.jpg\" \/>\n<meta name=\"twitter:card\" content=\"summary_large_image\" \/>\n<meta name=\"twitter:label1\" content=\"Est. reading time\" \/>\n\t<meta name=\"twitter:data1\" content=\"1 minute\" \/>\n<script type=\"application\/ld+json\" class=\"yoast-schema-graph\">{\"@context\":\"https:\/\/schema.org\",\"@graph\":[{\"@type\":\"WebPage\",\"@id\":\"https:\/\/janushotel.hu\/en\/siofok\/zenepavilon\/\",\"url\":\"https:\/\/janushotel.hu\/en\/siofok\/zenepavilon\/\",\"name\":\"Zenepavilon - Janus Hotel\",\"isPartOf\":{\"@id\":\"https:\/\/janushotel.hu\/#website\"},\"datePublished\":\"2022-11-08T09:57:58+00:00\",\"dateModified\":\"2022-11-08T11:15:28+00:00\",\"breadcrumb\":{\"@id\":\"https:\/\/janushotel.hu\/en\/siofok\/zenepavilon\/#breadcrumb\"},\"inLanguage\":\"en-US\",\"potentialAction\":[{\"@type\":\"ReadAction\",\"target\":[\"https:\/\/janushotel.hu\/en\/siofok\/zenepavilon\/\"]}]},{\"@type\":\"BreadcrumbList\",\"@id\":\"https:\/\/janushotel.hu\/en\/siofok\/zenepavilon\/#breadcrumb\",\"itemListElement\":[{\"@type\":\"ListItem\",\"position\":1,\"name\":\"Kezd\u0151lap\",\"item\":\"https:\/\/janushotel.hu\/en\/\"},{\"@type\":\"ListItem\",\"position\":2,\"name\":\"Events near us\",\"item\":\"https:\/\/janushotel.hu\/en\/siofok\/\"},{\"@type\":\"ListItem\",\"position\":3,\"name\":\"Zenepavilon\"}]},{\"@type\":\"WebSite\",\"@id\":\"https:\/\/janushotel.hu\/#website\",\"url\":\"https:\/\/janushotel.hu\/\",\"name\":\"Janus Hotel\",\"description\":\"\",\"potentialAction\":[{\"@type\":\"SearchAction\",\"target\":{\"@type\":\"EntryPoint\",\"urlTemplate\":\"https:\/\/janushotel.hu\/?s={search_term_string}\"},\"query-input\":\"required name=search_term_string\"}],\"inLanguage\":\"en-US\"}]}<\/script>\n<!-- \/ Yoast SEO plugin. -->","yoast_head_json":{"title":"Zenepavilon - Janus Hotel","robots":{"index":"index","follow":"follow","max-snippet":"max-snippet:-1","max-image-preview":"max-image-preview:large","max-video-preview":"max-video-preview:-1"},"canonical":"https:\/\/janushotel.hu\/en\/siofok\/zenepavilon\/","og_locale":"en_US","og_type":"article","og_title":"Zenepavilon - Janus Hotel","og_description":"8600, Si\u00f3fok, Millennium park A vas\u00fat\u00e1llom\u00e1s el\u0151tti t\u00e9ren 1994-ben \u00e9p\u00fclt a Millennium park, melynek k\u00f6zponti ter\u00e9n \u00e1ll\u00edtott\u00e1k fel a zenepavilont. A pavilonban Varga Imre szobr\u00e1szm\u0171v\u00e9sz K\u00e1lm\u00e1n Imre operettszerz\u0151t \u00e1br\u00e1zol\u00f3 alkot\u00e1sa fogadja a l\u00e1togat\u00f3kat.","og_url":"https:\/\/janushotel.hu\/en\/siofok\/zenepavilon\/","og_site_name":"Janus Hotel","article_modified_time":"2022-11-08T11:15:28+00:00","og_image":[{"url":"https:\/\/janushotel.hu\/wp-content\/uploads\/2022\/11\/janushotel_zenepavilon.jpg"}],"twitter_card":"summary_large_image","twitter_misc":{"Est. reading time":"1 minute"},"schema":{"@context":"https:\/\/schema.org","@graph":[{"@type":"WebPage","@id":"https:\/\/janushotel.hu\/en\/siofok\/zenepavilon\/","url":"https:\/\/janushotel.hu\/en\/siofok\/zenepavilon\/","name":"Zenepavilon - Janus Hotel","isPartOf":{"@id":"https:\/\/janushotel.hu\/#website"},"datePublished":"2022-11-08T09:57:58+00:00","dateModified":"2022-11-08T11:15:28+00:00","breadcrumb":{"@id":"https:\/\/janushotel.hu\/en\/siofok\/zenepavilon\/#breadcrumb"},"inLanguage":"en-US","potentialAction":[{"@type":"ReadAction","target":["https:\/\/janushotel.hu\/en\/siofok\/zenepavilon\/"]}]},{"@type":"BreadcrumbList","@id":"https:\/\/janushotel.hu\/en\/siofok\/zenepavilon\/#breadcrumb","itemListElement":[{"@type":"ListItem","position":1,"name":"Kezd\u0151lap","item":"https:\/\/janushotel.hu\/en\/"},{"@type":"ListItem","position":2,"name":"Events near us","item":"https:\/\/janushotel.hu\/en\/siofok\/"},{"@type":"ListItem","position":3,"name":"Zenepavilon"}]},{"@type":"WebSite","@id":"https:\/\/janushotel.hu\/#website","url":"https:\/\/janushotel.hu\/","name":"Janus Hotel","description":"","potentialAction":[{"@type":"SearchAction","target":{"@type":"EntryPoint","urlTemplate":"https:\/\/janushotel.hu\/?s={search_term_string}"},"query-input":"required name=search_term_string"}],"inLanguage":"en-US"}]}},"_links":{"self":[{"href":"https:\/\/janushotel.hu\/en\/wp-json\/wp\/v2\/pages\/8608"}],"collection":[{"href":"https:\/\/janushotel.hu\/en\/wp-json\/wp\/v2\/pages"}],"about":[{"href":"https:\/\/janushotel.hu\/en\/wp-json\/wp\/v2\/types\/page"}],"author":[{"embeddable":true,"href":"https:\/\/janushotel.hu\/en\/wp-json\/wp\/v2\/users\/3"}],"replies":[{"embeddable":true,"href":"https:\/\/janushotel.hu\/en\/wp-json\/wp\/v2\/comments?post=8608"}],"version-history":[{"count":2,"href":"https:\/\/janushotel.hu\/en\/wp-json\/wp\/v2\/pages\/8608\/revisions"}],"predecessor-version":[{"id":8685,"href":"https:\/\/janushotel.hu\/en\/wp-json\/wp\/v2\/pages\/8608\/revisions\/8685"}],"up":[{"embeddable":true,"href":"https:\/\/janushotel.hu\/en\/wp-json\/wp\/v2\/pages\/8476"}],"wp:attachment":[{"href":"https:\/\/janushotel.hu\/en\/wp-json\/wp\/v2\/media?parent=8608"}],"curies":[{"name":"wp","href":"https:\/\/api.w.org\/{rel}","templated":true}]}}