{"id":8603,"date":"2022-11-08T09:53:04","date_gmt":"2022-11-08T09:53:04","guid":{"rendered":"https:\/\/janushotel.wptar.hu\/kalman-imre-emlekhaz\/"},"modified":"2022-11-08T11:14:19","modified_gmt":"2022-11-08T11:14:19","slug":"kalman-imre-emlekhaz","status":"publish","type":"page","link":"https:\/\/janushotel.hu\/en\/siofok\/kalman-imre-emlekhaz\/","title":{"rendered":"K\u00e1lm\u00e1n Imre Eml\u00e9kh\u00e1z"},"content":{"rendered":"<p><a href=\"tel:+3684311287\">+36 84 311 287<\/a><br \/>\n8600, Si\u00f3fok, K\u00e1lm\u00e1n Imre s\u00e9t\u00e1ny 5.<br \/>\n<a href=\"https:\/\/kalmanimreemlekhaz.blog.hu\/\">https:\/\/kalmanimreemlekhaz.blog.hu\/<\/a><br \/>\n<a href=\"mailto:emlekhaz.kalman.imre@gmail.com\">emlekhaz.kalman.imre@gmail.com<\/a><\/p>\n<p>&#8220;E h\u00e1zb\u00f3l indult a vil\u00e1gh\u00edr fel\u00e9 K\u00e1lm\u00e1n Imre (1882. X. 24.) a Cs\u00e1rd\u00e1skir\u00e1lyn\u0151 halhatatlan mel\u00f3di\u00e1inak szerz\u0151je.\u201d K\u00e1lm\u00e1n Imre sz\u00fclet\u00e9s\u00e9nek 105. \u00e9vfordul\u00f3ja alkalm\u00e1b\u00f3l 1987. okt\u00f3ber 22-\u00e9n m\u00fazeum ny\u00edlt Si\u00f3fokon, a sz\u00fcl\u0151h\u00e1z\u00e1ban. A vil\u00e1gh\u00edr\u0171 operettkomponista ugyanis itt l\u00e1tta meg a napvil\u00e1got 1882. okt\u00f3ber 24-\u00e9n.<\/p>\n<p><img decoding=\"async\" loading=\"lazy\" class=\"aligncenter wp-image-8593 size-full\" src=\"https:\/\/janushotel.hu\/wp-content\/uploads\/2022\/11\/janushotel_kalman_imre_muzeum.jpg\" alt=\"\" width=\"1024\" height=\"683\" srcset=\"https:\/\/janushotel.hu\/wp-content\/uploads\/2022\/11\/janushotel_kalman_imre_muzeum.jpg 1024w, https:\/\/janushotel.hu\/wp-content\/uploads\/2022\/11\/janushotel_kalman_imre_muzeum-300x200.jpg 300w, https:\/\/janushotel.hu\/wp-content\/uploads\/2022\/11\/janushotel_kalman_imre_muzeum-768x512.jpg 768w, https:\/\/janushotel.hu\/wp-content\/uploads\/2022\/11\/janushotel_kalman_imre_muzeum-272x182.jpg 272w, https:\/\/janushotel.hu\/wp-content\/uploads\/2022\/11\/janushotel_kalman_imre_muzeum-720x480.jpg 720w\" sizes=\"(max-width: 1024px) 100vw, 1024px\" \/><\/p>\n","protected":false},"excerpt":{"rendered":"<p>+36 84 311 287 8600, Si\u00f3fok, K\u00e1lm\u00e1n Imre s\u00e9t\u00e1ny 5. https:\/\/kalmanimreemlekhaz.blog.hu\/ emlekhaz.kalman.imre@gmail.com &#8220;E h\u00e1zb\u00f3l indult a vil\u00e1gh\u00edr fel\u00e9 K\u00e1lm\u00e1n Imre (1882. X. 24.) a Cs\u00e1rd\u00e1skir\u00e1lyn\u0151 halhatatlan mel\u00f3di\u00e1inak szerz\u0151je.\u201d K\u00e1lm\u00e1n Imre sz\u00fclet\u00e9s\u00e9nek 105. \u00e9vfordul\u00f3ja alkalm\u00e1b\u00f3l 1987. okt\u00f3ber 22-\u00e9n m\u00fazeum ny\u00edlt Si\u00f3fokon, a sz\u00fcl\u0151h\u00e1z\u00e1ban. A vil\u00e1gh\u00edr\u0171 operettkomponista ugyanis itt l\u00e1tta meg a napvil\u00e1got 1882. okt\u00f3ber 24-\u00e9n.<\/p>\n","protected":false},"author":3,"featured_media":0,"parent":8476,"menu_order":0,"comment_status":"closed","ping_status":"closed","template":"templates\/template-full.php","meta":[],"acf":[],"yoast_head":"<!-- This site is optimized with the Yoast SEO plugin v21.6 - https:\/\/yoast.com\/wordpress\/plugins\/seo\/ -->\n<title>K\u00e1lm\u00e1n Imre Eml\u00e9kh\u00e1z - Janus Hotel<\/title>\n<meta name=\"robots\" content=\"index, follow, max-snippet:-1, max-image-preview:large, max-video-preview:-1\" \/>\n<link rel=\"canonical\" href=\"https:\/\/janushotel.hu\/en\/siofok\/kalman-imre-emlekhaz\/\" \/>\n<meta property=\"og:locale\" content=\"en_US\" \/>\n<meta property=\"og:type\" content=\"article\" \/>\n<meta property=\"og:title\" content=\"K\u00e1lm\u00e1n Imre Eml\u00e9kh\u00e1z - Janus Hotel\" \/>\n<meta property=\"og:description\" content=\"+36 84 311 287 8600, Si\u00f3fok, K\u00e1lm\u00e1n Imre s\u00e9t\u00e1ny 5. https:\/\/kalmanimreemlekhaz.blog.hu\/ emlekhaz.kalman.imre@gmail.com &#8220;E h\u00e1zb\u00f3l indult a vil\u00e1gh\u00edr fel\u00e9 K\u00e1lm\u00e1n Imre (1882. X. 24.) a Cs\u00e1rd\u00e1skir\u00e1lyn\u0151 halhatatlan mel\u00f3di\u00e1inak szerz\u0151je.\u201d K\u00e1lm\u00e1n Imre sz\u00fclet\u00e9s\u00e9nek 105. \u00e9vfordul\u00f3ja alkalm\u00e1b\u00f3l 1987. okt\u00f3ber 22-\u00e9n m\u00fazeum ny\u00edlt Si\u00f3fokon, a sz\u00fcl\u0151h\u00e1z\u00e1ban. A vil\u00e1gh\u00edr\u0171 operettkomponista ugyanis itt l\u00e1tta meg a napvil\u00e1got 1882. okt\u00f3ber 24-\u00e9n.\" \/>\n<meta property=\"og:url\" content=\"https:\/\/janushotel.hu\/en\/siofok\/kalman-imre-emlekhaz\/\" \/>\n<meta property=\"og:site_name\" content=\"Janus Hotel\" \/>\n<meta property=\"article:modified_time\" content=\"2022-11-08T11:14:19+00:00\" \/>\n<meta property=\"og:image\" content=\"https:\/\/janushotel.hu\/wp-content\/uploads\/2022\/11\/janushotel_kalman_imre_muzeum.jpg\" \/>\n<meta name=\"twitter:card\" content=\"summary_large_image\" \/>\n<meta name=\"twitter:label1\" content=\"Est. reading time\" \/>\n\t<meta name=\"twitter:data1\" content=\"1 minute\" \/>\n<script type=\"application\/ld+json\" class=\"yoast-schema-graph\">{\"@context\":\"https:\/\/schema.org\",\"@graph\":[{\"@type\":\"WebPage\",\"@id\":\"https:\/\/janushotel.hu\/en\/siofok\/kalman-imre-emlekhaz\/\",\"url\":\"https:\/\/janushotel.hu\/en\/siofok\/kalman-imre-emlekhaz\/\",\"name\":\"K\u00e1lm\u00e1n Imre Eml\u00e9kh\u00e1z - Janus Hotel\",\"isPartOf\":{\"@id\":\"https:\/\/janushotel.hu\/#website\"},\"datePublished\":\"2022-11-08T09:53:04+00:00\",\"dateModified\":\"2022-11-08T11:14:19+00:00\",\"breadcrumb\":{\"@id\":\"https:\/\/janushotel.hu\/en\/siofok\/kalman-imre-emlekhaz\/#breadcrumb\"},\"inLanguage\":\"en-US\",\"potentialAction\":[{\"@type\":\"ReadAction\",\"target\":[\"https:\/\/janushotel.hu\/en\/siofok\/kalman-imre-emlekhaz\/\"]}]},{\"@type\":\"BreadcrumbList\",\"@id\":\"https:\/\/janushotel.hu\/en\/siofok\/kalman-imre-emlekhaz\/#breadcrumb\",\"itemListElement\":[{\"@type\":\"ListItem\",\"position\":1,\"name\":\"Kezd\u0151lap\",\"item\":\"https:\/\/janushotel.hu\/en\/\"},{\"@type\":\"ListItem\",\"position\":2,\"name\":\"Events near us\",\"item\":\"https:\/\/janushotel.hu\/en\/siofok\/\"},{\"@type\":\"ListItem\",\"position\":3,\"name\":\"K\u00e1lm\u00e1n Imre Eml\u00e9kh\u00e1z\"}]},{\"@type\":\"WebSite\",\"@id\":\"https:\/\/janushotel.hu\/#website\",\"url\":\"https:\/\/janushotel.hu\/\",\"name\":\"Janus Hotel\",\"description\":\"\",\"potentialAction\":[{\"@type\":\"SearchAction\",\"target\":{\"@type\":\"EntryPoint\",\"urlTemplate\":\"https:\/\/janushotel.hu\/?s={search_term_string}\"},\"query-input\":\"required name=search_term_string\"}],\"inLanguage\":\"en-US\"}]}<\/script>\n<!-- \/ Yoast SEO plugin. -->","yoast_head_json":{"title":"K\u00e1lm\u00e1n Imre Eml\u00e9kh\u00e1z - Janus Hotel","robots":{"index":"index","follow":"follow","max-snippet":"max-snippet:-1","max-image-preview":"max-image-preview:large","max-video-preview":"max-video-preview:-1"},"canonical":"https:\/\/janushotel.hu\/en\/siofok\/kalman-imre-emlekhaz\/","og_locale":"en_US","og_type":"article","og_title":"K\u00e1lm\u00e1n Imre Eml\u00e9kh\u00e1z - Janus Hotel","og_description":"+36 84 311 287 8600, Si\u00f3fok, K\u00e1lm\u00e1n Imre s\u00e9t\u00e1ny 5. https:\/\/kalmanimreemlekhaz.blog.hu\/ emlekhaz.kalman.imre@gmail.com &#8220;E h\u00e1zb\u00f3l indult a vil\u00e1gh\u00edr fel\u00e9 K\u00e1lm\u00e1n Imre (1882. X. 24.) a Cs\u00e1rd\u00e1skir\u00e1lyn\u0151 halhatatlan mel\u00f3di\u00e1inak szerz\u0151je.\u201d K\u00e1lm\u00e1n Imre sz\u00fclet\u00e9s\u00e9nek 105. \u00e9vfordul\u00f3ja alkalm\u00e1b\u00f3l 1987. okt\u00f3ber 22-\u00e9n m\u00fazeum ny\u00edlt Si\u00f3fokon, a sz\u00fcl\u0151h\u00e1z\u00e1ban. A vil\u00e1gh\u00edr\u0171 operettkomponista ugyanis itt l\u00e1tta meg a napvil\u00e1got 1882. okt\u00f3ber 24-\u00e9n.","og_url":"https:\/\/janushotel.hu\/en\/siofok\/kalman-imre-emlekhaz\/","og_site_name":"Janus Hotel","article_modified_time":"2022-11-08T11:14:19+00:00","og_image":[{"url":"https:\/\/janushotel.hu\/wp-content\/uploads\/2022\/11\/janushotel_kalman_imre_muzeum.jpg"}],"twitter_card":"summary_large_image","twitter_misc":{"Est. reading time":"1 minute"},"schema":{"@context":"https:\/\/schema.org","@graph":[{"@type":"WebPage","@id":"https:\/\/janushotel.hu\/en\/siofok\/kalman-imre-emlekhaz\/","url":"https:\/\/janushotel.hu\/en\/siofok\/kalman-imre-emlekhaz\/","name":"K\u00e1lm\u00e1n Imre Eml\u00e9kh\u00e1z - Janus Hotel","isPartOf":{"@id":"https:\/\/janushotel.hu\/#website"},"datePublished":"2022-11-08T09:53:04+00:00","dateModified":"2022-11-08T11:14:19+00:00","breadcrumb":{"@id":"https:\/\/janushotel.hu\/en\/siofok\/kalman-imre-emlekhaz\/#breadcrumb"},"inLanguage":"en-US","potentialAction":[{"@type":"ReadAction","target":["https:\/\/janushotel.hu\/en\/siofok\/kalman-imre-emlekhaz\/"]}]},{"@type":"BreadcrumbList","@id":"https:\/\/janushotel.hu\/en\/siofok\/kalman-imre-emlekhaz\/#breadcrumb","itemListElement":[{"@type":"ListItem","position":1,"name":"Kezd\u0151lap","item":"https:\/\/janushotel.hu\/en\/"},{"@type":"ListItem","position":2,"name":"Events near us","item":"https:\/\/janushotel.hu\/en\/siofok\/"},{"@type":"ListItem","position":3,"name":"K\u00e1lm\u00e1n Imre Eml\u00e9kh\u00e1z"}]},{"@type":"WebSite","@id":"https:\/\/janushotel.hu\/#website","url":"https:\/\/janushotel.hu\/","name":"Janus Hotel","description":"","potentialAction":[{"@type":"SearchAction","target":{"@type":"EntryPoint","urlTemplate":"https:\/\/janushotel.hu\/?s={search_term_string}"},"query-input":"required name=search_term_string"}],"inLanguage":"en-US"}]}},"_links":{"self":[{"href":"https:\/\/janushotel.hu\/en\/wp-json\/wp\/v2\/pages\/8603"}],"collection":[{"href":"https:\/\/janushotel.hu\/en\/wp-json\/wp\/v2\/pages"}],"about":[{"href":"https:\/\/janushotel.hu\/en\/wp-json\/wp\/v2\/types\/page"}],"author":[{"embeddable":true,"href":"https:\/\/janushotel.hu\/en\/wp-json\/wp\/v2\/users\/3"}],"replies":[{"embeddable":true,"href":"https:\/\/janushotel.hu\/en\/wp-json\/wp\/v2\/comments?post=8603"}],"version-history":[{"count":2,"href":"https:\/\/janushotel.hu\/en\/wp-json\/wp\/v2\/pages\/8603\/revisions"}],"predecessor-version":[{"id":8679,"href":"https:\/\/janushotel.hu\/en\/wp-json\/wp\/v2\/pages\/8603\/revisions\/8679"}],"up":[{"embeddable":true,"href":"https:\/\/janushotel.hu\/en\/wp-json\/wp\/v2\/pages\/8476"}],"wp:attachment":[{"href":"https:\/\/janushotel.hu\/en\/wp-json\/wp\/v2\/media?parent=8603"}],"curies":[{"name":"wp","href":"https:\/\/api.w.org\/{rel}","templated":true}]}}