{"id":8545,"date":"2022-10-27T11:37:53","date_gmt":"2022-10-27T11:37:53","guid":{"rendered":"https:\/\/janushotel.wptar.hu\/?page_id=8545"},"modified":"2022-10-27T11:49:46","modified_gmt":"2022-10-27T11:49:46","slug":"sarlos-boldogasszony-plebaniatemplom","status":"publish","type":"page","link":"https:\/\/janushotel.hu\/en\/siofok\/sarlos-boldogasszony-plebaniatemplom\/","title":{"rendered":"Sarl\u00f3s Boldogasszony Pl\u00e9b\u00e1niatemplom"},"content":{"rendered":"<figure class=\"wp-block-image size-full\" style=\"text-align: center;\"><\/figure>\n<p><a href=\"tel:+3684310484\">+36 84 310 484<\/a><br>8600, Si\u00f3fok, F\u0151 utca. 57.<br><a href=\"http:\/\/www.siofok-plebania.eoldal.hu\/\">http:\/\/www.siofok-plebania.eoldal.hu\/<\/a><br><a href=\"mailto:siofok.plebania@gmail.com\">siofok.plebania@gmail.com<\/a><\/p>\n<p>Neorom\u00e1n st\u00edlusban \u00e9p\u00fclt pl\u00e9b\u00e1niatemplom, nem messze a v\u00e1ros F\u0151 ter\u00e9t\u0151l. A templomban tal\u00e1lhat\u00f3 a Balaton k\u00f6rny\u00e9k\u00e9nek legnagyobb orgon\u00e1ja.<\/p>\n\n\n<div style=\"height:20px\" aria-hidden=\"true\" class=\"wp-block-spacer\"><\/div>\n\n\n\n<p><img decoding=\"async\" loading=\"lazy\" class=\"aligncenter wp-image-8548 size-full\" src=\"https:\/\/janushotel.hu\/wp-content\/uploads\/2022\/10\/janushotel_sarlos_boldogasszony.jpg\" alt=\"\" width=\"1024\" height=\"683\" srcset=\"https:\/\/janushotel.hu\/wp-content\/uploads\/2022\/10\/janushotel_sarlos_boldogasszony.jpg 1024w, https:\/\/janushotel.hu\/wp-content\/uploads\/2022\/10\/janushotel_sarlos_boldogasszony-300x200.jpg 300w, https:\/\/janushotel.hu\/wp-content\/uploads\/2022\/10\/janushotel_sarlos_boldogasszony-768x512.jpg 768w, https:\/\/janushotel.hu\/wp-content\/uploads\/2022\/10\/janushotel_sarlos_boldogasszony-272x182.jpg 272w, https:\/\/janushotel.hu\/wp-content\/uploads\/2022\/10\/janushotel_sarlos_boldogasszony-720x480.jpg 720w\" sizes=\"(max-width: 1024px) 100vw, 1024px\" \/><\/p>\n","protected":false},"excerpt":{"rendered":"<p>+36 84 310 4848600, Si\u00f3fok, F\u0151 utca. 57.http:\/\/www.siofok-plebania.eoldal.hu\/siofok.plebania@gmail.com Neorom\u00e1n st\u00edlusban \u00e9p\u00fclt pl\u00e9b\u00e1niatemplom, nem messze a v\u00e1ros F\u0151 ter\u00e9t\u0151l. A templomban tal\u00e1lhat\u00f3 a Balaton k\u00f6rny\u00e9k\u00e9nek legnagyobb orgon\u00e1ja.<\/p>\n","protected":false},"author":3,"featured_media":0,"parent":8476,"menu_order":0,"comment_status":"closed","ping_status":"closed","template":"templates\/template-full.php","meta":[],"acf":[],"yoast_head":"<!-- This site is optimized with the Yoast SEO plugin v21.6 - https:\/\/yoast.com\/wordpress\/plugins\/seo\/ -->\n<title>Sarl\u00f3s Boldogasszony Pl\u00e9b\u00e1niatemplom - Janus Hotel<\/title>\n<meta name=\"robots\" content=\"index, follow, max-snippet:-1, max-image-preview:large, max-video-preview:-1\" \/>\n<link rel=\"canonical\" href=\"https:\/\/janushotel.hu\/en\/siofok\/sarlos-boldogasszony-plebaniatemplom\/\" \/>\n<meta property=\"og:locale\" content=\"en_US\" \/>\n<meta property=\"og:type\" content=\"article\" \/>\n<meta property=\"og:title\" content=\"Sarl\u00f3s Boldogasszony Pl\u00e9b\u00e1niatemplom - Janus Hotel\" \/>\n<meta property=\"og:description\" content=\"+36 84 310 4848600, Si\u00f3fok, F\u0151 utca. 57.http:\/\/www.siofok-plebania.eoldal.hu\/siofok.plebania@gmail.com Neorom\u00e1n st\u00edlusban \u00e9p\u00fclt pl\u00e9b\u00e1niatemplom, nem messze a v\u00e1ros F\u0151 ter\u00e9t\u0151l. A templomban tal\u00e1lhat\u00f3 a Balaton k\u00f6rny\u00e9k\u00e9nek legnagyobb orgon\u00e1ja.\" \/>\n<meta property=\"og:url\" content=\"https:\/\/janushotel.hu\/en\/siofok\/sarlos-boldogasszony-plebaniatemplom\/\" \/>\n<meta property=\"og:site_name\" content=\"Janus Hotel\" \/>\n<meta property=\"article:modified_time\" content=\"2022-10-27T11:49:46+00:00\" \/>\n<meta property=\"og:image\" content=\"https:\/\/janushotel.hu\/wp-content\/uploads\/2022\/10\/janushotel_sarlos_boldogasszony.jpg\" \/>\n<meta name=\"twitter:card\" content=\"summary_large_image\" \/>\n<meta name=\"twitter:label1\" content=\"Est. reading time\" \/>\n\t<meta name=\"twitter:data1\" content=\"1 minute\" \/>\n<script type=\"application\/ld+json\" class=\"yoast-schema-graph\">{\"@context\":\"https:\/\/schema.org\",\"@graph\":[{\"@type\":\"WebPage\",\"@id\":\"https:\/\/janushotel.hu\/en\/siofok\/sarlos-boldogasszony-plebaniatemplom\/\",\"url\":\"https:\/\/janushotel.hu\/en\/siofok\/sarlos-boldogasszony-plebaniatemplom\/\",\"name\":\"Sarl\u00f3s Boldogasszony Pl\u00e9b\u00e1niatemplom - Janus Hotel\",\"isPartOf\":{\"@id\":\"https:\/\/janushotel.hu\/#website\"},\"datePublished\":\"2022-10-27T11:37:53+00:00\",\"dateModified\":\"2022-10-27T11:49:46+00:00\",\"breadcrumb\":{\"@id\":\"https:\/\/janushotel.hu\/en\/siofok\/sarlos-boldogasszony-plebaniatemplom\/#breadcrumb\"},\"inLanguage\":\"en-US\",\"potentialAction\":[{\"@type\":\"ReadAction\",\"target\":[\"https:\/\/janushotel.hu\/en\/siofok\/sarlos-boldogasszony-plebaniatemplom\/\"]}]},{\"@type\":\"BreadcrumbList\",\"@id\":\"https:\/\/janushotel.hu\/en\/siofok\/sarlos-boldogasszony-plebaniatemplom\/#breadcrumb\",\"itemListElement\":[{\"@type\":\"ListItem\",\"position\":1,\"name\":\"Kezd\u0151lap\",\"item\":\"https:\/\/janushotel.hu\/en\/\"},{\"@type\":\"ListItem\",\"position\":2,\"name\":\"Events near us\",\"item\":\"https:\/\/janushotel.hu\/en\/siofok\/\"},{\"@type\":\"ListItem\",\"position\":3,\"name\":\"Sarl\u00f3s Boldogasszony Pl\u00e9b\u00e1niatemplom\"}]},{\"@type\":\"WebSite\",\"@id\":\"https:\/\/janushotel.hu\/#website\",\"url\":\"https:\/\/janushotel.hu\/\",\"name\":\"Janus Hotel\",\"description\":\"\",\"potentialAction\":[{\"@type\":\"SearchAction\",\"target\":{\"@type\":\"EntryPoint\",\"urlTemplate\":\"https:\/\/janushotel.hu\/?s={search_term_string}\"},\"query-input\":\"required name=search_term_string\"}],\"inLanguage\":\"en-US\"}]}<\/script>\n<!-- \/ Yoast SEO plugin. -->","yoast_head_json":{"title":"Sarl\u00f3s Boldogasszony Pl\u00e9b\u00e1niatemplom - Janus Hotel","robots":{"index":"index","follow":"follow","max-snippet":"max-snippet:-1","max-image-preview":"max-image-preview:large","max-video-preview":"max-video-preview:-1"},"canonical":"https:\/\/janushotel.hu\/en\/siofok\/sarlos-boldogasszony-plebaniatemplom\/","og_locale":"en_US","og_type":"article","og_title":"Sarl\u00f3s Boldogasszony Pl\u00e9b\u00e1niatemplom - Janus Hotel","og_description":"+36 84 310 4848600, Si\u00f3fok, F\u0151 utca. 57.http:\/\/www.siofok-plebania.eoldal.hu\/siofok.plebania@gmail.com Neorom\u00e1n st\u00edlusban \u00e9p\u00fclt pl\u00e9b\u00e1niatemplom, nem messze a v\u00e1ros F\u0151 ter\u00e9t\u0151l. A templomban tal\u00e1lhat\u00f3 a Balaton k\u00f6rny\u00e9k\u00e9nek legnagyobb orgon\u00e1ja.","og_url":"https:\/\/janushotel.hu\/en\/siofok\/sarlos-boldogasszony-plebaniatemplom\/","og_site_name":"Janus Hotel","article_modified_time":"2022-10-27T11:49:46+00:00","og_image":[{"url":"https:\/\/janushotel.hu\/wp-content\/uploads\/2022\/10\/janushotel_sarlos_boldogasszony.jpg"}],"twitter_card":"summary_large_image","twitter_misc":{"Est. reading time":"1 minute"},"schema":{"@context":"https:\/\/schema.org","@graph":[{"@type":"WebPage","@id":"https:\/\/janushotel.hu\/en\/siofok\/sarlos-boldogasszony-plebaniatemplom\/","url":"https:\/\/janushotel.hu\/en\/siofok\/sarlos-boldogasszony-plebaniatemplom\/","name":"Sarl\u00f3s Boldogasszony Pl\u00e9b\u00e1niatemplom - Janus Hotel","isPartOf":{"@id":"https:\/\/janushotel.hu\/#website"},"datePublished":"2022-10-27T11:37:53+00:00","dateModified":"2022-10-27T11:49:46+00:00","breadcrumb":{"@id":"https:\/\/janushotel.hu\/en\/siofok\/sarlos-boldogasszony-plebaniatemplom\/#breadcrumb"},"inLanguage":"en-US","potentialAction":[{"@type":"ReadAction","target":["https:\/\/janushotel.hu\/en\/siofok\/sarlos-boldogasszony-plebaniatemplom\/"]}]},{"@type":"BreadcrumbList","@id":"https:\/\/janushotel.hu\/en\/siofok\/sarlos-boldogasszony-plebaniatemplom\/#breadcrumb","itemListElement":[{"@type":"ListItem","position":1,"name":"Kezd\u0151lap","item":"https:\/\/janushotel.hu\/en\/"},{"@type":"ListItem","position":2,"name":"Events near us","item":"https:\/\/janushotel.hu\/en\/siofok\/"},{"@type":"ListItem","position":3,"name":"Sarl\u00f3s Boldogasszony Pl\u00e9b\u00e1niatemplom"}]},{"@type":"WebSite","@id":"https:\/\/janushotel.hu\/#website","url":"https:\/\/janushotel.hu\/","name":"Janus Hotel","description":"","potentialAction":[{"@type":"SearchAction","target":{"@type":"EntryPoint","urlTemplate":"https:\/\/janushotel.hu\/?s={search_term_string}"},"query-input":"required name=search_term_string"}],"inLanguage":"en-US"}]}},"_links":{"self":[{"href":"https:\/\/janushotel.hu\/en\/wp-json\/wp\/v2\/pages\/8545"}],"collection":[{"href":"https:\/\/janushotel.hu\/en\/wp-json\/wp\/v2\/pages"}],"about":[{"href":"https:\/\/janushotel.hu\/en\/wp-json\/wp\/v2\/types\/page"}],"author":[{"embeddable":true,"href":"https:\/\/janushotel.hu\/en\/wp-json\/wp\/v2\/users\/3"}],"replies":[{"embeddable":true,"href":"https:\/\/janushotel.hu\/en\/wp-json\/wp\/v2\/comments?post=8545"}],"version-history":[{"count":4,"href":"https:\/\/janushotel.hu\/en\/wp-json\/wp\/v2\/pages\/8545\/revisions"}],"predecessor-version":[{"id":8570,"href":"https:\/\/janushotel.hu\/en\/wp-json\/wp\/v2\/pages\/8545\/revisions\/8570"}],"up":[{"embeddable":true,"href":"https:\/\/janushotel.hu\/en\/wp-json\/wp\/v2\/pages\/8476"}],"wp:attachment":[{"href":"https:\/\/janushotel.hu\/en\/wp-json\/wp\/v2\/media?parent=8545"}],"curies":[{"name":"wp","href":"https:\/\/api.w.org\/{rel}","templated":true}]}}