{"id":8511,"date":"2022-10-26T14:20:22","date_gmt":"2022-10-26T14:20:22","guid":{"rendered":"https:\/\/janushotel.wptar.hu\/viztorony\/"},"modified":"2022-10-26T14:49:53","modified_gmt":"2022-10-26T14:49:53","slug":"viztorony","status":"publish","type":"page","link":"https:\/\/janushotel.hu\/en\/siofok\/viztorony\/","title":{"rendered":"V\u00edztorony"},"content":{"rendered":"<figure class=\"wp-block-image size-full\" style=\"text-align: center;\"><\/figure>\n<p><a href=\"tel:+36 30 244 8888\">+36 30 244 8888<\/a><br>8600, Si\u00f3fok, F\u0151 t\u00e9r 11.<br><a href=\"mailto:info@viztorony.com\">info@viztorony.com<\/a><\/p>\n<p>Si\u00f3fok jelk\u00e9pe, legemblematikusabb \u00e9p\u00fclete, amely a v\u00e1ros sz\u00edv\u00e9ben fekszik, a F\u0151 t\u00e9ren. A torony 100. \u00e9vfordul\u00f3ja alkalm\u00e1b\u00f3l 2012-ben teljes fel\u00faj\u00edt\u00e1son ment kereszt\u00fcl. Az egykori v\u00edztart\u00e1ly hely\u00e9n kil\u00e1t\u00f3-k\u00e1v\u00e9z\u00f3 ker\u00fclt kialak\u00edt\u00e1sra. Az \u00e9p\u00fclet, Gergely Jen\u0151 \u00e9s Gut \u00c1rp\u00e1d tervei alapj\u00e1n \u00e9p\u00fclt meg 1912-ben.<\/p>\n\n\n<div style=\"height:20px\" aria-hidden=\"true\" class=\"wp-block-spacer\"><\/div>\n\n\n\n<p><img decoding=\"async\" loading=\"lazy\" class=\"aligncenter wp-image-8485 size-full\" src=\"https:\/\/janushotel.hu\/wp-content\/uploads\/2022\/10\/janushotel_viztorony.jpg\" alt=\"\" width=\"1024\" height=\"683\" srcset=\"https:\/\/janushotel.hu\/wp-content\/uploads\/2022\/10\/janushotel_viztorony.jpg 1024w, https:\/\/janushotel.hu\/wp-content\/uploads\/2022\/10\/janushotel_viztorony-300x200.jpg 300w, https:\/\/janushotel.hu\/wp-content\/uploads\/2022\/10\/janushotel_viztorony-768x512.jpg 768w, https:\/\/janushotel.hu\/wp-content\/uploads\/2022\/10\/janushotel_viztorony-272x182.jpg 272w, https:\/\/janushotel.hu\/wp-content\/uploads\/2022\/10\/janushotel_viztorony-720x480.jpg 720w\" sizes=\"(max-width: 1024px) 100vw, 1024px\" \/><\/p>\n","protected":false},"excerpt":{"rendered":"<p>+36 30 244 88888600, Si\u00f3fok, F\u0151 t\u00e9r 11.info@viztorony.com Si\u00f3fok jelk\u00e9pe, legemblematikusabb \u00e9p\u00fclete, amely a v\u00e1ros sz\u00edv\u00e9ben fekszik, a F\u0151 t\u00e9ren. A torony 100. \u00e9vfordul\u00f3ja alkalm\u00e1b\u00f3l 2012-ben teljes fel\u00faj\u00edt\u00e1son ment kereszt\u00fcl. Az egykori v\u00edztart\u00e1ly hely\u00e9n kil\u00e1t\u00f3-k\u00e1v\u00e9z\u00f3 ker\u00fclt kialak\u00edt\u00e1sra. Az \u00e9p\u00fclet, Gergely Jen\u0151 \u00e9s Gut \u00c1rp\u00e1d tervei alapj\u00e1n \u00e9p\u00fclt meg 1912-ben.<\/p>\n","protected":false},"author":3,"featured_media":0,"parent":8476,"menu_order":0,"comment_status":"closed","ping_status":"closed","template":"templates\/template-full.php","meta":[],"acf":[],"yoast_head":"<!-- This site is optimized with the Yoast SEO plugin v21.6 - https:\/\/yoast.com\/wordpress\/plugins\/seo\/ -->\n<title>V\u00edztorony - Janus Hotel<\/title>\n<meta name=\"robots\" content=\"index, follow, max-snippet:-1, max-image-preview:large, max-video-preview:-1\" \/>\n<link rel=\"canonical\" href=\"https:\/\/janushotel.hu\/en\/siofok\/viztorony\/\" \/>\n<meta property=\"og:locale\" content=\"en_US\" \/>\n<meta property=\"og:type\" content=\"article\" \/>\n<meta property=\"og:title\" content=\"V\u00edztorony - Janus Hotel\" \/>\n<meta property=\"og:description\" content=\"+36 30 244 88888600, Si\u00f3fok, F\u0151 t\u00e9r 11.info@viztorony.com Si\u00f3fok jelk\u00e9pe, legemblematikusabb \u00e9p\u00fclete, amely a v\u00e1ros sz\u00edv\u00e9ben fekszik, a F\u0151 t\u00e9ren. A torony 100. \u00e9vfordul\u00f3ja alkalm\u00e1b\u00f3l 2012-ben teljes fel\u00faj\u00edt\u00e1son ment kereszt\u00fcl. Az egykori v\u00edztart\u00e1ly hely\u00e9n kil\u00e1t\u00f3-k\u00e1v\u00e9z\u00f3 ker\u00fclt kialak\u00edt\u00e1sra. Az \u00e9p\u00fclet, Gergely Jen\u0151 \u00e9s Gut \u00c1rp\u00e1d tervei alapj\u00e1n \u00e9p\u00fclt meg 1912-ben.\" \/>\n<meta property=\"og:url\" content=\"https:\/\/janushotel.hu\/en\/siofok\/viztorony\/\" \/>\n<meta property=\"og:site_name\" content=\"Janus Hotel\" \/>\n<meta property=\"article:modified_time\" content=\"2022-10-26T14:49:53+00:00\" \/>\n<meta property=\"og:image\" content=\"https:\/\/janushotel.hu\/wp-content\/uploads\/2022\/10\/janushotel_viztorony.jpg\" \/>\n<meta name=\"twitter:card\" content=\"summary_large_image\" \/>\n<meta name=\"twitter:label1\" content=\"Est. reading time\" \/>\n\t<meta name=\"twitter:data1\" content=\"1 minute\" \/>\n<script type=\"application\/ld+json\" class=\"yoast-schema-graph\">{\"@context\":\"https:\/\/schema.org\",\"@graph\":[{\"@type\":\"WebPage\",\"@id\":\"https:\/\/janushotel.hu\/en\/siofok\/viztorony\/\",\"url\":\"https:\/\/janushotel.hu\/en\/siofok\/viztorony\/\",\"name\":\"V\u00edztorony - Janus Hotel\",\"isPartOf\":{\"@id\":\"https:\/\/janushotel.hu\/#website\"},\"datePublished\":\"2022-10-26T14:20:22+00:00\",\"dateModified\":\"2022-10-26T14:49:53+00:00\",\"breadcrumb\":{\"@id\":\"https:\/\/janushotel.hu\/en\/siofok\/viztorony\/#breadcrumb\"},\"inLanguage\":\"en-US\",\"potentialAction\":[{\"@type\":\"ReadAction\",\"target\":[\"https:\/\/janushotel.hu\/en\/siofok\/viztorony\/\"]}]},{\"@type\":\"BreadcrumbList\",\"@id\":\"https:\/\/janushotel.hu\/en\/siofok\/viztorony\/#breadcrumb\",\"itemListElement\":[{\"@type\":\"ListItem\",\"position\":1,\"name\":\"Kezd\u0151lap\",\"item\":\"https:\/\/janushotel.hu\/en\/\"},{\"@type\":\"ListItem\",\"position\":2,\"name\":\"Events near us\",\"item\":\"https:\/\/janushotel.hu\/en\/siofok\/\"},{\"@type\":\"ListItem\",\"position\":3,\"name\":\"V\u00edztorony\"}]},{\"@type\":\"WebSite\",\"@id\":\"https:\/\/janushotel.hu\/#website\",\"url\":\"https:\/\/janushotel.hu\/\",\"name\":\"Janus Hotel\",\"description\":\"\",\"potentialAction\":[{\"@type\":\"SearchAction\",\"target\":{\"@type\":\"EntryPoint\",\"urlTemplate\":\"https:\/\/janushotel.hu\/?s={search_term_string}\"},\"query-input\":\"required name=search_term_string\"}],\"inLanguage\":\"en-US\"}]}<\/script>\n<!-- \/ Yoast SEO plugin. -->","yoast_head_json":{"title":"V\u00edztorony - Janus Hotel","robots":{"index":"index","follow":"follow","max-snippet":"max-snippet:-1","max-image-preview":"max-image-preview:large","max-video-preview":"max-video-preview:-1"},"canonical":"https:\/\/janushotel.hu\/en\/siofok\/viztorony\/","og_locale":"en_US","og_type":"article","og_title":"V\u00edztorony - Janus Hotel","og_description":"+36 30 244 88888600, Si\u00f3fok, F\u0151 t\u00e9r 11.info@viztorony.com Si\u00f3fok jelk\u00e9pe, legemblematikusabb \u00e9p\u00fclete, amely a v\u00e1ros sz\u00edv\u00e9ben fekszik, a F\u0151 t\u00e9ren. A torony 100. \u00e9vfordul\u00f3ja alkalm\u00e1b\u00f3l 2012-ben teljes fel\u00faj\u00edt\u00e1son ment kereszt\u00fcl. Az egykori v\u00edztart\u00e1ly hely\u00e9n kil\u00e1t\u00f3-k\u00e1v\u00e9z\u00f3 ker\u00fclt kialak\u00edt\u00e1sra. Az \u00e9p\u00fclet, Gergely Jen\u0151 \u00e9s Gut \u00c1rp\u00e1d tervei alapj\u00e1n \u00e9p\u00fclt meg 1912-ben.","og_url":"https:\/\/janushotel.hu\/en\/siofok\/viztorony\/","og_site_name":"Janus Hotel","article_modified_time":"2022-10-26T14:49:53+00:00","og_image":[{"url":"https:\/\/janushotel.hu\/wp-content\/uploads\/2022\/10\/janushotel_viztorony.jpg"}],"twitter_card":"summary_large_image","twitter_misc":{"Est. reading time":"1 minute"},"schema":{"@context":"https:\/\/schema.org","@graph":[{"@type":"WebPage","@id":"https:\/\/janushotel.hu\/en\/siofok\/viztorony\/","url":"https:\/\/janushotel.hu\/en\/siofok\/viztorony\/","name":"V\u00edztorony - Janus Hotel","isPartOf":{"@id":"https:\/\/janushotel.hu\/#website"},"datePublished":"2022-10-26T14:20:22+00:00","dateModified":"2022-10-26T14:49:53+00:00","breadcrumb":{"@id":"https:\/\/janushotel.hu\/en\/siofok\/viztorony\/#breadcrumb"},"inLanguage":"en-US","potentialAction":[{"@type":"ReadAction","target":["https:\/\/janushotel.hu\/en\/siofok\/viztorony\/"]}]},{"@type":"BreadcrumbList","@id":"https:\/\/janushotel.hu\/en\/siofok\/viztorony\/#breadcrumb","itemListElement":[{"@type":"ListItem","position":1,"name":"Kezd\u0151lap","item":"https:\/\/janushotel.hu\/en\/"},{"@type":"ListItem","position":2,"name":"Events near us","item":"https:\/\/janushotel.hu\/en\/siofok\/"},{"@type":"ListItem","position":3,"name":"V\u00edztorony"}]},{"@type":"WebSite","@id":"https:\/\/janushotel.hu\/#website","url":"https:\/\/janushotel.hu\/","name":"Janus Hotel","description":"","potentialAction":[{"@type":"SearchAction","target":{"@type":"EntryPoint","urlTemplate":"https:\/\/janushotel.hu\/?s={search_term_string}"},"query-input":"required name=search_term_string"}],"inLanguage":"en-US"}]}},"_links":{"self":[{"href":"https:\/\/janushotel.hu\/en\/wp-json\/wp\/v2\/pages\/8511"}],"collection":[{"href":"https:\/\/janushotel.hu\/en\/wp-json\/wp\/v2\/pages"}],"about":[{"href":"https:\/\/janushotel.hu\/en\/wp-json\/wp\/v2\/types\/page"}],"author":[{"embeddable":true,"href":"https:\/\/janushotel.hu\/en\/wp-json\/wp\/v2\/users\/3"}],"replies":[{"embeddable":true,"href":"https:\/\/janushotel.hu\/en\/wp-json\/wp\/v2\/comments?post=8511"}],"version-history":[{"count":2,"href":"https:\/\/janushotel.hu\/en\/wp-json\/wp\/v2\/pages\/8511\/revisions"}],"predecessor-version":[{"id":8515,"href":"https:\/\/janushotel.hu\/en\/wp-json\/wp\/v2\/pages\/8511\/revisions\/8515"}],"up":[{"embeddable":true,"href":"https:\/\/janushotel.hu\/en\/wp-json\/wp\/v2\/pages\/8476"}],"wp:attachment":[{"href":"https:\/\/janushotel.hu\/en\/wp-json\/wp\/v2\/media?parent=8511"}],"curies":[{"name":"wp","href":"https:\/\/api.w.org\/{rel}","templated":true}]}}