{"id":7974,"date":"2021-09-06T16:04:09","date_gmt":"2021-09-06T16:04:09","guid":{"rendered":"https:\/\/janushotel.wptar.hu\/viza-informaciok\/"},"modified":"2021-09-06T16:04:09","modified_gmt":"2021-09-06T16:04:09","slug":"viza-informaciok","status":"publish","type":"page","link":"https:\/\/janushotel.hu\/en\/viza-informaciok\/","title":{"rendered":"VIZA inform\u00e1ci\u00f3k"},"content":{"rendered":"<p><img decoding=\"async\" loading=\"lazy\" class=\"aligncenter size-full wp-image-7564\" src=\"https:\/\/janushotel.hu\/wp-content\/uploads\/2021\/09\/Viza-logo1.jpg\" alt=\"\" width=\"1389\" height=\"309\" srcset=\"https:\/\/janushotel.hu\/wp-content\/uploads\/2021\/09\/Viza-logo1.jpg 1389w, https:\/\/janushotel.hu\/wp-content\/uploads\/2021\/09\/Viza-logo1-300x67.jpg 300w, https:\/\/janushotel.hu\/wp-content\/uploads\/2021\/09\/Viza-logo1-1024x228.jpg 1024w, https:\/\/janushotel.hu\/wp-content\/uploads\/2021\/09\/Viza-logo1-768x171.jpg 768w\" sizes=\"(max-width: 1389px) 100vw, 1389px\" \/><\/p>\n<p><strong>2021. szeptember 1-j\u00e9t k\u00f6vet\u0151en, a hat\u00e1lyos jogszab\u00e1lyok \u00e9rtelm\u00e9ben, a Magyarorsz\u00e1gon<\/strong><br \/>\n<strong>sz\u00e1ll\u00e1shely-szolg\u00e1ltat\u00e1st ig\u00e9nybe vev\u0151k jogszab\u00e1lyban meghat\u00e1rozott szem\u00e9lyes adatait a<\/strong><br \/>\n<strong>sz\u00e1ll\u00e1shely-szolg\u00e1ltat\u00f3 okm\u00e1nyolvas\u00f3n kereszt\u00fcl sz\u00e1ll\u00e1shelykezel\u0151 szoftver\u00e9ben r\u00f6gz\u00edti, \u00e9s egy<\/strong><br \/>\n<strong>t\u00e1rhelyre, a Vend\u00e9g Inform\u00e1ci\u00f3s Z\u00e1rt Adatb\u00e1zisba (VIZA) tov\u00e1bb\u00edtja.<\/strong><\/p>\n<p>A sz\u00e1ll\u00e1shely-szolg\u00e1ltat\u00f3 \u2013 az \u00e9rintett \u00e9s m\u00e1sok jogainak, biztons\u00e1g\u00e1nak \u00e9s tulajdon\u00e1nak v\u00e9delme<br \/>\n\u00e9rdek\u00e9ben, tov\u00e1bb\u00e1 harmadik orsz\u00e1gbeli \u00e1llampolg\u00e1rok \u00e9s a szabad mozg\u00e1s \u00e9s tart\u00f3zkod\u00e1s<br \/>\njog\u00e1val rendelkez\u0151 szem\u00e9lyek tart\u00f3zkod\u00e1s\u00e1ra vonatkoz\u00f3 rendelkez\u00e9sek betart\u00e1s\u00e1nak ellen\u0151rz\u00e9se<br \/>\nc\u00e9lj\u00e1b\u00f3l \u2013 bejelentkez\u00e9skor <strong>az ig\u00e9nybe vev\u0151 al\u00e1bbi adatait r\u00f6gz\u00edti sz\u00e1ll\u00e1shelykezel\u0151 szoftver\u00e9ben:<\/strong><\/p>\n<p><strong>\u25cf csal\u00e1di \u00e9s ut\u00f3nev\u00e9t;<\/strong><br \/>\n<strong>\u25cf sz\u00fclet\u00e9si csal\u00e1di \u00e9s ut\u00f3nev\u00e9t,<\/strong><br \/>\n<strong>\u25cf sz\u00fclet\u00e9si hely\u00e9t;<\/strong><br \/>\n<strong>\u25cf sz\u00fclet\u00e9si idej\u00e9t;<\/strong><br \/>\n<strong>\u25cf nem\u00e9t;<\/strong><br \/>\n<strong>\u25cf \u00e1llampolg\u00e1rs\u00e1g\u00e1t;<\/strong><br \/>\n<strong>\u25cf anyja sz\u00fclet\u00e9si csal\u00e1di \u00e9s ut\u00f3nev\u00e9t,<\/strong><br \/>\n<strong>\u25cf szem\u00e9lyazonos\u00edt\u00f3 vagy \u00fatiokm\u00e1ny azonos\u00edt\u00f3 adatait;<\/strong><br \/>\n<strong>\u25cf harmadik orsz\u00e1gbeli \u00e1llampolg\u00e1r eset\u00e9ben* a v\u00edzum vagy tart\u00f3zkod\u00e1si<\/strong><br \/>\n<strong>enged\u00e9ly sz\u00e1m\u00e1t, a beutaz\u00e1s id\u0151pontj\u00e1t \u00e9s hely\u00e9t.<\/strong><\/p>\n<p>*harmadik orsz\u00e1gbeli \u00e1llampolg\u00e1r: a harmadik orsz\u00e1gbeli \u00e1llampolg\u00e1rok beutaz\u00e1s\u00e1r\u00f3l \u00e9s tart\u00f3zkod\u00e1s\u00e1r\u00f3l sz\u00f3l\u00f3<br \/>\n2007. \u00e9vi II. t\u00f6rv\u00e9ny szerinti szem\u00e9lyek.<\/p>\n<p>A sz\u00e1ll\u00e1shely-szolg\u00e1ltat\u00e1st ig\u00e9nybe vev\u0151 az azonos\u00edt\u00e1sra alkalmas okm\u00e1nyt a sz\u00e1ll\u00e1shely-szolg\u00e1ltat\u00f3nak<br \/>\naz adatok r\u00f6gz\u00edt\u00e9se c\u00e9lj\u00e1b\u00f3l bemutatja. Nem kell r\u00f6gz\u00edteni azt az adatot, amelyet<br \/>\naz okm\u00e1ny nem tartalmaz.<\/p>\n<p><strong>Az okm\u00e1ny bemutat\u00e1s\u00e1nak hi\u00e1ny\u00e1ban a sz\u00e1ll\u00e1shely-szolg\u00e1ltat\u00f3 a<\/strong><br \/>\n<strong>sz\u00e1ll\u00e1shely-szolg\u00e1ltat\u00e1st megtagadja. Jogszab\u00e1lyi elrendel\u00e9s alapj\u00e1n a sz\u00e1ll\u00e1shely-szolg\u00e1ltat\u00f3<\/strong><br \/>\n<strong>jogosult elk\u00e9rni a vend\u00e9g szem\u00e9lyazonos\u00edt\u00f3 okm\u00e1ny\u00e1t, a vend\u00e9g pedig k\u00f6teles azt bemutatni.<\/strong><\/p>\n<p><strong>Az operat\u00edv t\u00f6rzs d\u00f6nt\u00e9se \u00e1tneneti halad\u00e9kot ad a kiskor\u00faak egy csoportja sz\u00e1m\u00e1ra, mivel 2022 janu\u00e1r 1-j\u00e9ig a sz\u00e1ll\u00e1shelyeken nem kell bemutatni szem\u00e9lyi igazolv\u00e1nyt a 14 \u00e9vn\u00e9l fiatalabb gyermekek eset\u00e9ben.<\/strong><\/p>\n<p>A sz\u00e1ll\u00e1shely-szolg\u00e1ltat\u00f3 az ig\u00e9nybe vev\u0151k adatait a tudom\u00e1s\u00e1ra jut\u00e1st k\u00f6vet\u0151 \u00e9v utols\u00f3 napj\u00e1ig<br \/>\nkezeli a jogszab\u00e1lyban r\u00f6gz\u00edtett c\u00e9lb\u00f3l. Az aszimmetrikus titkos\u00edt\u00e1ssal a t\u00f6rv\u00e9ny \u00e1ltal meghat\u00e1rozott<br \/>\nt\u00e1rhelyen, vagyis <strong>a VIZA rendszerben t\u00e1rolt adatokban a rend\u0151rs\u00e9g a b\u0171n\u00fcld\u00f6z\u00e9s, a b\u0171nmegel\u0151z\u00e9s,<\/strong><br \/>\n<strong>valamint a k\u00f6zrend, a k\u00f6zbiztons\u00e1g, az \u00e1llamhat\u00e1r rendj\u00e9nek, az \u00e9rintett \u00e9s m\u00e1sok<\/strong><br \/>\n<strong>jogainak, biztons\u00e1g\u00e1nak \u00e9s tulajdon\u00e1nak v\u00e9delme \u00e9s a k\u00f6r\u00f6z\u00e9si elj\u00e1r\u00e1s lefolytat\u00e1sa \u00e9rdek\u00e9ben<\/strong><br \/>\n<strong>keres\u00e9st v\u00e9gezhet.<\/strong><\/p>\n<p>HAT\u00c1LYOS JOGSZAB\u00c1LYOK:<br \/>\n\u25cf a turisztikai t\u00e9rs\u00e9gek fejleszt\u00e9s\u00e9nek \u00e1llami feladatair\u00f3l sz\u00f3l\u00f3 2016. \u00e9vi CLVI. t\u00f6rv\u00e9ny;<br \/>\n\u25cf a turisztikai t\u00e9rs\u00e9gek fejleszt\u00e9s\u00e9nek \u00e1llami feladatair\u00f3l sz\u00f3l\u00f3 t\u00f6rv\u00e9ny v\u00e9grehajt\u00e1s\u00e1r\u00f3l sz\u00f3l\u00f3 235\/2019. (X. 15.) Korm. rendelet;<br \/>\n\u25cf a szem\u00e9lyazonos\u00edt\u00f3 igazolv\u00e1ny kiad\u00e1sa \u00e9s az egys\u00e9ges arck\u00e9pm\u00e1s- \u00e9s al\u00e1\u00edr\u00e1s-felv\u00e9telez\u00e9s szab\u00e1lyair\u00f3l sz\u00f3l\u00f3 414\/2015. (XII. 23.) Korm.rendelet.<br \/>\n** harmadik orsz\u00e1gbeli \u00e1llampolg\u00e1r: a harmadik orsz\u00e1gbeli \u00e1llampolg\u00e1rok beutaz\u00e1s\u00e1r\u00f3l \u00e9s tart\u00f3zkod\u00e1s\u00e1r\u00f3l sz\u00f3l\u00f3 2007. \u00e9vi II. t\u00f6rv\u00e9ny szerinti szem\u00e9lyek<\/p>\n<p><a href=\"https:\/\/vizainfo.hu\/\">https:\/\/vizainfo.hu\/<\/a><\/p>\n<p><img decoding=\"async\" loading=\"lazy\" class=\"aligncenter size-full wp-image-7566\" src=\"https:\/\/janushotel.hu\/wp-content\/uploads\/2021\/09\/Viza-logo2.jpg\" alt=\"\" width=\"1024\" height=\"360\" srcset=\"https:\/\/janushotel.hu\/wp-content\/uploads\/2021\/09\/Viza-logo2.jpg 1024w, https:\/\/janushotel.hu\/wp-content\/uploads\/2021\/09\/Viza-logo2-300x105.jpg 300w, https:\/\/janushotel.hu\/wp-content\/uploads\/2021\/09\/Viza-logo2-768x270.jpg 768w\" sizes=\"(max-width: 1024px) 100vw, 1024px\" \/><\/p>\n","protected":false},"excerpt":{"rendered":"<p>2021. szeptember 1-j\u00e9t k\u00f6vet\u0151en, a hat\u00e1lyos jogszab\u00e1lyok \u00e9rtelm\u00e9ben, a Magyarorsz\u00e1gon sz\u00e1ll\u00e1shely-szolg\u00e1ltat\u00e1st ig\u00e9nybe vev\u0151k jogszab\u00e1lyban meghat\u00e1rozott szem\u00e9lyes adatait a sz\u00e1ll\u00e1shely-szolg\u00e1ltat\u00f3 okm\u00e1nyolvas\u00f3n kereszt\u00fcl sz\u00e1ll\u00e1shelykezel\u0151 szoftver\u00e9ben r\u00f6gz\u00edti, \u00e9s egy t\u00e1rhelyre, a Vend\u00e9g Inform\u00e1ci\u00f3s Z\u00e1rt Adatb\u00e1zisba (VIZA) tov\u00e1bb\u00edtja. A sz\u00e1ll\u00e1shely-szolg\u00e1ltat\u00f3 \u2013 az \u00e9rintett \u00e9s m\u00e1sok jogainak, biztons\u00e1g\u00e1nak \u00e9s tulajdon\u00e1nak v\u00e9delme \u00e9rdek\u00e9ben, tov\u00e1bb\u00e1 harmadik orsz\u00e1gbeli \u00e1llampolg\u00e1rok \u00e9s a szabad mozg\u00e1s [&hellip;]<\/p>\n","protected":false},"author":2,"featured_media":0,"parent":0,"menu_order":0,"comment_status":"closed","ping_status":"closed","template":"templates\/template-full.php","meta":[],"acf":[],"yoast_head":"<!-- This site is optimized with the Yoast SEO plugin v21.6 - https:\/\/yoast.com\/wordpress\/plugins\/seo\/ -->\n<title>VIZA inform\u00e1ci\u00f3k - Janus Hotel<\/title>\n<meta name=\"robots\" content=\"index, follow, max-snippet:-1, max-image-preview:large, max-video-preview:-1\" \/>\n<link rel=\"canonical\" href=\"https:\/\/janushotel.hu\/en\/viza-informaciok\/\" \/>\n<meta property=\"og:locale\" content=\"en_US\" \/>\n<meta property=\"og:type\" content=\"article\" \/>\n<meta property=\"og:title\" content=\"VIZA inform\u00e1ci\u00f3k - Janus Hotel\" \/>\n<meta property=\"og:description\" content=\"2021. szeptember 1-j\u00e9t k\u00f6vet\u0151en, a hat\u00e1lyos jogszab\u00e1lyok \u00e9rtelm\u00e9ben, a Magyarorsz\u00e1gon sz\u00e1ll\u00e1shely-szolg\u00e1ltat\u00e1st ig\u00e9nybe vev\u0151k jogszab\u00e1lyban meghat\u00e1rozott szem\u00e9lyes adatait a sz\u00e1ll\u00e1shely-szolg\u00e1ltat\u00f3 okm\u00e1nyolvas\u00f3n kereszt\u00fcl sz\u00e1ll\u00e1shelykezel\u0151 szoftver\u00e9ben r\u00f6gz\u00edti, \u00e9s egy t\u00e1rhelyre, a Vend\u00e9g Inform\u00e1ci\u00f3s Z\u00e1rt Adatb\u00e1zisba (VIZA) tov\u00e1bb\u00edtja. A sz\u00e1ll\u00e1shely-szolg\u00e1ltat\u00f3 \u2013 az \u00e9rintett \u00e9s m\u00e1sok jogainak, biztons\u00e1g\u00e1nak \u00e9s tulajdon\u00e1nak v\u00e9delme \u00e9rdek\u00e9ben, tov\u00e1bb\u00e1 harmadik orsz\u00e1gbeli \u00e1llampolg\u00e1rok \u00e9s a szabad mozg\u00e1s [&hellip;]\" \/>\n<meta property=\"og:url\" content=\"https:\/\/janushotel.hu\/en\/viza-informaciok\/\" \/>\n<meta property=\"og:site_name\" content=\"Janus Hotel\" \/>\n<meta property=\"og:image\" content=\"https:\/\/janushotel.hu\/wp-content\/uploads\/2021\/09\/Viza-logo1.jpg\" \/>\n<meta name=\"twitter:card\" content=\"summary_large_image\" \/>\n<meta name=\"twitter:label1\" content=\"Est. reading time\" \/>\n\t<meta name=\"twitter:data1\" content=\"3 minutes\" \/>\n<script type=\"application\/ld+json\" class=\"yoast-schema-graph\">{\"@context\":\"https:\/\/schema.org\",\"@graph\":[{\"@type\":\"WebPage\",\"@id\":\"https:\/\/janushotel.hu\/en\/viza-informaciok\/\",\"url\":\"https:\/\/janushotel.hu\/en\/viza-informaciok\/\",\"name\":\"VIZA inform\u00e1ci\u00f3k - Janus Hotel\",\"isPartOf\":{\"@id\":\"https:\/\/janushotel.hu\/#website\"},\"datePublished\":\"2021-09-06T16:04:09+00:00\",\"dateModified\":\"2021-09-06T16:04:09+00:00\",\"breadcrumb\":{\"@id\":\"https:\/\/janushotel.hu\/en\/viza-informaciok\/#breadcrumb\"},\"inLanguage\":\"en-US\",\"potentialAction\":[{\"@type\":\"ReadAction\",\"target\":[\"https:\/\/janushotel.hu\/en\/viza-informaciok\/\"]}]},{\"@type\":\"BreadcrumbList\",\"@id\":\"https:\/\/janushotel.hu\/en\/viza-informaciok\/#breadcrumb\",\"itemListElement\":[{\"@type\":\"ListItem\",\"position\":1,\"name\":\"Kezd\u0151lap\",\"item\":\"https:\/\/janushotel.hu\/en\/\"},{\"@type\":\"ListItem\",\"position\":2,\"name\":\"VIZA inform\u00e1ci\u00f3k\"}]},{\"@type\":\"WebSite\",\"@id\":\"https:\/\/janushotel.hu\/#website\",\"url\":\"https:\/\/janushotel.hu\/\",\"name\":\"Janus Hotel\",\"description\":\"\",\"potentialAction\":[{\"@type\":\"SearchAction\",\"target\":{\"@type\":\"EntryPoint\",\"urlTemplate\":\"https:\/\/janushotel.hu\/?s={search_term_string}\"},\"query-input\":\"required name=search_term_string\"}],\"inLanguage\":\"en-US\"}]}<\/script>\n<!-- \/ Yoast SEO plugin. -->","yoast_head_json":{"title":"VIZA inform\u00e1ci\u00f3k - Janus Hotel","robots":{"index":"index","follow":"follow","max-snippet":"max-snippet:-1","max-image-preview":"max-image-preview:large","max-video-preview":"max-video-preview:-1"},"canonical":"https:\/\/janushotel.hu\/en\/viza-informaciok\/","og_locale":"en_US","og_type":"article","og_title":"VIZA inform\u00e1ci\u00f3k - Janus Hotel","og_description":"2021. szeptember 1-j\u00e9t k\u00f6vet\u0151en, a hat\u00e1lyos jogszab\u00e1lyok \u00e9rtelm\u00e9ben, a Magyarorsz\u00e1gon sz\u00e1ll\u00e1shely-szolg\u00e1ltat\u00e1st ig\u00e9nybe vev\u0151k jogszab\u00e1lyban meghat\u00e1rozott szem\u00e9lyes adatait a sz\u00e1ll\u00e1shely-szolg\u00e1ltat\u00f3 okm\u00e1nyolvas\u00f3n kereszt\u00fcl sz\u00e1ll\u00e1shelykezel\u0151 szoftver\u00e9ben r\u00f6gz\u00edti, \u00e9s egy t\u00e1rhelyre, a Vend\u00e9g Inform\u00e1ci\u00f3s Z\u00e1rt Adatb\u00e1zisba (VIZA) tov\u00e1bb\u00edtja. A sz\u00e1ll\u00e1shely-szolg\u00e1ltat\u00f3 \u2013 az \u00e9rintett \u00e9s m\u00e1sok jogainak, biztons\u00e1g\u00e1nak \u00e9s tulajdon\u00e1nak v\u00e9delme \u00e9rdek\u00e9ben, tov\u00e1bb\u00e1 harmadik orsz\u00e1gbeli \u00e1llampolg\u00e1rok \u00e9s a szabad mozg\u00e1s [&hellip;]","og_url":"https:\/\/janushotel.hu\/en\/viza-informaciok\/","og_site_name":"Janus Hotel","og_image":[{"url":"https:\/\/janushotel.hu\/wp-content\/uploads\/2021\/09\/Viza-logo1.jpg"}],"twitter_card":"summary_large_image","twitter_misc":{"Est. reading time":"3 minutes"},"schema":{"@context":"https:\/\/schema.org","@graph":[{"@type":"WebPage","@id":"https:\/\/janushotel.hu\/en\/viza-informaciok\/","url":"https:\/\/janushotel.hu\/en\/viza-informaciok\/","name":"VIZA inform\u00e1ci\u00f3k - Janus Hotel","isPartOf":{"@id":"https:\/\/janushotel.hu\/#website"},"datePublished":"2021-09-06T16:04:09+00:00","dateModified":"2021-09-06T16:04:09+00:00","breadcrumb":{"@id":"https:\/\/janushotel.hu\/en\/viza-informaciok\/#breadcrumb"},"inLanguage":"en-US","potentialAction":[{"@type":"ReadAction","target":["https:\/\/janushotel.hu\/en\/viza-informaciok\/"]}]},{"@type":"BreadcrumbList","@id":"https:\/\/janushotel.hu\/en\/viza-informaciok\/#breadcrumb","itemListElement":[{"@type":"ListItem","position":1,"name":"Kezd\u0151lap","item":"https:\/\/janushotel.hu\/en\/"},{"@type":"ListItem","position":2,"name":"VIZA inform\u00e1ci\u00f3k"}]},{"@type":"WebSite","@id":"https:\/\/janushotel.hu\/#website","url":"https:\/\/janushotel.hu\/","name":"Janus Hotel","description":"","potentialAction":[{"@type":"SearchAction","target":{"@type":"EntryPoint","urlTemplate":"https:\/\/janushotel.hu\/?s={search_term_string}"},"query-input":"required name=search_term_string"}],"inLanguage":"en-US"}]}},"_links":{"self":[{"href":"https:\/\/janushotel.hu\/en\/wp-json\/wp\/v2\/pages\/7974"}],"collection":[{"href":"https:\/\/janushotel.hu\/en\/wp-json\/wp\/v2\/pages"}],"about":[{"href":"https:\/\/janushotel.hu\/en\/wp-json\/wp\/v2\/types\/page"}],"author":[{"embeddable":true,"href":"https:\/\/janushotel.hu\/en\/wp-json\/wp\/v2\/users\/2"}],"replies":[{"embeddable":true,"href":"https:\/\/janushotel.hu\/en\/wp-json\/wp\/v2\/comments?post=7974"}],"version-history":[{"count":0,"href":"https:\/\/janushotel.hu\/en\/wp-json\/wp\/v2\/pages\/7974\/revisions"}],"wp:attachment":[{"href":"https:\/\/janushotel.hu\/en\/wp-json\/wp\/v2\/media?parent=7974"}],"curies":[{"name":"wp","href":"https:\/\/api.w.org\/{rel}","templated":true}]}}