{"id":7960,"date":"2015-12-10T11:43:56","date_gmt":"2015-12-10T11:43:56","guid":{"rendered":"https:\/\/janushotel.wptar.hu\/ingyenes-utazas-siofokra\/"},"modified":"2015-12-10T11:43:56","modified_gmt":"2015-12-10T11:43:56","slug":"ingyenes-utazas-siofokra","status":"publish","type":"page","link":"https:\/\/janushotel.hu\/en\/ingyenes-utazas-siofokra\/","title":{"rendered":"INGYENES UTAZ\u00c1S Si\u00f3fokra!"},"content":{"rendered":"<p> <strong>Hogy az utaz\u00e1s ne jelentsen gondot \u00e9s k\u00fcl\u00f6n k\u00f6lts\u00e9get, minden kedves vend\u00e9g\u00fcnk utaz\u00e1si k\u00f6lts\u00e9g\u00e9t mi fizetj\u00fck.<\/strong> \u00d6nnek csak el\u0151zetesen jelentkeznie kell erre az akci\u00f3ra!<\/p>\n<p>&nbsp;<\/p>\n<p>\u00c9rv\u00e9nyess\u00e9g: \u00e1prilis 01- okt\u00f3ber 31-ig, kiv\u00e9ve a j\u00falius 01- augusztus 31-ig tart\u00f3 f\u0151szezoni id\u0151szakot \u00e9s a kiemelt \u00fcnnepeket.<\/p>\n<p>&nbsp;<\/p>\n<p>Az akci\u00f3 minimum 2\u00e9jszak\u00e1s szobafoglal\u00e1sn\u00e1l vehet\u0151 ig\u00e9nybe. Egy\u00e9b akci\u00f3s szoba\u00e1rak ig\u00e9nybev\u00e9telekor \u00e9s utalv\u00e1nyok bev\u00e1lt\u00e1sakor ez az akci\u00f3 nem alkalmazhat\u00f3 azokkal nem vonhat\u00f3 \u00f6ssze. Az utaz\u00e1s kiz\u00e1r\u00f3lag magyar orsz\u00e1gon bel\u0171l, vonaton ( II.o. jeggyel) vagy buszon t\u00f6rt\u00e9nhet. A jegyeket a vend\u00e9gnek el\u0151zetesen meg kell v\u00e1s\u00e1rolnia. A sz\u00e1llod\u00e1ba val\u00f3 \u00e9rkez\u00e9skor (fizet\u00e9skor) a jegyeket \u00e1t kell adni \u00e9s ezek \u00e9rt\u00e9ke le fogyaszthat\u00f3 (mini b\u00e1r fogyaszt\u00e1s, massz\u00e1zsok stb.) . Az akci\u00f3ban a Si\u00f3fokra utaz\u00e1s k\u00f6lts\u00e9geit v\u00e1llaljuk \u00e1t, a vissza\u00fatra ez nem vonatkozik. Ret\u00far (oda-vissza) jegyek eset\u00e9ben a jegyek \u00e1r\u00e1nak 50%-\u00e1t sz\u00e1moljuk el. Ilyen m\u00f3don annyi jegy sz\u00e1molhat\u00f3 el, ah\u00e1ny vend\u00e9g r\u00e9sz\u00e9re a szobafoglal\u00e1s t\u00f6rt\u00e9nt.<\/p>\n<p>&nbsp;<\/p>\n<p style=\"text-align: center;\"><span style=\"font-size: 14pt;\"><a class=\"szoba_lista_bovebben\" href=\"https:\/\/janushotel.hu\/ajanlatok\/\">TOV\u00c1BBI SPECI\u00c1LIS AJ\u00c1NLATAINK<\/a><\/span><\/p>\n","protected":false},"excerpt":{"rendered":"<p>Hogy az utaz\u00e1s ne jelentsen gondot \u00e9s k\u00fcl\u00f6n k\u00f6lts\u00e9get, minden kedves vend\u00e9g\u00fcnk utaz\u00e1si k\u00f6lts\u00e9g\u00e9t mi fizetj\u00fck. \u00d6nnek csak el\u0151zetesen jelentkeznie kell erre az akci\u00f3ra! &nbsp; \u00c9rv\u00e9nyess\u00e9g: \u00e1prilis 01- okt\u00f3ber 31-ig, kiv\u00e9ve a j\u00falius 01- augusztus 31-ig tart\u00f3 f\u0151szezoni id\u0151szakot \u00e9s a kiemelt \u00fcnnepeket. &nbsp; Az akci\u00f3 minimum 2\u00e9jszak\u00e1s szobafoglal\u00e1sn\u00e1l vehet\u0151 ig\u00e9nybe. Egy\u00e9b akci\u00f3s szoba\u00e1rak ig\u00e9nybev\u00e9telekor [&hellip;]<\/p>\n","protected":false},"author":1,"featured_media":0,"parent":0,"menu_order":0,"comment_status":"closed","ping_status":"closed","template":"page-specalap.php","meta":[],"acf":[],"yoast_head":"<!-- This site is optimized with the Yoast SEO plugin v21.6 - https:\/\/yoast.com\/wordpress\/plugins\/seo\/ -->\n<title>INGYENES UTAZ\u00c1S Si\u00f3fokra! - Janus Hotel<\/title>\n<meta name=\"robots\" content=\"index, follow, max-snippet:-1, max-image-preview:large, max-video-preview:-1\" \/>\n<link rel=\"canonical\" href=\"https:\/\/janushotel.hu\/en\/ingyenes-utazas-siofokra\/\" \/>\n<meta property=\"og:locale\" content=\"en_US\" \/>\n<meta property=\"og:type\" content=\"article\" \/>\n<meta property=\"og:title\" content=\"INGYENES UTAZ\u00c1S Si\u00f3fokra! - Janus Hotel\" \/>\n<meta property=\"og:description\" content=\"Hogy az utaz\u00e1s ne jelentsen gondot \u00e9s k\u00fcl\u00f6n k\u00f6lts\u00e9get, minden kedves vend\u00e9g\u00fcnk utaz\u00e1si k\u00f6lts\u00e9g\u00e9t mi fizetj\u00fck. \u00d6nnek csak el\u0151zetesen jelentkeznie kell erre az akci\u00f3ra! &nbsp; \u00c9rv\u00e9nyess\u00e9g: \u00e1prilis 01- okt\u00f3ber 31-ig, kiv\u00e9ve a j\u00falius 01- augusztus 31-ig tart\u00f3 f\u0151szezoni id\u0151szakot \u00e9s a kiemelt \u00fcnnepeket. &nbsp; Az akci\u00f3 minimum 2\u00e9jszak\u00e1s szobafoglal\u00e1sn\u00e1l vehet\u0151 ig\u00e9nybe. Egy\u00e9b akci\u00f3s szoba\u00e1rak ig\u00e9nybev\u00e9telekor [&hellip;]\" \/>\n<meta property=\"og:url\" content=\"https:\/\/janushotel.hu\/en\/ingyenes-utazas-siofokra\/\" \/>\n<meta property=\"og:site_name\" content=\"Janus Hotel\" \/>\n<meta name=\"twitter:card\" content=\"summary_large_image\" \/>\n<meta name=\"twitter:label1\" content=\"Est. reading time\" \/>\n\t<meta name=\"twitter:data1\" content=\"1 minute\" \/>\n<script type=\"application\/ld+json\" class=\"yoast-schema-graph\">{\"@context\":\"https:\/\/schema.org\",\"@graph\":[{\"@type\":\"WebPage\",\"@id\":\"https:\/\/janushotel.hu\/en\/ingyenes-utazas-siofokra\/\",\"url\":\"https:\/\/janushotel.hu\/en\/ingyenes-utazas-siofokra\/\",\"name\":\"INGYENES UTAZ\u00c1S Si\u00f3fokra! - Janus Hotel\",\"isPartOf\":{\"@id\":\"https:\/\/janushotel.hu\/#website\"},\"datePublished\":\"2015-12-10T11:43:56+00:00\",\"dateModified\":\"2015-12-10T11:43:56+00:00\",\"breadcrumb\":{\"@id\":\"https:\/\/janushotel.hu\/en\/ingyenes-utazas-siofokra\/#breadcrumb\"},\"inLanguage\":\"en-US\",\"potentialAction\":[{\"@type\":\"ReadAction\",\"target\":[\"https:\/\/janushotel.hu\/en\/ingyenes-utazas-siofokra\/\"]}]},{\"@type\":\"BreadcrumbList\",\"@id\":\"https:\/\/janushotel.hu\/en\/ingyenes-utazas-siofokra\/#breadcrumb\",\"itemListElement\":[{\"@type\":\"ListItem\",\"position\":1,\"name\":\"Kezd\u0151lap\",\"item\":\"https:\/\/janushotel.hu\/en\/\"},{\"@type\":\"ListItem\",\"position\":2,\"name\":\"INGYENES UTAZ\u00c1S Si\u00f3fokra!\"}]},{\"@type\":\"WebSite\",\"@id\":\"https:\/\/janushotel.hu\/#website\",\"url\":\"https:\/\/janushotel.hu\/\",\"name\":\"Janus Hotel\",\"description\":\"\",\"potentialAction\":[{\"@type\":\"SearchAction\",\"target\":{\"@type\":\"EntryPoint\",\"urlTemplate\":\"https:\/\/janushotel.hu\/?s={search_term_string}\"},\"query-input\":\"required name=search_term_string\"}],\"inLanguage\":\"en-US\"}]}<\/script>\n<!-- \/ Yoast SEO plugin. -->","yoast_head_json":{"title":"INGYENES UTAZ\u00c1S Si\u00f3fokra! - Janus Hotel","robots":{"index":"index","follow":"follow","max-snippet":"max-snippet:-1","max-image-preview":"max-image-preview:large","max-video-preview":"max-video-preview:-1"},"canonical":"https:\/\/janushotel.hu\/en\/ingyenes-utazas-siofokra\/","og_locale":"en_US","og_type":"article","og_title":"INGYENES UTAZ\u00c1S Si\u00f3fokra! - Janus Hotel","og_description":"Hogy az utaz\u00e1s ne jelentsen gondot \u00e9s k\u00fcl\u00f6n k\u00f6lts\u00e9get, minden kedves vend\u00e9g\u00fcnk utaz\u00e1si k\u00f6lts\u00e9g\u00e9t mi fizetj\u00fck. \u00d6nnek csak el\u0151zetesen jelentkeznie kell erre az akci\u00f3ra! &nbsp; \u00c9rv\u00e9nyess\u00e9g: \u00e1prilis 01- okt\u00f3ber 31-ig, kiv\u00e9ve a j\u00falius 01- augusztus 31-ig tart\u00f3 f\u0151szezoni id\u0151szakot \u00e9s a kiemelt \u00fcnnepeket. &nbsp; Az akci\u00f3 minimum 2\u00e9jszak\u00e1s szobafoglal\u00e1sn\u00e1l vehet\u0151 ig\u00e9nybe. Egy\u00e9b akci\u00f3s szoba\u00e1rak ig\u00e9nybev\u00e9telekor [&hellip;]","og_url":"https:\/\/janushotel.hu\/en\/ingyenes-utazas-siofokra\/","og_site_name":"Janus Hotel","twitter_card":"summary_large_image","twitter_misc":{"Est. reading time":"1 minute"},"schema":{"@context":"https:\/\/schema.org","@graph":[{"@type":"WebPage","@id":"https:\/\/janushotel.hu\/en\/ingyenes-utazas-siofokra\/","url":"https:\/\/janushotel.hu\/en\/ingyenes-utazas-siofokra\/","name":"INGYENES UTAZ\u00c1S Si\u00f3fokra! - Janus Hotel","isPartOf":{"@id":"https:\/\/janushotel.hu\/#website"},"datePublished":"2015-12-10T11:43:56+00:00","dateModified":"2015-12-10T11:43:56+00:00","breadcrumb":{"@id":"https:\/\/janushotel.hu\/en\/ingyenes-utazas-siofokra\/#breadcrumb"},"inLanguage":"en-US","potentialAction":[{"@type":"ReadAction","target":["https:\/\/janushotel.hu\/en\/ingyenes-utazas-siofokra\/"]}]},{"@type":"BreadcrumbList","@id":"https:\/\/janushotel.hu\/en\/ingyenes-utazas-siofokra\/#breadcrumb","itemListElement":[{"@type":"ListItem","position":1,"name":"Kezd\u0151lap","item":"https:\/\/janushotel.hu\/en\/"},{"@type":"ListItem","position":2,"name":"INGYENES UTAZ\u00c1S Si\u00f3fokra!"}]},{"@type":"WebSite","@id":"https:\/\/janushotel.hu\/#website","url":"https:\/\/janushotel.hu\/","name":"Janus Hotel","description":"","potentialAction":[{"@type":"SearchAction","target":{"@type":"EntryPoint","urlTemplate":"https:\/\/janushotel.hu\/?s={search_term_string}"},"query-input":"required name=search_term_string"}],"inLanguage":"en-US"}]}},"_links":{"self":[{"href":"https:\/\/janushotel.hu\/en\/wp-json\/wp\/v2\/pages\/7960"}],"collection":[{"href":"https:\/\/janushotel.hu\/en\/wp-json\/wp\/v2\/pages"}],"about":[{"href":"https:\/\/janushotel.hu\/en\/wp-json\/wp\/v2\/types\/page"}],"author":[{"embeddable":true,"href":"https:\/\/janushotel.hu\/en\/wp-json\/wp\/v2\/users\/1"}],"replies":[{"embeddable":true,"href":"https:\/\/janushotel.hu\/en\/wp-json\/wp\/v2\/comments?post=7960"}],"version-history":[{"count":0,"href":"https:\/\/janushotel.hu\/en\/wp-json\/wp\/v2\/pages\/7960\/revisions"}],"wp:attachment":[{"href":"https:\/\/janushotel.hu\/en\/wp-json\/wp\/v2\/media?parent=7960"}],"curies":[{"name":"wp","href":"https:\/\/api.w.org\/{rel}","templated":true}]}}