{"id":5112,"date":"2015-12-10T11:24:53","date_gmt":"2015-12-10T11:24:53","guid":{"rendered":"https:\/\/janushotel.wptar.hu\/facial-treatments\/"},"modified":"2024-05-20T15:44:20","modified_gmt":"2024-05-20T15:44:20","slug":"facial-treatments","status":"publish","type":"page","link":"https:\/\/janushotel.hu\/en\/services\/facial-treatments\/","title":{"rendered":"FACIAL TREATMENTS"},"content":{"rendered":"<p><img decoding=\"async\" loading=\"lazy\" class=\"aligncenter wp-image-5801 size-large\" src=\"https:\/\/janushotel.hu\/wp-content\/uploads\/2018\/01\/OSCYQY0-e1516708489979-1024x498.jpg\" alt=\"\" width=\"720\" height=\"350\" srcset=\"https:\/\/janushotel.hu\/wp-content\/uploads\/2018\/01\/OSCYQY0-e1516708489979-1024x498.jpg 1024w, https:\/\/janushotel.hu\/wp-content\/uploads\/2018\/01\/OSCYQY0-e1516708489979-300x146.jpg 300w, https:\/\/janushotel.hu\/wp-content\/uploads\/2018\/01\/OSCYQY0-e1516708489979-768x373.jpg 768w, https:\/\/janushotel.hu\/wp-content\/uploads\/2018\/01\/OSCYQY0-e1516708489979.jpg 1895w\" sizes=\"(max-width: 720px) 100vw, 720px\" \/><\/p>\n<p><strong>High Perfection treatment with collagen<\/strong><\/p>\n<p style=\"text-align: justify;\">The lyophilized collagen sheet made of pure fibers of original collagen is a significant development of recent years. During the treatment the active ingredient can softening deeper wrinkles. After the removal of the mask, the active ingredient continues to work, so its effect remains persistent.<\/p>\n<p>Treatment process:<\/p>\n<p>Skin Analysis &#8211; Face Cleaning &#8211; Deep Cleaning &#8211;\u00a0Eyebrow Adjustment &#8211; Peeling &#8211;\u00a0Firming Aroma Oil &#8211; Eye Serum &#8211; Collagen Sheet &#8211; Finishing Face Care for Skin Type<\/p>\n<p>Price: 35 EUR<\/p>\n<p><strong>Luxury treatment with Caviar<\/strong><\/p>\n<p>Treatment process:<\/p>\n<p>Cleaning face + neck +\u00a0decolletage &#8211; Peeling &#8211;\u00a0Eyebrow Adjustment &#8211; Skin Toning &#8211;\u00a0Applying ampoule &#8211;\u00a0Ultrasound with Aloe Gel &#8211; Massage with cream &#8211;\u00a0Applying Caviar Cream Mask &#8211;\u00a0Applying Sunscreen Cream at the end of the treatment<\/p>\n<p>Price: 9.500 HUF<\/p>\n<p><strong>Vivrecel Stem Cell Treatment<\/strong><\/p>\n<p>Treatment process:<\/p>\n<p>Cleaning &#8211; Pealing &#8211; Eyebrow Adjustment &#8211; Skin Toning &#8211;\u00a0Applying a special ampoule<\/p>\n<p>on the face &#8211;\u00a0Ultrasound with Aloe Gel &#8211;\u00a0Applying a rubber mask with Botox effect &#8211;\u00a0Applying Sunscreen Cream at the end of the treatment<\/p>\n<p>Price: 11.000 HUF<\/p>\n<p><strong>Intensive Complete Treatment<\/strong><\/p>\n<p>Treatment process:<\/p>\n<p>Cleaning &#8211; Deep Cleaning &#8211;\u00a0Eyebrow Adjustment- Peeling &#8211; Facial Massage &#8211;\u00a0Vapozon &#8211; Manual Cleaning &#8211;\u00a0Disinfection &#8211;\u00a0Relaxing Mask &#8211;\u00a0Finishing Face Care for Skin Type<\/p>\n<p>Price: 11.000 HUF<\/p>\n<p><strong>Teenager Treatment<\/strong><\/p>\n<p>Treatment process:<\/p>\n<p>Cleaning &#8211; Pealing &#8211;\u00a0Skin Toning &#8211; Softening with steam and massage cream &#8211; Manual Cleaning &#8211;\u00a0Disinfection &#8211;\u00a0Applying a special ampoule on the face &#8211; Applying Mask &#8211;\u00a0Applying Sunscreen Cream at the end of the treatment<\/p>\n<p>Price: 9.500 HUF<\/p>\n<p><strong>Regeneration Massage with warm oil<\/strong><\/p>\n<p>Treatment process:<\/p>\n<p>Cleaning &#8211; Pealing &#8211; Eyebrow Adjustment &#8211; Skin Toning &#8211; Massage with warm oil &#8211;\u00a0Applying Sunscreen Cream at the end of the treatment<\/p>\n<p>Price: 7.500 HUF<\/p>\n<p><strong>Intelligent Cell Treatment &#8211; Botox Effect<\/strong><\/p>\n<p>Treating process:<\/p>\n<p>Cleaning &#8211; Pealing &#8211; Eyebrow Adjustment &#8211; Skin Toning &#8211;\u00a0Applying a special ampoule on the face &#8211;\u00a0Ultrasound with Aloe Gel &#8211; Applying a rubber mask with Botox effect &#8211;\u00a0Applying Sunscreen Cream at the end of the treatment<\/p>\n<p>Price: 12.000 HUF<\/p>\n<p><strong>Janus Exclusive Treatment<\/strong><\/p>\n<p>The package include:<\/p>\n<ul>\n<li>Comprehensive traditional facial treatment (Skin analysis, facial cleansing, deep-cleansing, eyebrow shaping, peeling, customized massage tailored to specific skin type, Vapozon, manual Facial cleansing, disinfection, calmative pack, ultrasound treatment with ampoule, customized mask tailored to skin type, eyelash colouring, customized facial treatment.<br \/>\n(While facial mask is on \u2013 relaxing hand massage is offered)<\/li>\n<li>Breast lifting treatment<\/li>\n<li>Neck and d\u00e9colletage massage<\/li>\n<\/ul>\n<p>Price: 16.000 HUF<\/p>\n<p><strong>Face, Neck and D\u00e9colletage Massage<\/strong><\/p>\n<p>Treating process:<\/p>\n<p>Cleaning &#8211; Peeling -Face, neck and d\u00e9colletage massage<\/p>\n<p>Price: 7.500 HUF<\/p>\n<p><img decoding=\"async\" loading=\"lazy\" class=\"aligncenter wp-image-5801 size-large\" src=\"https:\/\/janushotel.hu\/wp-content\/uploads\/2018\/01\/OSCYQY0-e1516708489979-1024x498.jpg\" alt=\"\" width=\"720\" height=\"350\" srcset=\"https:\/\/janushotel.hu\/wp-content\/uploads\/2018\/01\/OSCYQY0-e1516708489979-1024x498.jpg 1024w, https:\/\/janushotel.hu\/wp-content\/uploads\/2018\/01\/OSCYQY0-e1516708489979-300x146.jpg 300w, https:\/\/janushotel.hu\/wp-content\/uploads\/2018\/01\/OSCYQY0-e1516708489979-768x373.jpg 768w, https:\/\/janushotel.hu\/wp-content\/uploads\/2018\/01\/OSCYQY0-e1516708489979.jpg 1895w\" sizes=\"(max-width: 720px) 100vw, 720px\" \/><\/p>\n<p>[one_half]<\/p>\n<p><span style=\"font-size: 14pt;\">El\u0151z\u0151 szolg\u00e1ltat\u00e1s:<\/span><\/p>\n<p style=\"text-align: left;\"><span style=\"font-size: 14pt;\">\u00a0<a href=\"https:\/\/janushotel.hu\/szolgaltatasok\/masszazs\/\">MASSAGE<\/a><br \/>\n<\/span><\/p>\n<p>[\/one_half]<\/p>\n<p>[one_half_last]<\/p>\n<p style=\"text-align: right;\"><span style=\"font-size: 14pt;\">K\u00f6vetkez\u0151 szolg\u00e1ltat\u00e1s:<br \/>\n<\/span><\/p>\n<p style=\"text-align: right;\"><span style=\"font-size: 14pt;\"><a href=\"https:\/\/janushotel.hu\/szolgaltatasok\/kerekpar-kolcsonzes\/\">BICYCLE RENTAL<\/a><\/span><\/p>\n<p>[\/one_half_last]<\/p>\n<p style=\"text-align: center;\"><span style=\"font-size: 14pt;\"><a class=\"szoba_lista_bovebben\" href=\"https:\/\/janushotel.hu\/szolgaltatasok\/\">TOV\u00c1BBI SZOLG\u00c1LTAT\u00c1SAINK<\/a><\/span><\/p>\n<p style=\"text-align: center;\">\n","protected":false},"excerpt":{"rendered":"<p>High Perfection treatment with collagen The lyophilized collagen sheet made of pure fibers of original collagen is a significant development of recent years. During the treatment the active ingredient can softening deeper wrinkles. After the removal of the mask, the active ingredient continues to work, so its effect remains persistent. Treatment process: Skin Analysis &#8211; [&hellip;]<\/p>\n","protected":false},"author":1,"featured_media":0,"parent":4974,"menu_order":0,"comment_status":"closed","ping_status":"closed","template":"templates\/template-full.php","meta":[],"acf":[],"yoast_head":"<!-- This site is optimized with the Yoast SEO plugin v21.6 - https:\/\/yoast.com\/wordpress\/plugins\/seo\/ -->\n<title>FACIAL TREATMENTS - Janus Hotel<\/title>\n<meta name=\"robots\" content=\"index, follow, max-snippet:-1, max-image-preview:large, max-video-preview:-1\" \/>\n<link rel=\"canonical\" href=\"https:\/\/janushotel.hu\/en\/services\/facial-treatments\/\" \/>\n<meta property=\"og:locale\" content=\"en_US\" \/>\n<meta property=\"og:type\" content=\"article\" \/>\n<meta property=\"og:title\" content=\"FACIAL TREATMENTS - Janus Hotel\" \/>\n<meta property=\"og:description\" content=\"High Perfection treatment with collagen The lyophilized collagen sheet made of pure fibers of original collagen is a significant development of recent years. During the treatment the active ingredient can softening deeper wrinkles. After the removal of the mask, the active ingredient continues to work, so its effect remains persistent. Treatment process: Skin Analysis &#8211; [&hellip;]\" \/>\n<meta property=\"og:url\" content=\"https:\/\/janushotel.hu\/en\/services\/facial-treatments\/\" \/>\n<meta property=\"og:site_name\" content=\"Janus Hotel\" \/>\n<meta property=\"article:modified_time\" content=\"2024-05-20T15:44:20+00:00\" \/>\n<meta property=\"og:image\" content=\"https:\/\/janushotel.hu\/wp-content\/uploads\/2018\/01\/OSCYQY0-e1516708489979-1024x498.jpg\" \/>\n<meta name=\"twitter:card\" content=\"summary_large_image\" \/>\n<meta name=\"twitter:label1\" content=\"Est. reading time\" \/>\n\t<meta name=\"twitter:data1\" content=\"3 minutes\" \/>\n<script type=\"application\/ld+json\" class=\"yoast-schema-graph\">{\"@context\":\"https:\/\/schema.org\",\"@graph\":[{\"@type\":\"WebPage\",\"@id\":\"https:\/\/janushotel.hu\/en\/services\/facial-treatments\/\",\"url\":\"https:\/\/janushotel.hu\/en\/services\/facial-treatments\/\",\"name\":\"FACIAL TREATMENTS - Janus Hotel\",\"isPartOf\":{\"@id\":\"https:\/\/janushotel.hu\/#website\"},\"datePublished\":\"2015-12-10T11:24:53+00:00\",\"dateModified\":\"2024-05-20T15:44:20+00:00\",\"breadcrumb\":{\"@id\":\"https:\/\/janushotel.hu\/en\/services\/facial-treatments\/#breadcrumb\"},\"inLanguage\":\"en-US\",\"potentialAction\":[{\"@type\":\"ReadAction\",\"target\":[\"https:\/\/janushotel.hu\/en\/services\/facial-treatments\/\"]}]},{\"@type\":\"BreadcrumbList\",\"@id\":\"https:\/\/janushotel.hu\/en\/services\/facial-treatments\/#breadcrumb\",\"itemListElement\":[{\"@type\":\"ListItem\",\"position\":1,\"name\":\"Kezd\u0151lap\",\"item\":\"https:\/\/janushotel.hu\/en\/\"},{\"@type\":\"ListItem\",\"position\":2,\"name\":\"SERVICES\",\"item\":\"https:\/\/janushotel.hu\/en\/services\/\"},{\"@type\":\"ListItem\",\"position\":3,\"name\":\"FACIAL TREATMENTS\"}]},{\"@type\":\"WebSite\",\"@id\":\"https:\/\/janushotel.hu\/#website\",\"url\":\"https:\/\/janushotel.hu\/\",\"name\":\"Janus Hotel\",\"description\":\"\",\"potentialAction\":[{\"@type\":\"SearchAction\",\"target\":{\"@type\":\"EntryPoint\",\"urlTemplate\":\"https:\/\/janushotel.hu\/?s={search_term_string}\"},\"query-input\":\"required name=search_term_string\"}],\"inLanguage\":\"en-US\"}]}<\/script>\n<!-- \/ Yoast SEO plugin. -->","yoast_head_json":{"title":"FACIAL TREATMENTS - Janus Hotel","robots":{"index":"index","follow":"follow","max-snippet":"max-snippet:-1","max-image-preview":"max-image-preview:large","max-video-preview":"max-video-preview:-1"},"canonical":"https:\/\/janushotel.hu\/en\/services\/facial-treatments\/","og_locale":"en_US","og_type":"article","og_title":"FACIAL TREATMENTS - Janus Hotel","og_description":"High Perfection treatment with collagen The lyophilized collagen sheet made of pure fibers of original collagen is a significant development of recent years. During the treatment the active ingredient can softening deeper wrinkles. After the removal of the mask, the active ingredient continues to work, so its effect remains persistent. Treatment process: Skin Analysis &#8211; [&hellip;]","og_url":"https:\/\/janushotel.hu\/en\/services\/facial-treatments\/","og_site_name":"Janus Hotel","article_modified_time":"2024-05-20T15:44:20+00:00","og_image":[{"url":"https:\/\/janushotel.hu\/wp-content\/uploads\/2018\/01\/OSCYQY0-e1516708489979-1024x498.jpg"}],"twitter_card":"summary_large_image","twitter_misc":{"Est. reading time":"3 minutes"},"schema":{"@context":"https:\/\/schema.org","@graph":[{"@type":"WebPage","@id":"https:\/\/janushotel.hu\/en\/services\/facial-treatments\/","url":"https:\/\/janushotel.hu\/en\/services\/facial-treatments\/","name":"FACIAL TREATMENTS - Janus Hotel","isPartOf":{"@id":"https:\/\/janushotel.hu\/#website"},"datePublished":"2015-12-10T11:24:53+00:00","dateModified":"2024-05-20T15:44:20+00:00","breadcrumb":{"@id":"https:\/\/janushotel.hu\/en\/services\/facial-treatments\/#breadcrumb"},"inLanguage":"en-US","potentialAction":[{"@type":"ReadAction","target":["https:\/\/janushotel.hu\/en\/services\/facial-treatments\/"]}]},{"@type":"BreadcrumbList","@id":"https:\/\/janushotel.hu\/en\/services\/facial-treatments\/#breadcrumb","itemListElement":[{"@type":"ListItem","position":1,"name":"Kezd\u0151lap","item":"https:\/\/janushotel.hu\/en\/"},{"@type":"ListItem","position":2,"name":"SERVICES","item":"https:\/\/janushotel.hu\/en\/services\/"},{"@type":"ListItem","position":3,"name":"FACIAL TREATMENTS"}]},{"@type":"WebSite","@id":"https:\/\/janushotel.hu\/#website","url":"https:\/\/janushotel.hu\/","name":"Janus Hotel","description":"","potentialAction":[{"@type":"SearchAction","target":{"@type":"EntryPoint","urlTemplate":"https:\/\/janushotel.hu\/?s={search_term_string}"},"query-input":"required name=search_term_string"}],"inLanguage":"en-US"}]}},"_links":{"self":[{"href":"https:\/\/janushotel.hu\/en\/wp-json\/wp\/v2\/pages\/5112"}],"collection":[{"href":"https:\/\/janushotel.hu\/en\/wp-json\/wp\/v2\/pages"}],"about":[{"href":"https:\/\/janushotel.hu\/en\/wp-json\/wp\/v2\/types\/page"}],"author":[{"embeddable":true,"href":"https:\/\/janushotel.hu\/en\/wp-json\/wp\/v2\/users\/1"}],"replies":[{"embeddable":true,"href":"https:\/\/janushotel.hu\/en\/wp-json\/wp\/v2\/comments?post=5112"}],"version-history":[{"count":2,"href":"https:\/\/janushotel.hu\/en\/wp-json\/wp\/v2\/pages\/5112\/revisions"}],"predecessor-version":[{"id":9682,"href":"https:\/\/janushotel.hu\/en\/wp-json\/wp\/v2\/pages\/5112\/revisions\/9682"}],"up":[{"embeddable":true,"href":"https:\/\/janushotel.hu\/en\/wp-json\/wp\/v2\/pages\/4974"}],"wp:attachment":[{"href":"https:\/\/janushotel.hu\/en\/wp-json\/wp\/v2\/media?parent=5112"}],"curies":[{"name":"wp","href":"https:\/\/api.w.org\/{rel}","templated":true}]}}