{"id":5001,"date":"2015-12-03T10:34:05","date_gmt":"2015-12-03T10:34:05","guid":{"rendered":"https:\/\/janushotel.wptar.hu\/elozetes-bejelentkezes\/"},"modified":"2022-08-05T13:54:47","modified_gmt":"2022-08-05T13:54:47","slug":"elozetes-bejelentkezes","status":"publish","type":"page","link":"https:\/\/janushotel.hu\/en\/elozetes-bejelentkezes\/","title":{"rendered":"El\u0151zetes bejelentkez\u00e9s"},"content":{"rendered":"<p><span style=\"font-size: 14pt;\">Kedves Vend\u00e9g\u00fcnk!<\/span><\/p>\n<p style=\"text-align: justify;\">\u00a0<\/p>\n<p style=\"text-align: justify;\"><span style=\"font-size: 14pt;\">Az al\u00e1bbi oldal kit\u00f6lt\u00e9s\u00e9vel lehet\u0151s\u00e9ge van on-line gyors\u00edtott bejelentkez\u00e9sre.<\/span><\/p>\n<p style=\"text-align: justify;\"><span style=\"font-size: 14pt;\"> T\u00f6ltse ki minden szem\u00e9lyre kiterjed\u0151en az \u0171rlapokat \u00e9s k\u00fcldje el \u0151ket.<br \/>\u00c9rkez\u00e9skor m\u00e1r nincs m\u00e1s dolga mint a megadott sorsz\u00e1m\u00fa f\u00e9nyk\u00e9pes igazolv\u00e1nyt bemutatni \u00e9s al\u00e1\u00edrni a lapokat melyeket koll\u00e9g\u00e1ink m\u00e1r el\u0151k\u00e9sz\u00edtenek \u00f6nnek. \u00cdgy gyorsabb\u00e1, egyszer\u0171bb\u00e9 teheti a bejelentkez\u00e9s\u00e9t \u00e9s hamarabb megkezdheti pihen\u00e9s\u00e9t sz\u00e1llod\u00e1nkban.<\/span><\/p>\n<p>&nbsp;<\/p>\n\n<div class=\"wpcf7 no-js\" id=\"wpcf7-f455-o1\" lang=\"hu-HU\" dir=\"ltr\">\n<div class=\"screen-reader-response\"><p role=\"status\" aria-live=\"polite\" aria-atomic=\"true\"><\/p> <ul><\/ul><\/div>\n<form action=\"\/en\/wp-json\/wp\/v2\/pages\/5001#wpcf7-f455-o1\" method=\"post\" class=\"wpcf7-form init\" aria-label=\"Kapcsolatfelv\u00e9teli \u0171rlap\" novalidate=\"novalidate\" data-status=\"init\">\n<div style=\"display: none;\">\n<input type=\"hidden\" name=\"_wpcf7\" value=\"455\" \/>\n<input type=\"hidden\" name=\"_wpcf7_version\" value=\"5.8.4\" \/>\n<input type=\"hidden\" name=\"_wpcf7_locale\" value=\"hu_HU\" \/>\n<input type=\"hidden\" name=\"_wpcf7_unit_tag\" value=\"wpcf7-f455-o1\" \/>\n<input type=\"hidden\" name=\"_wpcf7_container_post\" value=\"0\" \/>\n<input type=\"hidden\" name=\"_wpcf7_posted_data_hash\" value=\"\" \/>\n<input type=\"hidden\" name=\"_wpcf7_recaptcha_response\" value=\"\" \/>\n<\/div>\n<div id=\"bejelentkezesform\">\n\t<div class=\"col-md-6\">\n\t\t<p>\u00c9rkez\u00e9s:<span class=\"wpcf7-form-control-wrap\" data-name=\"your-erkez\"><input size=\"40\" class=\"wpcf7-form-control wpcf7-text wpcf7-validates-as-required\" aria-required=\"true\" aria-invalid=\"false\" placeholder=\"K\u00e9rj\u00fck adja meg \u00e9rkez\u00e9si d\u00e1tum\u00e1t\" value=\"\" type=\"text\" name=\"your-erkez\" \/><\/span>\n\t\t<\/p>\n\t<\/div>\n\t<div class=\"col-md-6\">\n\t\t<p>T\u00e1voz\u00e1s:<span class=\"wpcf7-form-control-wrap\" data-name=\"your-tavoz\"><input size=\"40\" class=\"wpcf7-form-control wpcf7-text wpcf7-validates-as-required\" aria-required=\"true\" aria-invalid=\"false\" placeholder=\"K\u00e9rj\u00fck adja meg t\u00e1voz\u00e1si d\u00e1tum\u00e1t\" value=\"\" type=\"text\" name=\"your-tavoz\" \/><\/span>\n\t\t<\/p>\n\t<\/div>\n\t<div class=\"col-md-12\">\n\t<\/div>\n\t<div class=\"col-md-6\">\n\t\t<p>Csal\u00e1dn\u00e9v:<span class=\"wpcf7-form-control-wrap\" data-name=\"your-name1\"><input size=\"40\" class=\"wpcf7-form-control wpcf7-text wpcf7-validates-as-required\" aria-required=\"true\" aria-invalid=\"false\" placeholder=\"Vezet\u00e9kn\u00e9v\" value=\"\" type=\"text\" name=\"your-name1\" \/><\/span>\n\t\t<\/p>\n\t<\/div>\n\t<div class=\"col-md-6\">\n\t\t<p>Keresztn\u00e9v:<span class=\"wpcf7-form-control-wrap\" data-name=\"your-name2\"><input size=\"40\" class=\"wpcf7-form-control wpcf7-text wpcf7-validates-as-required\" aria-required=\"true\" aria-invalid=\"false\" placeholder=\"Keresztn\u00e9v\" value=\"\" type=\"text\" name=\"your-name2\" \/><\/span>\n\t\t<\/p>\n\t<\/div>\n\t<div class=\"col-md-6\">\n\t\t<p>Email c\u00edm:<span class=\"wpcf7-form-control-wrap\" data-name=\"your-email\"><input size=\"40\" class=\"wpcf7-form-control wpcf7-email wpcf7-validates-as-required wpcf7-text wpcf7-validates-as-email\" aria-required=\"true\" aria-invalid=\"false\" placeholder=\"E-mail\" value=\"\" type=\"email\" name=\"your-email\" \/><\/span>\n\t\t<\/p>\n\t<\/div>\n\t<div class=\"col-md-6\">\n\t\t<p>Telefon:<span class=\"wpcf7-form-control-wrap\" data-name=\"telefon\"><input size=\"40\" class=\"wpcf7-form-control wpcf7-text wpcf7-validates-as-required\" aria-required=\"true\" aria-invalid=\"false\" placeholder=\"06-30 123 4567\" value=\"\" type=\"text\" name=\"telefon\" \/><\/span>\n\t\t<\/p>\n\t<\/div>\n\t<div class=\"col-md-6\">\n\t\t<p>Sz\u00fclet\u00e9si hely:<span class=\"wpcf7-form-control-wrap\" data-name=\"szuletesi_hely\"><input size=\"40\" class=\"wpcf7-form-control wpcf7-text wpcf7-validates-as-required\" aria-required=\"true\" aria-invalid=\"false\" placeholder=\"Budapest\" value=\"\" type=\"text\" name=\"szuletesi_hely\" \/><\/span>\n\t\t<\/p>\n\t<\/div>\n\t<div class=\"col-md-6\">\n\t\t<p>Sz\u00fclet\u00e9si d\u00e1tum:<span class=\"wpcf7-form-control-wrap\" data-name=\"szuletesi_datum\"><input size=\"40\" class=\"wpcf7-form-control wpcf7-text wpcf7-validates-as-required\" aria-required=\"true\" aria-invalid=\"false\" placeholder=\"1900-01-01\" value=\"\" type=\"text\" name=\"szuletesi_datum\" \/><\/span>\n\t\t<\/p>\n\t<\/div>\n\t<div class=\"col-md-6\">\n\t\t<p>Nemzetis\u00e9g:<span class=\"wpcf7-form-control-wrap\" data-name=\"nemzetiseg\"><input size=\"40\" class=\"wpcf7-form-control wpcf7-text\" aria-invalid=\"false\" placeholder=\"magyar\" value=\"\" type=\"text\" name=\"nemzetiseg\" \/><\/span>\n\t\t<\/p>\n\t<\/div>\n\t<div class=\"col-md-6\">\n\t\t<p>Szem\u00e9lyi igazolv\u00e1ny sz\u00e1m:<span class=\"wpcf7-form-control-wrap\" data-name=\"szemelyi_igazolvany_szam\"><input size=\"40\" class=\"wpcf7-form-control wpcf7-text wpcf7-validates-as-required\" aria-required=\"true\" aria-invalid=\"false\" placeholder=\"123456LA\" value=\"\" type=\"text\" name=\"szemelyi_igazolvany_szam\" \/><\/span>\n\t\t<\/p>\n\t<\/div>\n\t<div class=\"col-md-12\">\n\t\t<p>Lakc\u00edm:<span class=\"wpcf7-form-control-wrap\" data-name=\"lakcim\"><input size=\"40\" class=\"wpcf7-form-control wpcf7-text\" aria-invalid=\"false\" placeholder=\"8600 Si\u00f3fok, F\u0151 u. 93-95.\" value=\"\" type=\"text\" name=\"lakcim\" \/><\/span>\n\t\t<\/p>\n\t<\/div>\n\t<div class=\"col-md-12\">\n\t\t<p>Amennyiben szeretne \u00e9rtes\u00fclni akci\u00f3inkr\u00f3l adja meg e-mail c\u00edm\u00e9t<br \/>\n<span class=\"wpcf7-form-control-wrap\" data-name=\"email_hirlevelre\"><input size=\"40\" class=\"wpcf7-form-control wpcf7-text\" aria-invalid=\"false\" placeholder=\"E-mail\" value=\"\" type=\"text\" name=\"email_hirlevelre\" \/><\/span>\n\t\t<\/p>\n\t<\/div>\n\t<div class=\"col-md-6\">\n\t\t<p>Aut\u00f3rendsz\u00e1ma:<span class=\"wpcf7-form-control-wrap\" data-name=\"rendszam\"><input size=\"40\" class=\"wpcf7-form-control wpcf7-text\" aria-invalid=\"false\" placeholder=\"ABC-123\" value=\"\" type=\"text\" name=\"rendszam\" \/><\/span>\n\t\t<\/p>\n\t<\/div>\n\t<div class=\"col-md-6\">\n\t\t<p>Aut\u00f3t\u00edpus:<span class=\"wpcf7-form-control-wrap\" data-name=\"auto_tipus\"><input size=\"40\" class=\"wpcf7-form-control wpcf7-text\" aria-invalid=\"false\" placeholder=\"T\u00edpus\" value=\"\" type=\"text\" name=\"auto_tipus\" \/><\/span>\n\t\t<\/p>\n\t<\/div>\n\t<div class=\"col-md-12\">\n\t\t<p><span class=\"wpcf7-form-control-wrap\" data-name=\"elfogad\"><span class=\"wpcf7-form-control wpcf7-acceptance\"><span class=\"wpcf7-list-item\"><input type=\"checkbox\" name=\"elfogad\" value=\"1\" aria-invalid=\"false\" \/><\/span><\/span><\/span>Elfogadom a hotel<a target=\"_blank\" href=\"https:\/\/janushotel.hu\/aszf\/\"> h\u00e1zirendj\u00e9t<\/a>.\n\t\t<\/p>\n\t<\/div>\n\t<div class=\"col-md-12\">\n\t\t<p><input class=\"wpcf7-form-control wpcf7-submit has-spinner\" type=\"submit\" value=\"K\u00fcld\u00e9s\" \/>\n\t\t<\/p>\n\t<\/div>\n<\/div><div class=\"wpcf7-response-output\" aria-hidden=\"true\"><\/div>\n<\/form>\n<\/div>\n\n","protected":false},"excerpt":{"rendered":"<p>Kedves Vend\u00e9g\u00fcnk! \u00a0 Az al\u00e1bbi oldal kit\u00f6lt\u00e9s\u00e9vel lehet\u0151s\u00e9ge van on-line gyors\u00edtott bejelentkez\u00e9sre. T\u00f6ltse ki minden szem\u00e9lyre kiterjed\u0151en az \u0171rlapokat \u00e9s k\u00fcldje el \u0151ket.\u00c9rkez\u00e9skor m\u00e1r nincs m\u00e1s dolga mint a megadott sorsz\u00e1m\u00fa f\u00e9nyk\u00e9pes igazolv\u00e1nyt bemutatni \u00e9s al\u00e1\u00edrni a lapokat melyeket koll\u00e9g\u00e1ink m\u00e1r el\u0151k\u00e9sz\u00edtenek \u00f6nnek. \u00cdgy gyorsabb\u00e1, egyszer\u0171bb\u00e9 teheti a bejelentkez\u00e9s\u00e9t \u00e9s hamarabb megkezdheti pihen\u00e9s\u00e9t sz\u00e1llod\u00e1nkban. &nbsp;<\/p>\n","protected":false},"author":1,"featured_media":0,"parent":0,"menu_order":0,"comment_status":"closed","ping_status":"closed","template":"templates\/template-full.php","meta":[],"acf":[],"yoast_head":"<!-- This site is optimized with the Yoast SEO plugin v21.6 - https:\/\/yoast.com\/wordpress\/plugins\/seo\/ -->\n<title>El\u0151zetes bejelentkez\u00e9s - Janus Hotel<\/title>\n<meta name=\"robots\" content=\"index, follow, max-snippet:-1, max-image-preview:large, max-video-preview:-1\" \/>\n<link rel=\"canonical\" href=\"https:\/\/janushotel.hu\/en\/elozetes-bejelentkezes\/\" \/>\n<meta property=\"og:locale\" content=\"en_US\" \/>\n<meta property=\"og:type\" content=\"article\" \/>\n<meta property=\"og:title\" content=\"El\u0151zetes bejelentkez\u00e9s - Janus Hotel\" \/>\n<meta property=\"og:description\" content=\"Kedves Vend\u00e9g\u00fcnk! \u00a0 Az al\u00e1bbi oldal kit\u00f6lt\u00e9s\u00e9vel lehet\u0151s\u00e9ge van on-line gyors\u00edtott bejelentkez\u00e9sre. T\u00f6ltse ki minden szem\u00e9lyre kiterjed\u0151en az \u0171rlapokat \u00e9s k\u00fcldje el \u0151ket.\u00c9rkez\u00e9skor m\u00e1r nincs m\u00e1s dolga mint a megadott sorsz\u00e1m\u00fa f\u00e9nyk\u00e9pes igazolv\u00e1nyt bemutatni \u00e9s al\u00e1\u00edrni a lapokat melyeket koll\u00e9g\u00e1ink m\u00e1r el\u0151k\u00e9sz\u00edtenek \u00f6nnek. \u00cdgy gyorsabb\u00e1, egyszer\u0171bb\u00e9 teheti a bejelentkez\u00e9s\u00e9t \u00e9s hamarabb megkezdheti pihen\u00e9s\u00e9t sz\u00e1llod\u00e1nkban. &nbsp;\" \/>\n<meta property=\"og:url\" content=\"https:\/\/janushotel.hu\/en\/elozetes-bejelentkezes\/\" \/>\n<meta property=\"og:site_name\" content=\"Janus Hotel\" \/>\n<meta property=\"article:modified_time\" content=\"2022-08-05T13:54:47+00:00\" \/>\n<meta name=\"twitter:card\" content=\"summary_large_image\" \/>\n<meta name=\"twitter:label1\" content=\"Est. reading time\" \/>\n\t<meta name=\"twitter:data1\" content=\"1 minute\" \/>\n<script type=\"application\/ld+json\" class=\"yoast-schema-graph\">{\"@context\":\"https:\/\/schema.org\",\"@graph\":[{\"@type\":\"WebPage\",\"@id\":\"https:\/\/janushotel.hu\/en\/elozetes-bejelentkezes\/\",\"url\":\"https:\/\/janushotel.hu\/en\/elozetes-bejelentkezes\/\",\"name\":\"El\u0151zetes bejelentkez\u00e9s - Janus Hotel\",\"isPartOf\":{\"@id\":\"https:\/\/janushotel.hu\/#website\"},\"datePublished\":\"2015-12-03T10:34:05+00:00\",\"dateModified\":\"2022-08-05T13:54:47+00:00\",\"breadcrumb\":{\"@id\":\"https:\/\/janushotel.hu\/en\/elozetes-bejelentkezes\/#breadcrumb\"},\"inLanguage\":\"en-US\",\"potentialAction\":[{\"@type\":\"ReadAction\",\"target\":[\"https:\/\/janushotel.hu\/en\/elozetes-bejelentkezes\/\"]}]},{\"@type\":\"BreadcrumbList\",\"@id\":\"https:\/\/janushotel.hu\/en\/elozetes-bejelentkezes\/#breadcrumb\",\"itemListElement\":[{\"@type\":\"ListItem\",\"position\":1,\"name\":\"Kezd\u0151lap\",\"item\":\"https:\/\/janushotel.hu\/en\/\"},{\"@type\":\"ListItem\",\"position\":2,\"name\":\"El\u0151zetes bejelentkez\u00e9s\"}]},{\"@type\":\"WebSite\",\"@id\":\"https:\/\/janushotel.hu\/#website\",\"url\":\"https:\/\/janushotel.hu\/\",\"name\":\"Janus Hotel\",\"description\":\"\",\"potentialAction\":[{\"@type\":\"SearchAction\",\"target\":{\"@type\":\"EntryPoint\",\"urlTemplate\":\"https:\/\/janushotel.hu\/?s={search_term_string}\"},\"query-input\":\"required name=search_term_string\"}],\"inLanguage\":\"en-US\"}]}<\/script>\n<!-- \/ Yoast SEO plugin. -->","yoast_head_json":{"title":"El\u0151zetes bejelentkez\u00e9s - Janus Hotel","robots":{"index":"index","follow":"follow","max-snippet":"max-snippet:-1","max-image-preview":"max-image-preview:large","max-video-preview":"max-video-preview:-1"},"canonical":"https:\/\/janushotel.hu\/en\/elozetes-bejelentkezes\/","og_locale":"en_US","og_type":"article","og_title":"El\u0151zetes bejelentkez\u00e9s - Janus Hotel","og_description":"Kedves Vend\u00e9g\u00fcnk! \u00a0 Az al\u00e1bbi oldal kit\u00f6lt\u00e9s\u00e9vel lehet\u0151s\u00e9ge van on-line gyors\u00edtott bejelentkez\u00e9sre. T\u00f6ltse ki minden szem\u00e9lyre kiterjed\u0151en az \u0171rlapokat \u00e9s k\u00fcldje el \u0151ket.\u00c9rkez\u00e9skor m\u00e1r nincs m\u00e1s dolga mint a megadott sorsz\u00e1m\u00fa f\u00e9nyk\u00e9pes igazolv\u00e1nyt bemutatni \u00e9s al\u00e1\u00edrni a lapokat melyeket koll\u00e9g\u00e1ink m\u00e1r el\u0151k\u00e9sz\u00edtenek \u00f6nnek. \u00cdgy gyorsabb\u00e1, egyszer\u0171bb\u00e9 teheti a bejelentkez\u00e9s\u00e9t \u00e9s hamarabb megkezdheti pihen\u00e9s\u00e9t sz\u00e1llod\u00e1nkban. &nbsp;","og_url":"https:\/\/janushotel.hu\/en\/elozetes-bejelentkezes\/","og_site_name":"Janus Hotel","article_modified_time":"2022-08-05T13:54:47+00:00","twitter_card":"summary_large_image","twitter_misc":{"Est. reading time":"1 minute"},"schema":{"@context":"https:\/\/schema.org","@graph":[{"@type":"WebPage","@id":"https:\/\/janushotel.hu\/en\/elozetes-bejelentkezes\/","url":"https:\/\/janushotel.hu\/en\/elozetes-bejelentkezes\/","name":"El\u0151zetes bejelentkez\u00e9s - Janus Hotel","isPartOf":{"@id":"https:\/\/janushotel.hu\/#website"},"datePublished":"2015-12-03T10:34:05+00:00","dateModified":"2022-08-05T13:54:47+00:00","breadcrumb":{"@id":"https:\/\/janushotel.hu\/en\/elozetes-bejelentkezes\/#breadcrumb"},"inLanguage":"en-US","potentialAction":[{"@type":"ReadAction","target":["https:\/\/janushotel.hu\/en\/elozetes-bejelentkezes\/"]}]},{"@type":"BreadcrumbList","@id":"https:\/\/janushotel.hu\/en\/elozetes-bejelentkezes\/#breadcrumb","itemListElement":[{"@type":"ListItem","position":1,"name":"Kezd\u0151lap","item":"https:\/\/janushotel.hu\/en\/"},{"@type":"ListItem","position":2,"name":"El\u0151zetes bejelentkez\u00e9s"}]},{"@type":"WebSite","@id":"https:\/\/janushotel.hu\/#website","url":"https:\/\/janushotel.hu\/","name":"Janus Hotel","description":"","potentialAction":[{"@type":"SearchAction","target":{"@type":"EntryPoint","urlTemplate":"https:\/\/janushotel.hu\/?s={search_term_string}"},"query-input":"required name=search_term_string"}],"inLanguage":"en-US"}]}},"_links":{"self":[{"href":"https:\/\/janushotel.hu\/en\/wp-json\/wp\/v2\/pages\/5001"}],"collection":[{"href":"https:\/\/janushotel.hu\/en\/wp-json\/wp\/v2\/pages"}],"about":[{"href":"https:\/\/janushotel.hu\/en\/wp-json\/wp\/v2\/types\/page"}],"author":[{"embeddable":true,"href":"https:\/\/janushotel.hu\/en\/wp-json\/wp\/v2\/users\/1"}],"replies":[{"embeddable":true,"href":"https:\/\/janushotel.hu\/en\/wp-json\/wp\/v2\/comments?post=5001"}],"version-history":[{"count":1,"href":"https:\/\/janushotel.hu\/en\/wp-json\/wp\/v2\/pages\/5001\/revisions"}],"predecessor-version":[{"id":7766,"href":"https:\/\/janushotel.hu\/en\/wp-json\/wp\/v2\/pages\/5001\/revisions\/7766"}],"wp:attachment":[{"href":"https:\/\/janushotel.hu\/en\/wp-json\/wp\/v2\/media?parent=5001"}],"curies":[{"name":"wp","href":"https:\/\/api.w.org\/{rel}","templated":true}]}}