{"id":4965,"date":"2015-11-05T09:59:05","date_gmt":"2015-11-05T09:59:05","guid":{"rendered":"https:\/\/janushotel.wptar.hu\/welcome-to-our-official-website\/"},"modified":"2023-01-31T10:43:13","modified_gmt":"2023-01-31T10:43:13","slug":"welcome-to-our-official-website","status":"publish","type":"page","link":"https:\/\/janushotel.hu\/en\/","title":{"rendered":"Welcome to our official website!"},"content":{"rendered":"<p><strong>Dear guests! We have openned the reservations, and waiting for your arrival starting from may the 26th. Be among the first to reserve! Let yourself enjoy our wide variety of high standard services this year aswell!<\/strong><\/p>\n<p><img decoding=\"async\" loading=\"lazy\" class=\"aligncenter size-full wp-image-9021\" src=\"https:\/\/janushotel.hu\/wp-content\/uploads\/2023\/01\/janusnyitasposzten-scaled.jpg\" alt=\"\" width=\"1698\" height=\"1920\" srcset=\"https:\/\/janushotel.hu\/wp-content\/uploads\/2023\/01\/janusnyitasposzten-scaled.jpg 1698w, https:\/\/janushotel.hu\/wp-content\/uploads\/2023\/01\/janusnyitasposzten-265x300.jpg 265w, https:\/\/janushotel.hu\/wp-content\/uploads\/2023\/01\/janusnyitasposzten-906x1024.jpg 906w, https:\/\/janushotel.hu\/wp-content\/uploads\/2023\/01\/janusnyitasposzten-768x868.jpg 768w, https:\/\/janushotel.hu\/wp-content\/uploads\/2023\/01\/janusnyitasposzten-1359x1536.jpg 1359w, https:\/\/janushotel.hu\/wp-content\/uploads\/2023\/01\/janusnyitasposzten-1811x2048.jpg 1811w\" sizes=\"(max-width: 1698px) 100vw, 1698px\" \/><\/p>\n<h1 style=\"text-align: center;\"><\/h1>\n<div class=\"m8h3af8h l7ghb35v kjdc1dyq kmwttqpk gh25dzvf n3t5jt4f\"><\/div>\n<div class=\"l7ghb35v kjdc1dyq kmwttqpk gh25dzvf jikcssrz n3t5jt4f\">\n<div dir=\"auto\" style=\"text-align: center;\"><\/div>\n<\/div>\n<h1 style=\"text-align: center;\"><strong>Reservation is possible through our online booking system or email or <\/strong><strong>phone <a href=\"tel:+36305006315\">+36 30 5006315<\/a><\/strong><\/h1>\n<h1 style=\"text-align: center;\"><img decoding=\"async\" loading=\"lazy\" class=\"aligncenter\" style=\"font-size: inherit; text-align: justify;\" src=\"https:\/\/janushotel.hu\/wp-content\/uploads\/2015\/11\/Best-price1.jpg\" alt=\"\" width=\"185\" height=\"169\" \/><\/h1>\n<p style=\"text-align: center;\">BEST PRICE GUARANTEED!<\/p>\n<p style=\"text-align: center;\"><span style=\"font-size: 14pt;\"><strong>In case of direct booking at our website 5-10% discount is guaranteed!<\/strong><\/span><\/p>\n<p style=\"text-align: center;\"><span style=\"font-size: 12pt;\">In case you have found a better price, compared to the one at our website, inform us, and we provide that price. Please send us the link of website (URL) or the photo of screen to demonstrate the lower price.<\/span><\/p>\n<p style=\"text-align: center;\">\u00a0\u00a0<a href=\"https:\/\/janushotel.hu\/wp-content\/uploads\/2016\/02\/hotelstars1-300x200.jpg\" rel=\"lightbox-0\"><img decoding=\"async\" loading=\"lazy\" class=\"size-medium wp-image-5316 aligncenter\" src=\"https:\/\/janushotel.hu\/wp-content\/uploads\/2016\/02\/hotelstars1-300x200.jpg\" alt=\"hotelstars1\" width=\"300\" height=\"200\" srcset=\"https:\/\/janushotel.hu\/wp-content\/uploads\/2016\/02\/hotelstars1-300x200.jpg 300w, https:\/\/janushotel.hu\/wp-content\/uploads\/2016\/02\/hotelstars1-272x182.jpg 272w, https:\/\/janushotel.hu\/wp-content\/uploads\/2016\/02\/hotelstars1.jpg 923w\" sizes=\"(max-width: 300px) 100vw, 300px\" \/><\/a><\/p>\n<p style=\"text-align: justify;\">\u00a0<span style=\"font-weight: 400;\">This traditional, familiy atmosphered hotel can be found in the heart of the city &#8211; close to everything &#8211; on the old Main street of Si\u00f3fok. The train station is 100 m away, the city centre along with the Water Tower, restaurants, and the Si\u00f3 mall are just 200 metres away! Si\u00f3fok&#8217;s Main beach is also close by, in a 10 minutes of walking distance.<\/span><\/p>\n<p style=\"text-align: justify;\"><span style=\"font-weight: 400;\">The building complex came into existence with integrating an old evangelic chapel and a school together in 1993, by the plans of Imre Makovecz. This is the only recognized hotel plan of the famous architect. Later, between 2004 and 2015 a new concept came and the hotel recieved a new enterior. A unique design had been created, all of the rooms have different styles and decors. This is the only boutique-hotel in Hungary where all the rooms aare different from each other.<\/span><\/p>\n<p style=\"text-align: justify;\"><span style=\"font-weight: 400;\">The house is family atmosphered, SPA facility has evolved into a roman and an old egyptian style. Everything can be found here, which is necessary for the active recreation and relaxation: swimming pool, sauna, infra-sauna, whirlpool, gym, aroma chamber, solarium and steam chamber. Of course there is a possibility to have massage and cosmetic treatments aswell or paid privat usage of the Jacuzzi with champagne and sweetplates.<\/span><\/p>\n<p style=\"text-align: justify;\">The combination of the open-air and the glassroofed atriums, design rooms, SPA facilitiy and wellness services makes the days spent here a unique experience.<\/p>\n<p style=\"text-align: justify;\"><span style=\"font-weight: 400;\">The hotel is non-smoking and <strong>do not allow pets<\/strong>. Vehicles can be parked in the open-air, but closed parking lot.<\/span><\/p>\n<p><iframe loading=\"lazy\" src=\"https:\/\/www.youtube.com\/embed\/dYRk2Ii1Sto\" width=\"560\" height=\"315\" frameborder=\"0\" allowfullscreen=\"allowfullscreen\"><\/iframe><\/p>\n<p>We pay special attention to keeping our rooms clean so all of our guests receive fresh and disinfected rooms. Our cleaning staff use antibacterial disinfectants and after cleaning we also perform ozone generator air disinfection in the room (it takes about 40 minutes). Due to its gas state, ozone can easily reach any surface in the room, it can reach the fabric of mattresses, curtains, carpets and couches. It stops the parasites, viruses and bacteria from spreading. Unfortunately, this process will slightly increase the cleaning time, but it is definitely worth it to protect your health and safety!<\/p>\n<p><img decoding=\"async\" loading=\"lazy\" class=\"wp-image-7378 aligncenter\" src=\"https:\/\/janushotel.hu\/wp-content\/uploads\/2020\/02\/szalodai_ozone_silver4000.jpg\" alt=\"\" width=\"756\" height=\"293\" srcset=\"https:\/\/janushotel.hu\/wp-content\/uploads\/2020\/02\/szalodai_ozone_silver4000.jpg 3378w, https:\/\/janushotel.hu\/wp-content\/uploads\/2020\/02\/szalodai_ozone_silver4000-300x117.jpg 300w, https:\/\/janushotel.hu\/wp-content\/uploads\/2020\/02\/szalodai_ozone_silver4000-768x298.jpg 768w, https:\/\/janushotel.hu\/wp-content\/uploads\/2020\/02\/szalodai_ozone_silver4000-1024x398.jpg 1024w\" sizes=\"(max-width: 756px) 100vw, 756px\" \/><\/p>\n<div id=\"homefooterlogos\">\n<div class=\"homefooterlogos1\"><img decoding=\"async\" loading=\"lazy\" class=\"aligncenter wp-image-5471\" src=\"https:\/\/janushotel.hu\/wp-content\/uploads\/2015\/11\/Best-price1.jpg\" alt=\"\" width=\"110\" height=\"100\" \/><\/div>\n<div class=\"homefooterlogos2\"><a href=\"https:\/\/janushotel.hu\/rolunk#trip_velemeny\"><img decoding=\"async\" loading=\"lazy\" class=\"size-full wp-image-4588 aligncenter\" src=\"https:\/\/janushotel.hu\/wp-content\/uploads\/2015\/11\/small_Tripadvisor_kocka00.jpg\" alt=\"small_Tripadvisor_kocka00\" width=\"100\" height=\"100\" \/><\/a><\/div>\n<div class=\"homefooterlogos3\"><a href=\"https:\/\/janushotel.hu\/rolunk#szallas_velemeny\"><img decoding=\"async\" loading=\"lazy\" class=\"size-full wp-image-4586 aligncenter\" src=\"https:\/\/janushotel.hu\/wp-content\/uploads\/2015\/11\/small_Szallas_kocka0.jpg\" alt=\"small_Szallas_kocka0\" width=\"100\" height=\"100\" \/><\/a><\/div>\n<div class=\"homefooterlogos4\"><img decoding=\"async\" loading=\"lazy\" class=\"aligncenter wp-image-5909 size-full\" src=\"https:\/\/janushotel.hu\/wp-content\/uploads\/2018\/02\/bookin-pont-angol.jpg\" alt=\"\" width=\"150\" height=\"100\" \/><\/div>\n<\/div>\n","protected":false},"excerpt":{"rendered":"<p>Dear guests! We have openned the reservations, and waiting for your arrival starting from may the 26th. Be among the first to reserve! Let yourself enjoy our wide variety of high standard services this year aswell! Reservation is possible through our online booking system or email or phone +36 30 5006315 BEST PRICE GUARANTEED! In [&hellip;]<\/p>\n","protected":false},"author":1,"featured_media":0,"parent":0,"menu_order":0,"comment_status":"closed","ping_status":"closed","template":"","meta":[],"acf":[],"yoast_head":"<!-- This site is optimized with the Yoast SEO plugin v21.6 - https:\/\/yoast.com\/wordpress\/plugins\/seo\/ -->\n<title>Welcome to our official website! - Janus Hotel<\/title>\n<meta name=\"robots\" content=\"index, follow, max-snippet:-1, max-image-preview:large, max-video-preview:-1\" \/>\n<link rel=\"canonical\" href=\"https:\/\/janushotel.hu\/en\/\" \/>\n<meta property=\"og:locale\" content=\"en_US\" \/>\n<meta property=\"og:type\" content=\"article\" \/>\n<meta property=\"og:title\" content=\"Welcome to our official website! - Janus Hotel\" \/>\n<meta property=\"og:description\" content=\"Dear guests! We have openned the reservations, and waiting for your arrival starting from may the 26th. Be among the first to reserve! Let yourself enjoy our wide variety of high standard services this year aswell! Reservation is possible through our online booking system or email or phone +36 30 5006315 BEST PRICE GUARANTEED! In [&hellip;]\" \/>\n<meta property=\"og:url\" content=\"https:\/\/janushotel.hu\/en\/\" \/>\n<meta property=\"og:site_name\" content=\"Janus Hotel\" \/>\n<meta property=\"article:modified_time\" content=\"2023-01-31T10:43:13+00:00\" \/>\n<meta property=\"og:image\" content=\"https:\/\/janushotel.hu\/wp-content\/uploads\/2023\/01\/janusnyitasposzten-scaled.jpg\" \/>\n<meta name=\"twitter:card\" content=\"summary_large_image\" \/>\n<meta name=\"twitter:label1\" content=\"Est. reading time\" \/>\n\t<meta name=\"twitter:data1\" content=\"5 minutes\" \/>\n<script type=\"application\/ld+json\" class=\"yoast-schema-graph\">{\"@context\":\"https:\/\/schema.org\",\"@graph\":[{\"@type\":\"WebPage\",\"@id\":\"https:\/\/janushotel.hu\/en\/\",\"url\":\"https:\/\/janushotel.hu\/en\/\",\"name\":\"Welcome to our official website! - Janus Hotel\",\"isPartOf\":{\"@id\":\"https:\/\/janushotel.hu\/#website\"},\"datePublished\":\"2015-11-05T09:59:05+00:00\",\"dateModified\":\"2023-01-31T10:43:13+00:00\",\"breadcrumb\":{\"@id\":\"https:\/\/janushotel.hu\/en\/#breadcrumb\"},\"inLanguage\":\"en-US\",\"potentialAction\":[{\"@type\":\"ReadAction\",\"target\":[\"https:\/\/janushotel.hu\/en\/\"]}]},{\"@type\":\"BreadcrumbList\",\"@id\":\"https:\/\/janushotel.hu\/en\/#breadcrumb\",\"itemListElement\":[{\"@type\":\"ListItem\",\"position\":1,\"name\":\"Kezd\u0151lap\",\"item\":\"https:\/\/janushotel.hu\/en\/\"},{\"@type\":\"ListItem\",\"position\":2,\"name\":\"Welcome to our official website!\"}]},{\"@type\":\"WebSite\",\"@id\":\"https:\/\/janushotel.hu\/#website\",\"url\":\"https:\/\/janushotel.hu\/\",\"name\":\"Janus Hotel\",\"description\":\"\",\"potentialAction\":[{\"@type\":\"SearchAction\",\"target\":{\"@type\":\"EntryPoint\",\"urlTemplate\":\"https:\/\/janushotel.hu\/?s={search_term_string}\"},\"query-input\":\"required name=search_term_string\"}],\"inLanguage\":\"en-US\"}]}<\/script>\n<!-- \/ Yoast SEO plugin. -->","yoast_head_json":{"title":"Welcome to our official website! - Janus Hotel","robots":{"index":"index","follow":"follow","max-snippet":"max-snippet:-1","max-image-preview":"max-image-preview:large","max-video-preview":"max-video-preview:-1"},"canonical":"https:\/\/janushotel.hu\/en\/","og_locale":"en_US","og_type":"article","og_title":"Welcome to our official website! - Janus Hotel","og_description":"Dear guests! We have openned the reservations, and waiting for your arrival starting from may the 26th. Be among the first to reserve! Let yourself enjoy our wide variety of high standard services this year aswell! Reservation is possible through our online booking system or email or phone +36 30 5006315 BEST PRICE GUARANTEED! In [&hellip;]","og_url":"https:\/\/janushotel.hu\/en\/","og_site_name":"Janus Hotel","article_modified_time":"2023-01-31T10:43:13+00:00","og_image":[{"url":"https:\/\/janushotel.hu\/wp-content\/uploads\/2023\/01\/janusnyitasposzten-scaled.jpg"}],"twitter_card":"summary_large_image","twitter_misc":{"Est. reading time":"5 minutes"},"schema":{"@context":"https:\/\/schema.org","@graph":[{"@type":"WebPage","@id":"https:\/\/janushotel.hu\/en\/","url":"https:\/\/janushotel.hu\/en\/","name":"Welcome to our official website! - Janus Hotel","isPartOf":{"@id":"https:\/\/janushotel.hu\/#website"},"datePublished":"2015-11-05T09:59:05+00:00","dateModified":"2023-01-31T10:43:13+00:00","breadcrumb":{"@id":"https:\/\/janushotel.hu\/en\/#breadcrumb"},"inLanguage":"en-US","potentialAction":[{"@type":"ReadAction","target":["https:\/\/janushotel.hu\/en\/"]}]},{"@type":"BreadcrumbList","@id":"https:\/\/janushotel.hu\/en\/#breadcrumb","itemListElement":[{"@type":"ListItem","position":1,"name":"Kezd\u0151lap","item":"https:\/\/janushotel.hu\/en\/"},{"@type":"ListItem","position":2,"name":"Welcome to our official website!"}]},{"@type":"WebSite","@id":"https:\/\/janushotel.hu\/#website","url":"https:\/\/janushotel.hu\/","name":"Janus Hotel","description":"","potentialAction":[{"@type":"SearchAction","target":{"@type":"EntryPoint","urlTemplate":"https:\/\/janushotel.hu\/?s={search_term_string}"},"query-input":"required name=search_term_string"}],"inLanguage":"en-US"}]}},"_links":{"self":[{"href":"https:\/\/janushotel.hu\/en\/wp-json\/wp\/v2\/pages\/4965"}],"collection":[{"href":"https:\/\/janushotel.hu\/en\/wp-json\/wp\/v2\/pages"}],"about":[{"href":"https:\/\/janushotel.hu\/en\/wp-json\/wp\/v2\/types\/page"}],"author":[{"embeddable":true,"href":"https:\/\/janushotel.hu\/en\/wp-json\/wp\/v2\/users\/1"}],"replies":[{"embeddable":true,"href":"https:\/\/janushotel.hu\/en\/wp-json\/wp\/v2\/comments?post=4965"}],"version-history":[{"count":7,"href":"https:\/\/janushotel.hu\/en\/wp-json\/wp\/v2\/pages\/4965\/revisions"}],"predecessor-version":[{"id":9024,"href":"https:\/\/janushotel.hu\/en\/wp-json\/wp\/v2\/pages\/4965\/revisions\/9024"}],"wp:attachment":[{"href":"https:\/\/janushotel.hu\/en\/wp-json\/wp\/v2\/media?parent=4965"}],"curies":[{"name":"wp","href":"https:\/\/api.w.org\/{rel}","templated":true}]}}